{"id":29686,"date":"2025-10-09T06:19:29","date_gmt":"2025-10-09T06:19:29","guid":{"rendered":"https:\/\/forestry-parts.eu\/cookie-policy\/"},"modified":"2025-10-21T18:13:30","modified_gmt":"2025-10-21T18:13:30","slug":"cookie-policy","status":"publish","type":"page","link":"https:\/\/forestry-parts.eu\/es\/cookie-policy\/","title":{"rendered":"Pol\u00edtica de cookies"},"content":{"rendered":"\t\t<div data-elementor-type=\"wp-page\" data-elementor-id=\"29686\" class=\"elementor elementor-29686 elementor-29256\">\n\t\t\t\t<div class=\"elementor-element elementor-element-ebe2bb2 e-flex e-con-boxed e-con e-parent\" data-id=\"ebe2bb2\" data-element_type=\"container\" data-e-type=\"container\">\n\t\t\t\t\t<div class=\"e-con-inner\">\n\t\t\t\t<div class=\"elementor-element elementor-element-0caaac3 color-scheme-inherit text-left elementor-widget elementor-widget-text-editor\" data-id=\"0caaac3\" data-element_type=\"widget\" data-e-type=\"widget\" data-widget_type=\"text-editor.default\">\n\t\t\t\t\t\t\t\t\t<p>\u00daltima actualizaci\u00f3n: <strong data-start=\"50\" data-end=\"64\">10.09.2025<\/strong><\/p><h2 data-start=\"71\" data-end=\"105\">1. <strong data-start=\"78\" data-end=\"103\">\u00bfQu\u00e9 son las cookies?<\/strong><\/h2><p data-start=\"106\" data-end=\"274\">Las cookies son peque\u00f1os archivos que se almacenan en tu dispositivo para mejorar la funcionalidad, el rendimiento y la personalizaci\u00f3n de tu experiencia de navegaci\u00f3n.<\/p><hr data-start=\"276\" data-end=\"279\" \/><h2 data-start=\"281\" data-end=\"321\">\u00a0<\/h2><h2 data-start=\"281\" data-end=\"321\">2. <strong data-start=\"288\" data-end=\"319\">C\u00f3mo utilizamos las cookies<\/strong><\/h2><p data-start=\"322\" data-end=\"348\">Utilizamos cookies para:<\/p><ul data-start=\"349\" data-end=\"558\"><li data-start=\"349\" data-end=\"439\"><p data-start=\"351\" data-end=\"439\">Habilitar funciones esenciales del sitio (inicio de sesi\u00f3n, carrito, panel de control)<\/p><\/li><li data-start=\"440\" data-end=\"501\"><p data-start=\"442\" data-end=\"501\">Analizar el comportamiento de los visitantes y el tr\u00e1fico<\/p><\/li><li data-start=\"502\" data-end=\"558\"><p data-start=\"504\" data-end=\"558\">Personalizar el idioma, la moneda y las preferencias<\/p><\/li><\/ul><hr data-start=\"560\" data-end=\"563\" \/><h2 data-start=\"565\" data-end=\"600\">\u00a0<\/h2><h2 data-start=\"565\" data-end=\"600\">3. <strong data-start=\"572\" data-end=\"598\">Gesti\u00f3n de las cookies<\/strong><\/h2><p data-start=\"601\" data-end=\"760\">Puedes desactivar o gestionar las cookies desde la configuraci\u00f3n de tu navegador.<br data-start=\"682\" data-end=\"685\" \/>Sin embargo, algunas funciones pueden no funcionar correctamente sin ellas.<\/p><hr data-start=\"762\" data-end=\"765\" \/><h2 data-start=\"767\" data-end=\"799\">\u00a0<\/h2><h2 data-start=\"767\" data-end=\"799\">4. <strong data-start=\"774\" data-end=\"797\">Cookies de terceros<\/strong><\/h2><p data-start=\"800\" data-end=\"973\" data-is-last-node=\"\" data-is-only-node=\"\">Herramientas de an\u00e1lisis como <strong data-start=\"830\" data-end=\"850\">Google Analytics<\/strong> pueden establecer cookies para recopilar datos an\u00f3nimos.<br data-start=\"907\" data-end=\"910\" \/>Estos terceros operan bajo sus propias pol\u00edticas de privacidad.<\/p>\t\t\t\t\t\t\t\t<\/div>\n\t\t\t\t\t<\/div>\n\t\t\t\t<\/div>\n\t\t\t\t<\/div>\n\t\t","protected":false},"excerpt":{"rendered":"<p>\u00daltima actualizaci\u00f3n: 10.09.2025 1. \u00bfQu\u00e9 son las cookies? Las cookies son peque\u00f1os archivos que se almacenan en tu dispositivo para<\/p>\n","protected":false},"author":1,"featured_media":0,"parent":0,"menu_order":0,"comment_status":"closed","ping_status":"closed","template":"","meta":{"footnotes":""},"class_list":["post-29686","page","type-page","status-publish","hentry"],"_hostinger_reach_plugin_has_subscription_block":false,"_hostinger_reach_plugin_is_elementor":false,"_links":{"self":[{"href":"https:\/\/forestry-parts.eu\/es\/wp-json\/wp\/v2\/pages\/29686","targetHints":{"allow":["GET"]}}],"collection":[{"href":"https:\/\/forestry-parts.eu\/es\/wp-json\/wp\/v2\/pages"}],"about":[{"href":"https:\/\/forestry-parts.eu\/es\/wp-json\/wp\/v2\/types\/page"}],"author":[{"embeddable":true,"href":"https:\/\/forestry-parts.eu\/es\/wp-json\/wp\/v2\/users\/1"}],"replies":[{"embeddable":true,"href":"https:\/\/forestry-parts.eu\/es\/wp-json\/wp\/v2\/comments?post=29686"}],"version-history":[{"count":4,"href":"https:\/\/forestry-parts.eu\/es\/wp-json\/wp\/v2\/pages\/29686\/revisions"}],"predecessor-version":[{"id":29698,"href":"https:\/\/forestry-parts.eu\/es\/wp-json\/wp\/v2\/pages\/29686\/revisions\/29698"}],"wp:attachment":[{"href":"https:\/\/forestry-parts.eu\/es\/wp-json\/wp\/v2\/media?parent=29686"}],"curies":[{"name":"wp","href":"https:\/\/api.w.org\/{rel}","templated":true}]}}