{"id":29709,"date":"2025-10-09T06:16:41","date_gmt":"2025-10-09T06:16:41","guid":{"rendered":"https:\/\/forestry-parts.eu\/privacy-policy-2\/"},"modified":"2025-10-21T18:13:34","modified_gmt":"2025-10-21T18:13:34","slug":"privacy-policy-2","status":"publish","type":"page","link":"https:\/\/forestry-parts.eu\/es\/privacy-policy-2\/","title":{"rendered":"Pol\u00edtica de privacidad"},"content":{"rendered":"\t\t<div data-elementor-type=\"wp-page\" data-elementor-id=\"29709\" class=\"elementor elementor-29709 elementor-29251\">\n\t\t\t\t<div class=\"elementor-element elementor-element-daea2ce e-flex e-con-boxed e-con e-parent\" data-id=\"daea2ce\" data-element_type=\"container\" data-e-type=\"container\">\n\t\t\t\t\t<div class=\"e-con-inner\">\n\t\t\t\t<div class=\"elementor-element elementor-element-fe25d89 color-scheme-inherit text-left elementor-widget elementor-widget-text-editor\" data-id=\"fe25d89\" data-element_type=\"widget\" data-e-type=\"widget\" data-widget_type=\"text-editor.default\">\n\t\t\t\t\t\t\t\t\t<p data-start=\"3464\" data-end=\"3500\"><em><strong data-start=\"3464\" data-end=\"3500\">\u00daltima actualizaci\u00f3n: 10.09.2025<\/strong><\/em><\/p><h2 data-start=\"3502\" data-end=\"3527\">1. <strong data-start=\"3509\" data-end=\"3525\">Introducci\u00f3n<\/strong><\/h2><p data-start=\"3528\" data-end=\"3718\">Tu privacidad es importante para nosotros. Esta pol\u00edtica explica c\u00f3mo <strong data-start=\"3598\" data-end=\"3619\">forestry-parts.eu<\/strong> recopila, utiliza y protege tu informaci\u00f3n personal cuando utilizas nuestro sitio web y servicios.<\/p><h2 data-start=\"3720\" data-end=\"3760\">2. <strong data-start=\"3727\" data-end=\"3758\">Informaci\u00f3n que recopilamos<\/strong><\/h2><p data-start=\"3761\" data-end=\"3781\">Podemos recopilar:<\/p><ul data-start=\"3782\" data-end=\"4008\"><li data-start=\"3782\" data-end=\"3853\"><p data-start=\"3784\" data-end=\"3853\"><strong data-start=\"3784\" data-end=\"3804\">Datos de cuenta:<\/strong> nombre, empresa, datos de contacto y direcci\u00f3n<\/p><\/li><li data-start=\"3854\" data-end=\"3918\"><p data-start=\"3856\" data-end=\"3918\"><strong data-start=\"3856\" data-end=\"3881\">Datos de transacci\u00f3n:<\/strong> pedidos, pagos y detalles de env\u00edo<\/p><\/li><li data-start=\"3919\" data-end=\"4008\"><p data-start=\"3921\" data-end=\"4008\"><strong data-start=\"3921\" data-end=\"3940\">Datos t\u00e9cnicos:<\/strong> direcci\u00f3n IP, tipo de navegador e identificadores del dispositivo<\/p><\/li><\/ul><h2 data-start=\"4010\" data-end=\"4053\">3. <strong data-start=\"4017\" data-end=\"4051\">C\u00f3mo utilizamos tu informaci\u00f3n<\/strong><\/h2><p data-start=\"4054\" data-end=\"4090\">Usamos los datos recopilados para:<\/p><ul data-start=\"4091\" data-end=\"4316\"><li data-start=\"4091\" data-end=\"4137\"><p data-start=\"4093\" data-end=\"4137\">Procesar transacciones y gestionar cuentas<\/p><\/li><li data-start=\"4138\" data-end=\"4198\"><p data-start=\"4140\" data-end=\"4198\">Facilitar la comunicaci\u00f3n entre compradores y vendedores<\/p><\/li><li data-start=\"4199\" data-end=\"4258\"><p data-start=\"4201\" data-end=\"4258\">Mejorar nuestra plataforma y la experiencia del usuario<\/p><\/li><li data-start=\"4259\" data-end=\"4316\"><p data-start=\"4261\" data-end=\"4316\">Cumplir con las obligaciones legales y reglamentarias<\/p><\/li><\/ul><h2 data-start=\"4318\" data-end=\"4352\">4. <strong data-start=\"4325\" data-end=\"4350\">Compartici\u00f3n de datos<\/strong><\/h2><p data-start=\"4353\" data-end=\"4430\">Compartimos datos limitados con proveedores de servicios de confianza para:<\/p><ul data-start=\"4431\" data-end=\"4566\"><li data-start=\"4431\" data-end=\"4452\"><p data-start=\"4433\" data-end=\"4452\">Pagos y log\u00edstica<\/p><\/li><li data-start=\"4453\" data-end=\"4495\"><p data-start=\"4455\" data-end=\"4495\">An\u00e1lisis y seguimiento del rendimiento<\/p><\/li><li data-start=\"4496\" data-end=\"4566\"><p data-start=\"4498\" data-end=\"4566\">Comunicaci\u00f3n con los clientes<br data-start=\"4527\" data-end=\"4530\" \/>Nunca vendemos tus datos personales.<\/p><\/li><\/ul><h2 data-start=\"4568\" data-end=\"4615\">5. <strong data-start=\"4575\" data-end=\"4613\">Retenci\u00f3n y seguridad de los datos<\/strong><\/h2><p data-start=\"4616\" data-end=\"4831\">Tus datos se almacenan de forma segura y se conservan solo durante el tiempo necesario por motivos legales u operativos.<br data-start=\"4736\" data-end=\"4739\" \/>Utilizamos cifrado, controles de acceso y auditor\u00edas regulares para proteger tu informaci\u00f3n.<\/p><h2 data-start=\"4833\" data-end=\"4858\">6. <strong data-start=\"4840\" data-end=\"4856\">Tus derechos<\/strong><\/h2><p data-start=\"4859\" data-end=\"4982\">Puedes solicitar acceder, actualizar o eliminar tu informaci\u00f3n personal contactando a:<br data-start=\"4945\" data-end=\"4948\" \/>\ud83d\udce9 <strong data-start=\"4951\" data-end=\"4982\">[<a class=\"decorated-link cursor-pointer\" rel=\"noopener\">contact@forestry-parts.eu<\/a>]<\/strong><\/p>\t\t\t\t\t\t\t\t<\/div>\n\t\t\t\t\t<\/div>\n\t\t\t\t<\/div>\n\t\t\t\t<\/div>\n\t\t","protected":false},"excerpt":{"rendered":"<p>\u00daltima actualizaci\u00f3n: 10.09.2025 1. Introducci\u00f3n Tu privacidad es importante para nosotros. Esta pol\u00edtica explica c\u00f3mo forestry-parts.eu recopila, utiliza y protege<\/p>\n","protected":false},"author":1,"featured_media":0,"parent":0,"menu_order":0,"comment_status":"closed","ping_status":"closed","template":"","meta":{"footnotes":""},"class_list":["post-29709","page","type-page","status-publish","hentry"],"_hostinger_reach_plugin_has_subscription_block":false,"_hostinger_reach_plugin_is_elementor":false,"_links":{"self":[{"href":"https:\/\/forestry-parts.eu\/es\/wp-json\/wp\/v2\/pages\/29709","targetHints":{"allow":["GET"]}}],"collection":[{"href":"https:\/\/forestry-parts.eu\/es\/wp-json\/wp\/v2\/pages"}],"about":[{"href":"https:\/\/forestry-parts.eu\/es\/wp-json\/wp\/v2\/types\/page"}],"author":[{"embeddable":true,"href":"https:\/\/forestry-parts.eu\/es\/wp-json\/wp\/v2\/users\/1"}],"replies":[{"embeddable":true,"href":"https:\/\/forestry-parts.eu\/es\/wp-json\/wp\/v2\/comments?post=29709"}],"version-history":[{"count":7,"href":"https:\/\/forestry-parts.eu\/es\/wp-json\/wp\/v2\/pages\/29709\/revisions"}],"predecessor-version":[{"id":29724,"href":"https:\/\/forestry-parts.eu\/es\/wp-json\/wp\/v2\/pages\/29709\/revisions\/29724"}],"wp:attachment":[{"href":"https:\/\/forestry-parts.eu\/es\/wp-json\/wp\/v2\/media?parent=29709"}],"curies":[{"name":"wp","href":"https:\/\/api.w.org\/{rel}","templated":true}]}}