{"id":29735,"date":"2025-10-09T06:21:12","date_gmt":"2025-10-09T06:21:12","guid":{"rendered":"https:\/\/forestry-parts.eu\/shipping-delivery-policy\/"},"modified":"2025-10-21T18:13:15","modified_gmt":"2025-10-21T18:13:15","slug":"shipping-delivery-policy","status":"publish","type":"page","link":"https:\/\/forestry-parts.eu\/es\/shipping-delivery-policy\/","title":{"rendered":"Env\u00edo y entrega"},"content":{"rendered":"\t\t<div data-elementor-type=\"wp-page\" data-elementor-id=\"29735\" class=\"elementor elementor-29735 elementor-29261\">\n\t\t\t\t<div class=\"elementor-element elementor-element-8694c9a e-flex e-con-boxed e-con e-parent\" data-id=\"8694c9a\" data-element_type=\"container\" data-e-type=\"container\">\n\t\t\t\t\t<div class=\"e-con-inner\">\n\t\t\t\t<div class=\"elementor-element elementor-element-0b9f06f color-scheme-inherit text-left elementor-widget elementor-widget-text-editor\" data-id=\"0b9f06f\" data-element_type=\"widget\" data-e-type=\"widget\" data-widget_type=\"text-editor.default\">\n\t\t\t\t\t\t\t\t\t<p data-start=\"3564\" data-end=\"3600\"><em><strong data-start=\"3564\" data-end=\"3600\">\u00daltima actualizaci\u00f3n: 10.09.2025<\/strong><\/em><\/p><h2 data-start=\"3602\" data-end=\"3622\">1. <strong data-start=\"3609\" data-end=\"3620\">Resumen<\/strong><\/h2><p data-start=\"3623\" data-end=\"3844\">El env\u00edo y la entrega en <strong data-start=\"3648\" data-end=\"3669\">forestry-parts.eu<\/strong> son gestionados directamente por cada vendedor.<br data-start=\"3717\" data-end=\"3720\" \/>Como somos un marketplace multi-vendedor, los costos de env\u00edo, transportistas y tiempos de entrega var\u00edan seg\u00fan el vendedor.<\/p><h2 data-start=\"3846\" data-end=\"3889\">2. <strong data-start=\"3853\" data-end=\"3887\">Responsabilidades del vendedor<\/strong><\/h2><p data-start=\"3890\" data-end=\"3924\">Cada vendedor es responsable de:<\/p><ul data-start=\"3925\" data-end=\"4093\"><li data-start=\"3925\" data-end=\"3965\"><p data-start=\"3927\" data-end=\"3965\">Establecer tarifas y plazos de env\u00edo<\/p><\/li><li data-start=\"3966\" data-end=\"4027\"><p data-start=\"3968\" data-end=\"4027\">Proporcionar informaci\u00f3n precisa de seguimiento y entrega<\/p><\/li><li data-start=\"4028\" data-end=\"4093\"><p data-start=\"4030\" data-end=\"4093\">Cumplir con las normativas locales e internacionales de env\u00edo<\/p><\/li><\/ul><p data-start=\"4095\" data-end=\"4211\">Se anima a los compradores a revisar los detalles de env\u00edo espec\u00edficos de cada vendedor antes de realizar un pedido.<\/p><h2 data-start=\"4213\" data-end=\"4254\">3. <strong data-start=\"4220\" data-end=\"4252\">Tiempos estimados de entrega<\/strong><\/h2><p data-start=\"4255\" data-end=\"4483\">Los tiempos de entrega que se muestran en las p\u00e1ginas de productos son solo estimaciones y pueden variar seg\u00fan el tipo de producto, el destino y los tr\u00e1mites aduaneros.<br data-start=\"4423\" data-end=\"4426\" \/><strong data-start=\"4426\" data-end=\"4447\">forestry-parts.eu<\/strong> no garantiza las fechas de entrega.<\/p><h2 data-start=\"4485\" data-end=\"4517\">4. <strong data-start=\"4492\" data-end=\"4515\">Env\u00edo internacional<\/strong><\/h2><p data-start=\"4518\" data-end=\"4720\">Para pedidos internacionales, pueden aplicarse aranceles adicionales, impuestos de importaci\u00f3n o tarifas aduaneras.<br data-start=\"4633\" data-end=\"4636\" \/>Estos son responsabilidad del comprador, salvo que el vendedor indique lo contrario.<\/p><h2 data-start=\"4722\" data-end=\"4754\">5. <strong data-start=\"4729\" data-end=\"4752\">Retrasos y disputas<\/strong><\/h2><p data-start=\"4755\" data-end=\"4998\">Como plataforma intermediaria, <strong data-start=\"4786\" data-end=\"4807\">forestry-parts.eu<\/strong> no es directamente responsable de retrasos en el env\u00edo, da\u00f1os o paquetes perdidos.<br data-start=\"4890\" data-end=\"4893\" \/>En estos casos, los compradores deben contactar directamente al vendedor a trav\u00e9s de su panel de pedidos.<\/p><h2 data-start=\"5000\" data-end=\"5030\">6. <strong data-start=\"5007\" data-end=\"5028\">\u00bfNecesitas ayuda?<\/strong><\/h2><p data-start=\"5031\" data-end=\"5148\">Para asistencia con pedidos o disputas, contacta a nuestro equipo de soporte en:<br data-start=\"5111\" data-end=\"5114\" \/>\ud83d\udce9 <strong data-start=\"5117\" data-end=\"5148\">[<a class=\"decorated-link cursor-pointer\" rel=\"noopener\">contact@forestry-parts.eu<\/a>]<\/strong><\/p>\t\t\t\t\t\t\t\t<\/div>\n\t\t\t\t\t<\/div>\n\t\t\t\t<\/div>\n\t\t\t\t<\/div>\n\t\t","protected":false},"excerpt":{"rendered":"<p>\u00daltima actualizaci\u00f3n: 10.09.2025 1. Resumen El env\u00edo y la entrega en forestry-parts.eu son gestionados directamente por cada vendedor.Como somos un<\/p>\n","protected":false},"author":1,"featured_media":0,"parent":0,"menu_order":0,"comment_status":"closed","ping_status":"closed","template":"","meta":{"footnotes":""},"class_list":["post-29735","page","type-page","status-publish","hentry"],"_hostinger_reach_plugin_has_subscription_block":false,"_hostinger_reach_plugin_is_elementor":false,"_links":{"self":[{"href":"https:\/\/forestry-parts.eu\/es\/wp-json\/wp\/v2\/pages\/29735","targetHints":{"allow":["GET"]}}],"collection":[{"href":"https:\/\/forestry-parts.eu\/es\/wp-json\/wp\/v2\/pages"}],"about":[{"href":"https:\/\/forestry-parts.eu\/es\/wp-json\/wp\/v2\/types\/page"}],"author":[{"embeddable":true,"href":"https:\/\/forestry-parts.eu\/es\/wp-json\/wp\/v2\/users\/1"}],"replies":[{"embeddable":true,"href":"https:\/\/forestry-parts.eu\/es\/wp-json\/wp\/v2\/comments?post=29735"}],"version-history":[{"count":4,"href":"https:\/\/forestry-parts.eu\/es\/wp-json\/wp\/v2\/pages\/29735\/revisions"}],"predecessor-version":[{"id":29747,"href":"https:\/\/forestry-parts.eu\/es\/wp-json\/wp\/v2\/pages\/29735\/revisions\/29747"}],"wp:attachment":[{"href":"https:\/\/forestry-parts.eu\/es\/wp-json\/wp\/v2\/media?parent=29735"}],"curies":[{"name":"wp","href":"https:\/\/api.w.org\/{rel}","templated":true}]}}