{"id":29755,"date":"2025-10-09T06:12:36","date_gmt":"2025-10-09T06:12:36","guid":{"rendered":"https:\/\/forestry-parts.eu\/terms-conditions\/"},"modified":"2025-10-21T18:13:46","modified_gmt":"2025-10-21T18:13:46","slug":"terms-conditions","status":"publish","type":"page","link":"https:\/\/forestry-parts.eu\/es\/terms-conditions\/","title":{"rendered":"T\u00e9rminos y Condiciones"},"content":{"rendered":"\t\t<div data-elementor-type=\"wp-page\" data-elementor-id=\"29755\" class=\"elementor elementor-29755 elementor-29246\">\n\t\t\t\t<div class=\"elementor-element elementor-element-d18fb26 e-flex e-con-boxed e-con e-parent\" data-id=\"d18fb26\" data-element_type=\"container\" data-e-type=\"container\">\n\t\t\t\t\t<div class=\"e-con-inner\">\n\t\t\t\t<div class=\"elementor-element elementor-element-f4d89b1 color-scheme-inherit text-left elementor-widget elementor-widget-text-editor\" data-id=\"f4d89b1\" data-element_type=\"widget\" data-e-type=\"widget\" data-widget_type=\"text-editor.default\">\n\t\t\t\t\t\t\t\t\t<h2 data-start=\"5242\" data-end=\"5267\">1. <strong data-start=\"5249\" data-end=\"5265\">Introducci\u00f3n<\/strong><\/h2><p data-start=\"5268\" data-end=\"5536\">Bienvenido a <strong data-start=\"5281\" data-end=\"5302\">forestry-parts.eu<\/strong> (\u201cnosotros\u201d, \u201cnuestro\u201d o \u201cla Plataforma\u201d). Al acceder o usar nuestro sitio web y servicios de marketplace, aceptas cumplir y estar sujeto a estos T\u00e9rminos y Condiciones.<br data-start=\"5472\" data-end=\"5475\" \/>Si no est\u00e1s de acuerdo, por favor no uses nuestra plataforma.<\/p><h2 data-start=\"5538\" data-end=\"5580\">2. <strong data-start=\"5545\" data-end=\"5578\">Acerca de nuestro marketplace<\/strong><\/h2><p data-start=\"5581\" data-end=\"5937\"><strong data-start=\"5281\" data-end=\"5302\">Forestry-parts.eu<\/strong> opera como un marketplace en l\u00ednea global, conectando proveedores, fabricantes y vendedores de equipos forestales con empresas y compradores individuales.<br data-start=\"5766\" data-end=\"5769\" \/>Facilitamos la publicaci\u00f3n, comercializaci\u00f3n y proceso de transacci\u00f3n, pero no poseemos, producimos ni vendemos directamente los productos ofrecidos por los vendedores.<\/p><h2 data-start=\"5939\" data-end=\"5997\">3. <strong data-start=\"5946\" data-end=\"5995\">Responsabilidades de vendedores y compradores<\/strong><\/h2><p data-start=\"5999\" data-end=\"6076\"><strong data-start=\"5999\" data-end=\"6013\">Vendedores<\/strong><br data-start=\"6013\" data-end=\"6016\" \/>Cada vendedor es una entidad independiente responsable de:<\/p><ul data-start=\"6077\" data-end=\"6366\"><li data-start=\"6077\" data-end=\"6153\"><p data-start=\"6079\" data-end=\"6153\">Proporcionar descripciones, precios e im\u00e1genes precisas de los productos<\/p><\/li><li data-start=\"6154\" data-end=\"6214\"><p data-start=\"6156\" data-end=\"6214\">Gestionar inventarios, pedidos y cumplimiento de pedidos<\/p><\/li><li data-start=\"6215\" data-end=\"6273\"><p data-start=\"6217\" data-end=\"6273\">Establecer t\u00e9rminos de env\u00edo y estimaciones de entrega<\/p><\/li><li data-start=\"6274\" data-end=\"6366\"><p data-start=\"6276\" data-end=\"6366\">Cumplir con todas las regulaciones comerciales, de seguridad y de exportaci\u00f3n aplicables<\/p><\/li><\/ul><p data-start=\"6368\" data-end=\"6581\"><strong data-start=\"6368\" data-end=\"6383\">Compradores<\/strong><br data-start=\"6383\" data-end=\"6386\" \/>Los compradores son responsables de verificar las especificaciones del producto, revisar la informaci\u00f3n del vendedor y asegurarse de cumplir con las leyes locales de importaci\u00f3n antes de comprar.<\/p><h2 data-start=\"6583\" data-end=\"6611\">4. <strong data-start=\"6590\" data-end=\"6609\">Pagos y tarifas<\/strong><\/h2><p data-start=\"6612\" data-end=\"6957\">Las transacciones se procesan de forma segura a trav\u00e9s de nuestros socios de pago. Los vendedores aceptan las tarifas de servicio y comisi\u00f3n aplicables, que pueden variar seg\u00fan el volumen de ventas o acuerdos personalizados.<br data-start=\"6836\" data-end=\"6839\" \/>Los plazos de pago, m\u00e9todos de pago y opciones de moneda se definen en la configuraci\u00f3n de la cuenta de cada vendedor.<\/p><h2 data-start=\"6959\" data-end=\"6993\">5. <strong data-start=\"6966\" data-end=\"6991\">Propiedad intelectual<\/strong><\/h2><p data-start=\"6994\" data-end=\"7260\">Todo el contenido del sitio (logotipos, dise\u00f1o, textos y gr\u00e1ficos) pertenece a <strong data-start=\"7073\" data-end=\"7094\">forestry-parts.eu<\/strong> o a sus licenciantes. Los vendedores conservan la propiedad de sus listados de productos, pero otorgan a la plataforma una licencia para mostrarlos y promocionarlos.<\/p><h2 data-start=\"7262\" data-end=\"7304\">6. <strong data-start=\"7269\" data-end=\"7302\">Limitaci\u00f3n de responsabilidad<\/strong><\/h2><p data-start=\"7305\" data-end=\"7425\">Aunque nos esforzamos por garantizar una experiencia de usuario confiable, <strong data-start=\"7380\" data-end=\"7401\">forestry-parts.eu<\/strong> no es responsable de:<\/p><ul data-start=\"7426\" data-end=\"7608\"><li data-start=\"7426\" data-end=\"7486\"><p data-start=\"7428\" data-end=\"7486\">Errores en la informaci\u00f3n de productos de los vendedores<\/p><\/li><li data-start=\"7487\" data-end=\"7538\"><p data-start=\"7489\" data-end=\"7538\">Retrasos en la entrega o da\u00f1os durante el env\u00edo<\/p><\/li><li data-start=\"7539\" data-end=\"7608\"><p data-start=\"7541\" data-end=\"7608\">P\u00e9rdidas derivadas de proveedores de pago o log\u00edstica de terceros<\/p><\/li><\/ul><p data-start=\"7610\" data-end=\"7702\">No somos responsables de da\u00f1os indirectos o consecuentes derivados del uso de la plataforma.<\/p>\t\t\t\t\t\t\t\t<\/div>\n\t\t\t\t\t<\/div>\n\t\t\t\t<\/div>\n\t\t\t\t<\/div>\n\t\t","protected":false},"excerpt":{"rendered":"<p>1. Introducci\u00f3n Bienvenido a forestry-parts.eu (\u201cnosotros\u201d, \u201cnuestro\u201d o \u201cla Plataforma\u201d). Al acceder o usar nuestro sitio web y servicios de<\/p>\n","protected":false},"author":1,"featured_media":0,"parent":0,"menu_order":0,"comment_status":"closed","ping_status":"closed","template":"","meta":{"footnotes":""},"class_list":["post-29755","page","type-page","status-publish","hentry"],"_hostinger_reach_plugin_has_subscription_block":false,"_hostinger_reach_plugin_is_elementor":false,"_links":{"self":[{"href":"https:\/\/forestry-parts.eu\/es\/wp-json\/wp\/v2\/pages\/29755","targetHints":{"allow":["GET"]}}],"collection":[{"href":"https:\/\/forestry-parts.eu\/es\/wp-json\/wp\/v2\/pages"}],"about":[{"href":"https:\/\/forestry-parts.eu\/es\/wp-json\/wp\/v2\/types\/page"}],"author":[{"embeddable":true,"href":"https:\/\/forestry-parts.eu\/es\/wp-json\/wp\/v2\/users\/1"}],"replies":[{"embeddable":true,"href":"https:\/\/forestry-parts.eu\/es\/wp-json\/wp\/v2\/comments?post=29755"}],"version-history":[{"count":4,"href":"https:\/\/forestry-parts.eu\/es\/wp-json\/wp\/v2\/pages\/29755\/revisions"}],"predecessor-version":[{"id":29767,"href":"https:\/\/forestry-parts.eu\/es\/wp-json\/wp\/v2\/pages\/29755\/revisions\/29767"}],"wp:attachment":[{"href":"https:\/\/forestry-parts.eu\/es\/wp-json\/wp\/v2\/media?parent=29755"}],"curies":[{"name":"wp","href":"https:\/\/api.w.org\/{rel}","templated":true}]}}