{"id":30092,"date":"2025-11-24T06:28:52","date_gmt":"2025-11-24T06:28:52","guid":{"rendered":"https:\/\/forestry-parts.eu\/?post_type=product&#038;p=30092"},"modified":"2026-01-02T14:24:45","modified_gmt":"2026-01-02T14:24:45","slug":"remote-controlled-lawn-mower","status":"publish","type":"product","link":"https:\/\/forestry-parts.eu\/es\/product\/remote-controlled-lawn-mower\/","title":{"rendered":"Remote controlled lawn mower"},"content":{"rendered":"<p><img decoding=\"async\" class=\"alignnone size-medium wp-image-30259\" src=\"https:\/\/forestry-parts.eu\/wp-content\/uploads\/2025\/11\/WhatsApp-Image-2026-01-02-at-15.21.33-164x300.jpeg\" alt=\"\" width=\"164\" height=\"300\" srcset=\"https:\/\/forestry-parts.eu\/wp-content\/uploads\/2025\/11\/WhatsApp-Image-2026-01-02-at-15.21.33-164x300.jpeg 164w, https:\/\/forestry-parts.eu\/wp-content\/uploads\/2025\/11\/WhatsApp-Image-2026-01-02-at-15.21.33-437x800.jpeg 437w, https:\/\/forestry-parts.eu\/wp-content\/uploads\/2025\/11\/WhatsApp-Image-2026-01-02-at-15.21.33-768x1408.jpeg 768w, https:\/\/forestry-parts.eu\/wp-content\/uploads\/2025\/11\/WhatsApp-Image-2026-01-02-at-15.21.33-838x1536.jpeg 838w, https:\/\/forestry-parts.eu\/wp-content\/uploads\/2025\/11\/WhatsApp-Image-2026-01-02-at-15.21.33-430x788.jpeg 430w, https:\/\/forestry-parts.eu\/wp-content\/uploads\/2025\/11\/WhatsApp-Image-2026-01-02-at-15.21.33-700x1283.jpeg 700w, https:\/\/forestry-parts.eu\/wp-content\/uploads\/2025\/11\/WhatsApp-Image-2026-01-02-at-15.21.33-150x275.jpeg 150w, https:\/\/forestry-parts.eu\/wp-content\/uploads\/2025\/11\/WhatsApp-Image-2026-01-02-at-15.21.33.jpeg 873w\" sizes=\"(max-width: 164px) 100vw, 164px\" \/><\/p>\n<div style=\"width: 1280px;\" class=\"wp-video\"><!--[if lt IE 9]><script>document.createElement('video');<\/script><![endif]-->\n<video class=\"wp-video-shortcode\" id=\"video-30092-1\" width=\"1280\" height=\"720\" preload=\"metadata\" controls=\"controls\"><source type=\"video\/mp4\" src=\"https:\/\/forestry-parts.eu\/wp-content\/uploads\/2025\/11\/WhatsApp-Video-2026-01-02-at-15.20.14.mp4?_=1\" \/><a href=\"https:\/\/forestry-parts.eu\/wp-content\/uploads\/2025\/11\/WhatsApp-Video-2026-01-02-at-15.20.14.mp4\">https:\/\/forestry-parts.eu\/wp-content\/uploads\/2025\/11\/WhatsApp-Video-2026-01-02-at-15.20.14.mp4<\/a><\/video><\/div>\n<p><img fetchpriority=\"high\" decoding=\"async\" class=\"alignnone size-medium wp-image-30058\" src=\"https:\/\/forestry-parts.eu\/wp-content\/uploads\/2025\/11\/WhatsApp-Image-2025-11-13-a-08.09.21_2822beb5-TONDEUSE-300x300.jpg\" alt=\"\" width=\"300\" height=\"300\" srcset=\"https:\/\/forestry-parts.eu\/wp-content\/uploads\/2025\/11\/WhatsApp-Image-2025-11-13-a-08.09.21_2822beb5-TONDEUSE-300x300.jpg 300w, https:\/\/forestry-parts.eu\/wp-content\/uploads\/2025\/11\/WhatsApp-Image-2025-11-13-a-08.09.21_2822beb5-TONDEUSE-800x800.jpg 800w, https:\/\/forestry-parts.eu\/wp-content\/uploads\/2025\/11\/WhatsApp-Image-2025-11-13-a-08.09.21_2822beb5-TONDEUSE-150x150.jpg 150w, https:\/\/forestry-parts.eu\/wp-content\/uploads\/2025\/11\/WhatsApp-Image-2025-11-13-a-08.09.21_2822beb5-TONDEUSE-768x768.jpg 768w, https:\/\/forestry-parts.eu\/wp-content\/uploads\/2025\/11\/WhatsApp-Image-2025-11-13-a-08.09.21_2822beb5-TONDEUSE-430x430.jpg 430w, https:\/\/forestry-parts.eu\/wp-content\/uploads\/2025\/11\/WhatsApp-Image-2025-11-13-a-08.09.21_2822beb5-TONDEUSE-700x700.jpg 700w, https:\/\/forestry-parts.eu\/wp-content\/uploads\/2025\/11\/WhatsApp-Image-2025-11-13-a-08.09.21_2822beb5-TONDEUSE.jpg 1280w\" sizes=\"(max-width: 300px) 100vw, 300px\" \/><img decoding=\"async\" class=\"alignnone size-medium wp-image-30078\" src=\"https:\/\/forestry-parts.eu\/wp-content\/uploads\/2025\/11\/WhatsApp-Image-TONDEUSE-BLEUE-234x300.jpg\" alt=\"\" width=\"234\" height=\"300\" srcset=\"https:\/\/forestry-parts.eu\/wp-content\/uploads\/2025\/11\/WhatsApp-Image-TONDEUSE-BLEUE-234x300.jpg 234w, https:\/\/forestry-parts.eu\/wp-content\/uploads\/2025\/11\/WhatsApp-Image-TONDEUSE-BLEUE-430x552.jpg 430w, https:\/\/forestry-parts.eu\/wp-content\/uploads\/2025\/11\/WhatsApp-Image-TONDEUSE-BLEUE-150x193.jpg 150w, https:\/\/forestry-parts.eu\/wp-content\/uploads\/2025\/11\/WhatsApp-Image-TONDEUSE-BLEUE.jpg 567w\" sizes=\"(max-width: 234px) 100vw, 234px\" \/><\/p>\n","protected":false},"excerpt":{"rendered":"<p>TONDEUSE T\u00c9L\u00c9COMMAND\u00c9 PLUSIEURS MOD\u00c8LES DISPONIBLES!LIVRAISON INCLUSE<\/p>\n","protected":false},"featured_media":30048,"template":"","meta":[],"product_brand":[],"product_cat":[72],"product_tag":[],"class_list":{"0":"post-30092","1":"product","2":"type-product","3":"status-publish","4":"has-post-thumbnail","6":"product_cat-forestry","8":"first","9":"instock","10":"sale","11":"taxable","12":"shipping-taxable","13":"purchasable","14":"product-type-simple"},"_links":{"self":[{"href":"https:\/\/forestry-parts.eu\/es\/wp-json\/wp\/v2\/product\/30092","targetHints":{"allow":["GET"]}}],"collection":[{"href":"https:\/\/forestry-parts.eu\/es\/wp-json\/wp\/v2\/product"}],"about":[{"href":"https:\/\/forestry-parts.eu\/es\/wp-json\/wp\/v2\/types\/product"}],"version-history":[{"count":5,"href":"https:\/\/forestry-parts.eu\/es\/wp-json\/wp\/v2\/product\/30092\/revisions"}],"predecessor-version":[{"id":30270,"href":"https:\/\/forestry-parts.eu\/es\/wp-json\/wp\/v2\/product\/30092\/revisions\/30270"}],"wp:featuredmedia":[{"embeddable":true,"href":"https:\/\/forestry-parts.eu\/es\/wp-json\/wp\/v2\/media\/30048"}],"wp:attachment":[{"href":"https:\/\/forestry-parts.eu\/es\/wp-json\/wp\/v2\/media?parent=30092"}],"wp:term":[{"taxonomy":"product_brand","embeddable":true,"href":"https:\/\/forestry-parts.eu\/es\/wp-json\/wp\/v2\/product_brand?post=30092"},{"taxonomy":"product_cat","embeddable":true,"href":"https:\/\/forestry-parts.eu\/es\/wp-json\/wp\/v2\/product_cat?post=30092"},{"taxonomy":"product_tag","embeddable":true,"href":"https:\/\/forestry-parts.eu\/es\/wp-json\/wp\/v2\/product_tag?post=30092"}],"curies":[{"name":"wp","href":"https:\/\/api.w.org\/{rel}","templated":true}]}}