{"id":30096,"date":"2025-11-24T06:40:48","date_gmt":"2025-11-24T06:40:48","guid":{"rendered":"https:\/\/forestry-parts.eu\/?post_type=product&#038;p=30096"},"modified":"2025-12-18T13:57:41","modified_gmt":"2025-12-18T13:57:41","slug":"snow-blower","status":"publish","type":"product","link":"https:\/\/forestry-parts.eu\/es\/product\/snow-blower\/","title":{"rendered":"Snow blower"},"content":{"rendered":"<p><img fetchpriority=\"high\" decoding=\"async\" class=\"alignnone size-medium wp-image-30068\" src=\"https:\/\/forestry-parts.eu\/wp-content\/uploads\/2025\/11\/WhatsApp-Image-DEGAGE-NEIGE-400x267.jpg\" alt=\"\" width=\"400\" height=\"267\" srcset=\"https:\/\/forestry-parts.eu\/wp-content\/uploads\/2025\/11\/WhatsApp-Image-DEGAGE-NEIGE-400x267.jpg 400w, https:\/\/forestry-parts.eu\/wp-content\/uploads\/2025\/11\/WhatsApp-Image-DEGAGE-NEIGE-1201x800.jpg 1201w, https:\/\/forestry-parts.eu\/wp-content\/uploads\/2025\/11\/WhatsApp-Image-DEGAGE-NEIGE-768x512.jpg 768w, https:\/\/forestry-parts.eu\/wp-content\/uploads\/2025\/11\/WhatsApp-Image-DEGAGE-NEIGE-1536x1023.jpg 1536w, https:\/\/forestry-parts.eu\/wp-content\/uploads\/2025\/11\/WhatsApp-Image-DEGAGE-NEIGE-430x286.jpg 430w, https:\/\/forestry-parts.eu\/wp-content\/uploads\/2025\/11\/WhatsApp-Image-DEGAGE-NEIGE-700x466.jpg 700w, https:\/\/forestry-parts.eu\/wp-content\/uploads\/2025\/11\/WhatsApp-Image-DEGAGE-NEIGE-150x100.jpg 150w, https:\/\/forestry-parts.eu\/wp-content\/uploads\/2025\/11\/WhatsApp-Image-DEGAGE-NEIGE.jpg 1600w\" sizes=\"(max-width: 400px) 100vw, 400px\" \/><\/p>\n","protected":false},"excerpt":{"rendered":"<p>Fraise a neige t\u00e9l\u00e9command\u00e9 livraison offert<\/p>\n<p>&nbsp;<\/p>\n","protected":false},"featured_media":30068,"template":"","meta":[],"product_brand":[],"product_cat":[72,96,101],"product_tag":[],"class_list":{"0":"post-30096","1":"product","2":"type-product","3":"status-publish","4":"has-post-thumbnail","6":"product_cat-forestry","7":"product_cat-vehicles-engines","10":"first","11":"instock","12":"sale","13":"taxable","14":"shipping-taxable","15":"purchasable","16":"product-type-simple"},"_links":{"self":[{"href":"https:\/\/forestry-parts.eu\/es\/wp-json\/wp\/v2\/product\/30096","targetHints":{"allow":["GET"]}}],"collection":[{"href":"https:\/\/forestry-parts.eu\/es\/wp-json\/wp\/v2\/product"}],"about":[{"href":"https:\/\/forestry-parts.eu\/es\/wp-json\/wp\/v2\/types\/product"}],"version-history":[{"count":3,"href":"https:\/\/forestry-parts.eu\/es\/wp-json\/wp\/v2\/product\/30096\/revisions"}],"predecessor-version":[{"id":30194,"href":"https:\/\/forestry-parts.eu\/es\/wp-json\/wp\/v2\/product\/30096\/revisions\/30194"}],"wp:featuredmedia":[{"embeddable":true,"href":"https:\/\/forestry-parts.eu\/es\/wp-json\/wp\/v2\/media\/30068"}],"wp:attachment":[{"href":"https:\/\/forestry-parts.eu\/es\/wp-json\/wp\/v2\/media?parent=30096"}],"wp:term":[{"taxonomy":"product_brand","embeddable":true,"href":"https:\/\/forestry-parts.eu\/es\/wp-json\/wp\/v2\/product_brand?post=30096"},{"taxonomy":"product_cat","embeddable":true,"href":"https:\/\/forestry-parts.eu\/es\/wp-json\/wp\/v2\/product_cat?post=30096"},{"taxonomy":"product_tag","embeddable":true,"href":"https:\/\/forestry-parts.eu\/es\/wp-json\/wp\/v2\/product_tag?post=30096"}],"curies":[{"name":"wp","href":"https:\/\/api.w.org\/{rel}","templated":true}]}}