{"id":29347,"date":"2025-10-09T06:44:08","date_gmt":"2025-10-09T06:44:08","guid":{"rendered":"https:\/\/forestry-parts.eu\/vendre-des-pieces-forestieressell-on-forestry-parts\/"},"modified":"2025-10-21T17:59:34","modified_gmt":"2025-10-21T17:59:34","slug":"vendre-des-pieces-forestieres","status":"publish","type":"page","link":"https:\/\/forestry-parts.eu\/fr\/vendre-des-pieces-forestieres\/","title":{"rendered":"Vendre des pi\u00e8ces foresti\u00e8res"},"content":{"rendered":"\t\t<div data-elementor-type=\"wp-page\" data-elementor-id=\"29347\" class=\"elementor elementor-29347 elementor-29283\">\n\t\t\t\t<div class=\"wd-negative-gap elementor-element elementor-element-d1ff594 e-flex e-con-boxed e-con e-parent\" data-id=\"d1ff594\" data-element_type=\"container\" data-e-type=\"container\">\n\t\t\t\t\t<div class=\"e-con-inner\">\n\t\t<div class=\"elementor-element elementor-element-a5aa24c e-con-full e-flex e-con e-child\" data-id=\"a5aa24c\" data-element_type=\"container\" data-e-type=\"container\">\n\t\t\t\t<div class=\"elementor-element elementor-element-cc340b1 elementor-widget__width-initial elementor-widget-tablet__width-inherit wd-width-100 elementor-widget elementor-widget-wd_title\" data-id=\"cc340b1\" data-element_type=\"widget\" data-e-type=\"widget\" data-widget_type=\"wd_title.default\">\n\t\t\t\t<div class=\"elementor-widget-container\">\n\t\t\t\t\t\t\t<div class=\"title-wrapper wd-set-mb reset-last-child wd-title-color-primary wd-title-style-default wd-title-size-large text-left\">\n\n\t\t\t\t\t\t\t\t\t\t\t<div class=\"title-subtitle subtitle-color-primary subtitle-style-default wd-fontsize-xs\">\n\t\t\t\t\tDevenez Vendeur\t\t\t\t<\/div>\n\t\t\t\n\t\t\t<div class=\"liner-continer\">\n\t\t\t\t<h4 class=\"woodmart-title-container title wd-fontsize-xxl\">Vendez vos \u00e9quipements forestiers dans le monde entier sur forestry-parts.eu<\/h4> \n\t\t\t\t\t\t\t<\/div>\n\n\t\t\t\t\t<\/div>\n\t\t\t\t\t\t<\/div>\n\t\t\t\t<\/div>\n\t\t\t\t<\/div>\n\t\t<div class=\"elementor-element elementor-element-b4a22b8 e-con-full e-flex e-con e-child\" data-id=\"b4a22b8\" data-element_type=\"container\" data-e-type=\"container\">\n\t\t\t\t<div class=\"elementor-element elementor-element-8122e43 color-scheme-inherit text-left elementor-widget elementor-widget-text-editor\" data-id=\"8122e43\" data-element_type=\"widget\" data-e-type=\"widget\" data-widget_type=\"text-editor.default\">\n\t\t\t\t\t\t\t\t\t<p>Rejoignez forestry-parts.eu, la principale place de march\u00e9 B2B d\u00e9di\u00e9e aux \u00e9quipements forestiers, qui met en relation des fournisseurs, fabricants et distributeurs certifi\u00e9s avec des acheteurs professionnels partout dans le monde.<\/p><p>Notre plateforme vous aide \u00e0 d\u00e9velopper vos ventes \u00e0 l\u2019international, \u00e0 simplifier la logistique et \u00e0 maximiser votre rentabilit\u00e9 gr\u00e2ce \u00e0 un accompagnement personnalis\u00e9 et \u00e0 des commissions adapt\u00e9es \u00e0 votre activit\u00e9.<br \/>Que vous fabriquiez des machines lourdes ou distribuiez des outils forestiers, forestry-parts.eu vous offre la visibilit\u00e9 et l\u2019infrastructure n\u00e9cessaires pour faire cro\u00eetre votre entreprise efficacement.<\/p>\t\t\t\t\t\t\t\t<\/div>\n\t\t\t\t<\/div>\n\t\t\t\t\t<\/div>\n\t\t\t\t<\/div>\n\t\t<div class=\"wd-negative-gap elementor-element elementor-element-7e0a34f e-flex e-con-boxed e-con e-parent\" data-id=\"7e0a34f\" data-element_type=\"container\" data-e-type=\"container\" data-settings=\"{&quot;background_background&quot;:&quot;classic&quot;}\">\n\t\t\t\t\t<div class=\"e-con-inner\">\n\t\t\t\t<div class=\"elementor-element elementor-element-5431356 elementor-widget__width-initial elementor-widget-tablet__width-inherit wd-width-100 elementor-widget elementor-widget-wd_title\" data-id=\"5431356\" data-element_type=\"widget\" data-e-type=\"widget\" data-widget_type=\"wd_title.default\">\n\t\t\t\t<div class=\"elementor-widget-container\">\n\t\t\t\t\t\t\t<div class=\"title-wrapper wd-set-mb reset-last-child wd-title-color-primary wd-title-style-default wd-title-size-large text-center\">\n\n\t\t\t\n\t\t\t<div class=\"liner-continer\">\n\t\t\t\t<h4 class=\"woodmart-title-container title wd-fontsize-xxl\">D\u00e9veloppez votre activit\u00e9 \u00e0 l\u2019international dans le secteur forestier<\/h4> \n\t\t\t\t\t\t\t<\/div>\n\n\t\t\t\t\t\t\t<div class=\"title-after_title reset-last-child wd-fontsize-s\">\n\t\t\t\t\t<p>Chez <strong>forestry-parts.eu<\/strong>, nous ne faisons pas que connecter acheteurs et vendeurs \u2014 nous cr\u00e9ons de v\u00e9ritables partenariats \u00e0 long terme.<br \/>Notre mission est d\u2019aider les <strong>fournisseurs d\u2019\u00e9quipements forestiers<\/strong> \u00e0 atteindre de nouveaux march\u00e9s, \u00e0 optimiser leurs ventes et \u00e0 cro\u00eetre durablement dans un secteur mondial en pleine transformation.<\/p>\t\t\t\t<\/div>\n\t\t\t\t\t<\/div>\n\t\t\t\t\t\t<\/div>\n\t\t\t\t<\/div>\n\t\t\t\t<div class=\"elementor-element elementor-element-f6528a5 elementor-widget elementor-widget-wd_button\" data-id=\"f6528a5\" data-element_type=\"widget\" data-e-type=\"widget\" data-widget_type=\"wd_button.default\">\n\t\t\t\t<div class=\"elementor-widget-container\">\n\t\t\t\t\t\t\t<div class=\"wd-button-wrapper text-center\" >\n\t\t\t<a class=\"btn btn-style-default btn-shape-rectangle btn-size-default btn-icon-pos-right\"  href=\"tel:\u202a+40%20(750)%20145%20333\">\n\t\t\t\t<span class=\"wd-btn-text\" data-elementor-setting-key=\"text\">\n\t\t\t\t\tDevenez Vendeur\t\t\t\t<\/span>\n\n\t\t\t\t\t\t\t<\/a>\n\t\t<\/div>\n\t\t\t\t\t\t<\/div>\n\t\t\t\t<\/div>\n\t\t\t\t\t<\/div>\n\t\t\t\t<\/div>\n\t\t<div class=\"elementor-element elementor-element-f3aedf3 e-flex e-con-boxed e-con e-parent\" data-id=\"f3aedf3\" data-element_type=\"container\" data-e-type=\"container\">\n\t\t\t\t\t<div class=\"e-con-inner\">\n\t\t\t\t<div class=\"elementor-element elementor-element-f48025e wd-cf7 elementor-widget elementor-widget-wd_contact_form_7\" data-id=\"f48025e\" data-element_type=\"widget\" data-e-type=\"widget\" data-widget_type=\"wd_contact_form_7.default\">\n\t\t\t\t<div class=\"elementor-widget-container\">\n\t\t\t\t\t\n<div class=\"wpcf7 no-js\" id=\"wpcf7-f29314-o1\" lang=\"en-US\" dir=\"ltr\" data-wpcf7-id=\"29314\">\n<div class=\"screen-reader-response\"><p role=\"status\" aria-live=\"polite\" aria-atomic=\"true\"><\/p> <ul><\/ul><\/div>\n<form action=\"\/fr\/wp-json\/wp\/v2\/pages\/29347#wpcf7-f29314-o1\" method=\"post\" class=\"wpcf7-form init\" aria-label=\"Contact form\" novalidate=\"novalidate\" data-status=\"init\">\n<fieldset class=\"hidden-fields-container\"><input type=\"hidden\" name=\"_wpcf7\" value=\"29314\" \/><input type=\"hidden\" name=\"_wpcf7_version\" value=\"6.1.2\" \/><input type=\"hidden\" name=\"_wpcf7_locale\" value=\"en_US\" \/><input type=\"hidden\" name=\"_wpcf7_unit_tag\" value=\"wpcf7-f29314-o1\" \/><input type=\"hidden\" name=\"_wpcf7_container_post\" value=\"0\" \/><input type=\"hidden\" name=\"_wpcf7_posted_data_hash\" value=\"\" \/>\n<\/fieldset>\n<div class=\"wd-grid-g\">\n\t<div class=\"wd-grid-f-stretch\">\n\t\t<div class=\"wd-col\">\n\t\t\t<p><label>Your Name<\/label><span class=\"wpcf7-form-control-wrap\" data-name=\"your-name\"><input size=\"40\" maxlength=\"400\" class=\"wpcf7-form-control wpcf7-text wpcf7-validates-as-required\" aria-required=\"true\" aria-invalid=\"false\" value=\"\" type=\"text\" name=\"your-name\" \/><\/span>\n\t\t\t<\/p>\n\t\t<\/div>\n\t\t<div class=\"wd-col\">\n\t\t\t<p><label>Your Email<\/label><span class=\"wpcf7-form-control-wrap\" data-name=\"your-email\"><input size=\"40\" maxlength=\"400\" class=\"wpcf7-form-control wpcf7-email wpcf7-validates-as-required wpcf7-text wpcf7-validates-as-email\" aria-required=\"true\" aria-invalid=\"false\" value=\"\" type=\"email\" name=\"your-email\" \/><\/span>\n\t\t\t<\/p>\n\t\t<\/div>\n\t<\/div>\n\t<div class=\"wd-grid-f-stretch\">\n\t\t<div class=\"wd-col\">\n\t\t\t<p><label>Phone Number<\/label><span class=\"wpcf7-form-control-wrap\" data-name=\"tel-767\"><input size=\"40\" maxlength=\"400\" class=\"wpcf7-form-control wpcf7-tel wpcf7-text wpcf7-validates-as-tel\" aria-invalid=\"false\" value=\"\" type=\"tel\" name=\"tel-767\" \/><\/span>\n\t\t\t<\/p>\n\t\t<\/div>\n\t\t<div class=\"wd-col\">\n\t\t\t<p><label>Company<\/label><span class=\"wpcf7-form-control-wrap\" data-name=\"text-1\"><input size=\"40\" maxlength=\"400\" class=\"wpcf7-form-control wpcf7-text\" aria-invalid=\"false\" value=\"\" type=\"text\" name=\"text-1\" \/><\/span>\n\t\t\t<\/p>\n\t\t<\/div>\n\t<\/div>\n\t<div>\n\t\t<p><label>Your Message<\/label><span class=\"wpcf7-form-control-wrap\" data-name=\"your-message\"><textarea cols=\"40\" rows=\"10\" maxlength=\"2000\" class=\"wpcf7-form-control wpcf7-textarea\" aria-invalid=\"false\" name=\"your-message\"><\/textarea><\/span>\n\t\t<\/p>\n\t<\/div>\n\t<div>\n\t\t<p><input class=\"wpcf7-form-control wpcf7-submit has-spinner btn-color-black\" type=\"submit\" value=\"APPLY NOW\" \/>\n\t\t<\/p>\n\t<\/div>\n<\/div><div class=\"wpcf7-response-output\" aria-hidden=\"true\"><\/div>\n<\/form>\n<\/div>\n\t\t\t\t<\/div>\n\t\t\t\t<\/div>\n\t\t\t\t\t<\/div>\n\t\t\t\t<\/div>\n\t\t<div class=\"wd-negative-gap elementor-element elementor-element-740fc43 e-flex e-con-boxed e-con e-parent\" data-id=\"740fc43\" data-element_type=\"container\" data-e-type=\"container\">\n\t\t\t\t\t<div class=\"e-con-inner\">\n\t\t<div class=\"elementor-element elementor-element-aaf8fd9 e-con-full e-flex e-con e-child\" data-id=\"aaf8fd9\" data-element_type=\"container\" data-e-type=\"container\" data-settings=\"{&quot;background_background&quot;:&quot;classic&quot;}\">\n\t\t\t\t<div class=\"elementor-element elementor-element-60818f8 elementor-widget elementor-widget-spacer\" data-id=\"60818f8\" data-element_type=\"widget\" data-e-type=\"widget\" data-widget_type=\"spacer.default\">\n\t\t\t\t\t\t\t<div class=\"elementor-spacer\">\n\t\t\t<div class=\"elementor-spacer-inner\"><\/div>\n\t\t<\/div>\n\t\t\t\t\t\t<\/div>\n\t\t\t\t<\/div>\n\t\t<div class=\"elementor-element elementor-element-232c9df e-con-full e-flex e-con e-child\" data-id=\"232c9df\" data-element_type=\"container\" data-e-type=\"container\">\n\t\t\t\t<div class=\"elementor-element elementor-element-7f28a61 elementor-widget__width-initial elementor-widget-tablet__width-inherit wd-width-100 elementor-widget elementor-widget-wd_title\" data-id=\"7f28a61\" data-element_type=\"widget\" data-e-type=\"widget\" data-widget_type=\"wd_title.default\">\n\t\t\t\t<div class=\"elementor-widget-container\">\n\t\t\t\t\t\t\t<div class=\"title-wrapper wd-set-mb reset-last-child wd-title-color-primary wd-title-style-default wd-title-size-large text-left\">\n\n\t\t\t\n\t\t\t<div class=\"liner-continer\">\n\t\t\t\t<h2 class=\"woodmart-title-container title wd-fontsize-xxl\">Pourquoi devenir partenaire de Forestry Parts<\/h2> \n\t\t\t\t\t\t\t<\/div>\n\n\t\t\t\t\t<\/div>\n\t\t\t\t\t\t<\/div>\n\t\t\t\t<\/div>\n\t\t\t\t<div class=\"elementor-element elementor-element-d7068f2 color-scheme-inherit text-left elementor-widget elementor-widget-text-editor\" data-id=\"d7068f2\" data-element_type=\"widget\" data-e-type=\"widget\" data-widget_type=\"text-editor.default\">\n\t\t\t\t\t\t\t\t\t<ul><li data-start=\"1277\" data-end=\"1494\"><strong data-start=\"1277\" data-end=\"1333\">Acc\u00e9dez \u00e0 un r\u00e9seau mondial d\u2019acheteurs forestiers :<\/strong> Entrez directement en contact avec des entreprises de b\u00fbcheronnage, de transformation du bois et de gestion foresti\u00e8re \u00e0 la recherche de fournisseurs fiables.<\/li><li data-start=\"1497\" data-end=\"1678\"><strong data-start=\"1497\" data-end=\"1539\">Exp\u00e9dition internationale simplifi\u00e9e :<\/strong> Profitez de solutions logistiques int\u00e9gr\u00e9es, d\u2019une documentation douani\u00e8re pr\u00eate \u00e0 l\u2019emploi et d\u2019un suivi des exp\u00e9ditions en temps r\u00e9el.<\/li><li data-start=\"1681\" data-end=\"1804\"><strong data-start=\"1681\" data-end=\"1714\">Transactions B2B s\u00e9curis\u00e9es :<\/strong> Vendez en toute confiance gr\u00e2ce \u00e0 des paiements fiables, transparents et multi-devises.<\/li><li data-start=\"1807\" data-end=\"1993\"><strong data-start=\"1807\" data-end=\"1845\">Taux de commission personnalis\u00e9s :<\/strong> B\u00e9n\u00e9ficiez de mod\u00e8les de commission flexibles et adapt\u00e9s \u00e0 votre volume de ventes et \u00e0 votre profil d\u2019entreprise \u2014 pour <strong data-start=\"1966\" data-end=\"1990\">maximiser vos marges<\/strong>.<\/li><li data-start=\"1996\" data-end=\"2203\"><strong data-start=\"1996\" data-end=\"2022\">Visibilit\u00e9 renforc\u00e9e :<\/strong> Pr\u00e9sentez vos \u00e9quipements et votre savoir-faire \u00e0 une audience professionnelle recherchant des <strong data-start=\"2118\" data-end=\"2142\">machines foresti\u00e8res<\/strong>, <strong data-start=\"2144\" data-end=\"2170\">outils de b\u00fbcheronnage<\/strong> et <strong data-start=\"2174\" data-end=\"2200\">composants industriels<\/strong>.<\/li><li data-start=\"2206\" data-end=\"2375\"><strong data-start=\"2206\" data-end=\"2238\">Support d\u00e9di\u00e9 aux vendeurs :<\/strong> Notre \u00e9quipe vous accompagne dans la mise en ligne de vos produits, l\u2019optimisation de votre catalogue et la promotion de votre marque.<\/li><li data-start=\"2378\" data-end=\"2519\"><strong data-start=\"2378\" data-end=\"2402\">Engagement durable :<\/strong> Rejoignez une plateforme qui valorise la foresterie responsable et les pratiques respectueuses de l\u2019environnement.<\/li><\/ul>\t\t\t\t\t\t\t\t<\/div>\n\t\t\t\t<\/div>\n\t\t\t\t\t<\/div>\n\t\t\t\t<\/div>\n\t\t<div class=\"wd-negative-gap elementor-element elementor-element-e82a79f e-flex e-con-boxed e-con e-parent\" data-id=\"e82a79f\" data-element_type=\"container\" data-e-type=\"container\">\n\t\t\t\t\t<div class=\"e-con-inner\">\n\t\t<div class=\"elementor-element elementor-element-09d4d8c e-con-full e-flex e-con e-child\" data-id=\"09d4d8c\" data-element_type=\"container\" data-e-type=\"container\" data-settings=\"{&quot;background_background&quot;:&quot;classic&quot;}\">\n\t\t\t\t<div class=\"elementor-element elementor-element-f29d485 elementor-widget__width-initial elementor-widget-tablet__width-inherit wd-width-100 elementor-widget elementor-widget-wd_title\" data-id=\"f29d485\" data-element_type=\"widget\" data-e-type=\"widget\" data-widget_type=\"wd_title.default\">\n\t\t\t\t<div class=\"elementor-widget-container\">\n\t\t\t\t\t\t\t<div class=\"title-wrapper wd-set-mb reset-last-child wd-title-color-primary wd-title-style-default wd-title-size-large text-left\">\n\n\t\t\t\n\t\t\t<div class=\"liner-continer\">\n\t\t\t\t<h2 class=\"woodmart-title-container title wd-fontsize-xxl\">Ce que vous pouvez vendre<\/h2> \n\t\t\t\t\t\t\t<\/div>\n\n\t\t\t\t\t<\/div>\n\t\t\t\t\t\t<\/div>\n\t\t\t\t<\/div>\n\t\t\t\t<div class=\"elementor-element elementor-element-167852c color-scheme-inherit text-left elementor-widget elementor-widget-text-editor\" data-id=\"167852c\" data-element_type=\"widget\" data-e-type=\"widget\" data-widget_type=\"text-editor.default\">\n\t\t\t\t\t\t\t\t\t<p data-start=\"2562\" data-end=\"2609\">Nous accueillons des fournisseurs proposant :<\/p><ul><li data-start=\"2612\" data-end=\"2664\">Des machines de b\u00fbcheronnage et de r\u00e9colte du bois<\/li><li data-start=\"2667\" data-end=\"2724\">Des \u00e9quipements de scierie et de transformation du bois<\/li><li data-start=\"2727\" data-end=\"2782\">Des outils forestiers, pi\u00e8ces d\u00e9tach\u00e9es et composants<\/li><li data-start=\"2785\" data-end=\"2830\">Des syst\u00e8mes de manutention et de transport<\/li><li data-start=\"2833\" data-end=\"2892\">Des \u00e9quipements de s\u00e9curit\u00e9 et de protection individuelle<\/li><li data-start=\"2895\" data-end=\"2973\">Des technologies foresti\u00e8res : GPS, drones, capteurs et solutions num\u00e9riques<\/li><\/ul>\t\t\t\t\t\t\t\t<\/div>\n\t\t\t\t<\/div>\n\t\t<div class=\"elementor-element elementor-element-2c46b19 e-con-full e-flex e-con e-child\" data-id=\"2c46b19\" data-element_type=\"container\" data-e-type=\"container\" data-settings=\"{&quot;background_background&quot;:&quot;classic&quot;}\">\n\t\t\t\t<div class=\"elementor-element elementor-element-868ce71 elementor-widget__width-initial elementor-widget-tablet__width-inherit wd-width-100 elementor-widget elementor-widget-wd_title\" data-id=\"868ce71\" data-element_type=\"widget\" data-e-type=\"widget\" data-widget_type=\"wd_title.default\">\n\t\t\t\t<div class=\"elementor-widget-container\">\n\t\t\t\t\t\t\t<div class=\"title-wrapper wd-set-mb reset-last-child wd-title-color-primary wd-title-style-default wd-title-size-large text-left\">\n\n\t\t\t\n\t\t\t<div class=\"liner-continer\">\n\t\t\t\t<h2 class=\"woodmart-title-container title wd-fontsize-xxl\">Comment commencer<\/h2> \n\t\t\t\t\t\t\t<\/div>\n\n\t\t\t\t\t<\/div>\n\t\t\t\t\t\t<\/div>\n\t\t\t\t<\/div>\n\t\t\t\t<div class=\"elementor-element elementor-element-e7b8762 color-scheme-inherit text-left elementor-widget elementor-widget-text-editor\" data-id=\"e7b8762\" data-element_type=\"widget\" data-e-type=\"widget\" data-widget_type=\"text-editor.default\">\n\t\t\t\t\t\t\t\t\t<ol><li data-start=\"3011\" data-end=\"3164\"><strong data-start=\"3011\" data-end=\"3045\">Inscrivez-vous comme vendeur :<\/strong> Remplissez notre formulaire d\u2019inscription en ligne avec le profil de votre entreprise et vos cat\u00e9gories de produits.<\/li><li data-start=\"3168\" data-end=\"3340\"><strong data-start=\"3168\" data-end=\"3199\">Obtenez votre approbation :<\/strong> Notre \u00e9quipe d\u2019approvisionnement \u00e9tudie votre dossier et d\u00e9finit avec vous un <strong data-start=\"3278\" data-end=\"3302\">mod\u00e8le de commission<\/strong> adapt\u00e9 \u00e0 vos objectifs commerciaux.<\/li><li data-start=\"3344\" data-end=\"3537\"><strong data-start=\"3344\" data-end=\"3371\">Lancez votre boutique :<\/strong> Importez vos produits, configurez vos prix et options de livraison, et commencez \u00e0 vendre directement \u00e0 des acheteurs professionnels v\u00e9rifi\u00e9s dans le monde entier.<\/li><\/ol>\t\t\t\t\t\t\t\t<\/div>\n\t\t\t\t<\/div>\n\t\t\t\t\t<\/div>\n\t\t\t\t<\/div>\n\t\t\t\t<\/div>\n\t\t","protected":false},"excerpt":{"rendered":"<p>Devenez Vendeur Vendez vos \u00e9quipements forestiers dans le monde entier sur forestry-parts.eu Rejoignez forestry-parts.eu, la principale place de march\u00e9 B2B<\/p>\n","protected":false},"author":1,"featured_media":0,"parent":0,"menu_order":0,"comment_status":"closed","ping_status":"closed","template":"","meta":{"footnotes":""},"class_list":["post-29347","page","type-page","status-publish","hentry"],"_hostinger_reach_plugin_has_subscription_block":false,"_hostinger_reach_plugin_is_elementor":false,"_links":{"self":[{"href":"https:\/\/forestry-parts.eu\/fr\/wp-json\/wp\/v2\/pages\/29347","targetHints":{"allow":["GET"]}}],"collection":[{"href":"https:\/\/forestry-parts.eu\/fr\/wp-json\/wp\/v2\/pages"}],"about":[{"href":"https:\/\/forestry-parts.eu\/fr\/wp-json\/wp\/v2\/types\/page"}],"author":[{"embeddable":true,"href":"https:\/\/forestry-parts.eu\/fr\/wp-json\/wp\/v2\/users\/1"}],"replies":[{"embeddable":true,"href":"https:\/\/forestry-parts.eu\/fr\/wp-json\/wp\/v2\/comments?post=29347"}],"version-history":[{"count":8,"href":"https:\/\/forestry-parts.eu\/fr\/wp-json\/wp\/v2\/pages\/29347\/revisions"}],"predecessor-version":[{"id":29586,"href":"https:\/\/forestry-parts.eu\/fr\/wp-json\/wp\/v2\/pages\/29347\/revisions\/29586"}],"wp:attachment":[{"href":"https:\/\/forestry-parts.eu\/fr\/wp-json\/wp\/v2\/media?parent=29347"}],"curies":[{"name":"wp","href":"https:\/\/api.w.org\/{rel}","templated":true}]}}