{"id":29602,"date":"2021-10-12T15:51:09","date_gmt":"2021-10-12T15:51:09","guid":{"rendered":"https:\/\/forestry-parts.eu\/about-us-3\/"},"modified":"2025-10-21T17:58:57","modified_gmt":"2025-10-21T17:58:57","slug":"about-us-3","status":"publish","type":"page","link":"https:\/\/forestry-parts.eu\/fr\/about-us-3\/","title":{"rendered":"\u00c0 propos de nous"},"content":{"rendered":"\t\t<div data-elementor-type=\"wp-page\" data-elementor-id=\"29602\" class=\"elementor elementor-29602 elementor-4400\">\n\t\t\t\t<div class=\"wd-negative-gap elementor-element elementor-element-1c90c3f wd-section-stretch e-flex e-con-boxed e-con e-parent\" data-id=\"1c90c3f\" data-element_type=\"container\" data-e-type=\"container\" data-settings=\"{&quot;background_background&quot;:&quot;classic&quot;}\">\n\t\t\t\t\t<div class=\"e-con-inner\">\n\t\t\t\t<div class=\"elementor-element elementor-element-5d57672 elementor-widget__width-initial elementor-widget-tablet__width-inherit wd-width-100 elementor-widget elementor-widget-wd_title\" data-id=\"5d57672\" data-element_type=\"widget\" data-e-type=\"widget\" data-widget_type=\"wd_title.default\">\n\t\t\t\t<div class=\"elementor-widget-container\">\n\t\t\t\t\t\t\t<div class=\"title-wrapper wd-set-mb reset-last-child wd-title-color-primary wd-title-style-default wd-title-size-large text-left\">\n\n\t\t\t\t\t\t\t\t\t\t\t<div class=\"title-subtitle subtitle-color-primary subtitle-style-default wd-fontsize-xs\">\n\t\t\t\t\tQUELQUES MOTS SUR NOUS\t\t\t\t<\/div>\n\t\t\t\n\t\t\t<div class=\"liner-continer\">\n\t\t\t\t<h4 class=\"woodmart-title-container title wd-fontsize-xxl\">Accompagner la croissance du secteur mondial des \u00e9quipements forestiers<\/h4> \n\t\t\t\t\t\t\t<\/div>\n\n\t\t\t\t\t<\/div>\n\t\t\t\t\t\t<\/div>\n\t\t\t\t<\/div>\n\t\t\t\t<div class=\"elementor-element elementor-element-9c05225 elementor-widget__width-initial elementor-widget elementor-widget-wd_infobox\" data-id=\"9c05225\" data-element_type=\"widget\" data-e-type=\"widget\" data-widget_type=\"wd_infobox.default\">\n\t\t\t\t<div class=\"elementor-widget-container\">\n\t\t\t\t\t\t\t<div class=\"info-box-wrapper\">\n\t\t\t<div class=\"wd-info-box text-left box-icon-align-top box-style-base color-scheme-\">\n\t\t\t\t\n\t\t\t\t<div class=\"info-box-content\">\n\t\t\t\t\t\n\t\t\t\t\t\n\t\t\t\t\t<div class=\"info-box-inner reset-last-child\"data-elementor-setting-key=\"content\"><p>Chez <strong>Forestry Parts<\/strong>, nous construisons l\u2019avenir du commerce forestier : une place de march\u00e9 de confiance o\u00f9 <strong>les fournisseurs, fabricants et acheteurs professionnels d\u2019\u00e9quipements forestiers<\/strong> se rencontrent, collaborent et se d\u00e9veloppent ensemble.<\/p>\n<\/div>\n\n\t\t\t\t\t\t\t\t\t<\/div>\n\n\t\t\t\t\t\t\t<\/div>\n\t\t<\/div>\n\t\t\t\t\t\t<\/div>\n\t\t\t\t<\/div>\n\t\t\t\t<div class=\"elementor-element elementor-element-ec30bde elementor-widget__width-initial elementor-widget elementor-widget-wd_infobox\" data-id=\"ec30bde\" data-element_type=\"widget\" data-e-type=\"widget\" data-widget_type=\"wd_infobox.default\">\n\t\t\t\t<div class=\"elementor-widget-container\">\n\t\t\t\t\t\t\t<div class=\"info-box-wrapper\">\n\t\t\t<div class=\"wd-info-box text-left box-icon-align-top box-style-base color-scheme-\">\n\t\t\t\t\n\t\t\t\t<div class=\"info-box-content\">\n\t\t\t\t\t\n\t\t\t\t\t\t\t\t\t\t\t<h4\t\t\t\t\t\tclass=\"info-box-title title box-title-style-default wd-fontsize-m\" data-elementor-setting-key=\"title\">\n\t\t\t\t\t\t\t\tNotre mission\t\t\t\t\t\t<\/h4>\n\t\t\t\t\t\n\t\t\t\t\t<div class=\"info-box-inner reset-last-child\"data-elementor-setting-key=\"content\"><p>Connecter les principaux fournisseurs et acheteurs d\u2019\u00e9quipements forestiers \u00e0 travers le monde via une plateforme num\u00e9rique transparente, efficace et durable \u2014 afin de stimuler l\u2019innovation et la croissance dans toute la cha\u00eene d\u2019approvisionnement foresti\u00e8re.<\/p>\n<\/div>\n\n\t\t\t\t\t\t\t\t\t<\/div>\n\n\t\t\t\t\t\t\t<\/div>\n\t\t<\/div>\n\t\t\t\t\t\t<\/div>\n\t\t\t\t<\/div>\n\t\t\t\t\t<\/div>\n\t\t\t\t<\/div>\n\t\t<div class=\"wd-negative-gap elementor-element elementor-element-7c7c544 e-flex e-con-boxed e-con e-parent\" data-id=\"7c7c544\" data-element_type=\"container\" data-e-type=\"container\">\n\t\t\t\t\t<div class=\"e-con-inner\">\n\t\t<div class=\"elementor-element elementor-element-e7cb5cd e-con-full e-flex e-con e-child\" data-id=\"e7cb5cd\" data-element_type=\"container\" data-e-type=\"container\" data-settings=\"{&quot;background_background&quot;:&quot;classic&quot;}\">\n\t\t\t\t<div class=\"elementor-element elementor-element-1eb06f1 elementor-widget elementor-widget-spacer\" data-id=\"1eb06f1\" data-element_type=\"widget\" data-e-type=\"widget\" data-widget_type=\"spacer.default\">\n\t\t\t\t\t\t\t<div class=\"elementor-spacer\">\n\t\t\t<div class=\"elementor-spacer-inner\"><\/div>\n\t\t<\/div>\n\t\t\t\t\t\t<\/div>\n\t\t\t\t<\/div>\n\t\t<div class=\"elementor-element elementor-element-97d6084 e-con-full e-flex e-con e-child\" data-id=\"97d6084\" data-element_type=\"container\" data-e-type=\"container\">\n\t\t\t\t<div class=\"elementor-element elementor-element-98d830b wd-width-100 elementor-widget elementor-widget-wd_title\" data-id=\"98d830b\" data-element_type=\"widget\" data-e-type=\"widget\" data-widget_type=\"wd_title.default\">\n\t\t\t\t<div class=\"elementor-widget-container\">\n\t\t\t\t\t\t\t<div class=\"title-wrapper wd-set-mb reset-last-child wd-title-color-primary wd-title-style-default wd-title-size-large text-left\">\n\n\t\t\t\n\t\t\t<div class=\"liner-continer\">\n\t\t\t\t<h4 class=\"woodmart-title-container title wd-fontsize-xxl\">Ce que nous faisons<\/h4> \n\t\t\t\t\t\t\t<\/div>\n\n\t\t\t\t\t\t\t<div class=\"title-after_title reset-last-child wd-fontsize-s\">\n\t\t\t\t\t<p>Nous proposons une plateforme de march\u00e9 en ligne enti\u00e8rement d\u00e9di\u00e9e \u00e0 l\u2019industrie foresti\u00e8re.<\/p>\t\t\t\t<\/div>\n\t\t\t\t\t<\/div>\n\t\t\t\t\t\t<\/div>\n\t\t\t\t<\/div>\n\t\t\t\t<div class=\"elementor-element elementor-element-66e47ad elementor-widget elementor-widget-wd_text_block\" data-id=\"66e47ad\" data-element_type=\"widget\" data-e-type=\"widget\" data-widget_type=\"wd_text_block.default\">\n\t\t\t\t<div class=\"elementor-widget-container\">\n\t\t\t\t\t\t\t<div class=\"wd-text-block reset-last-child text-left\">\n\t\t\t\n\t\t\t<p>Gr\u00e2ce \u00e0 <strong>Forestry Parts<\/strong>, les fournisseurs peuvent :<\/p><ul><li><strong>Vendre \u00e0 l\u2019international<\/strong> gr\u00e2ce \u00e0 une logistique simplifi\u00e9e et des paiements s\u00e9curis\u00e9s ;<\/li><li><strong>D\u00e9velopper leur marque<\/strong> aupr\u00e8s d\u2019un public professionnel d\u2019entreprises et de contractants forestiers ;<\/li><li><strong>Maximiser leur rentabilit\u00e9<\/strong> gr\u00e2ce \u00e0 des taux de commission personnalis\u00e9s et adapt\u00e9s \u00e0 leurs volumes de ventes ;<\/li><li><strong>G\u00e9rer leurs op\u00e9rations<\/strong> facilement gr\u00e2ce \u00e0 des outils num\u00e9riques de gestion des stocks, ventes et exp\u00e9ditions.<\/li><\/ul><p>Les acheteurs b\u00e9n\u00e9ficient quant \u00e0 eux d\u2019un acc\u00e8s rapide \u00e0 un r\u00e9seau v\u00e9rifi\u00e9 de vendeurs fiables, de prix comp\u00e9titifs et d\u2019un vaste choix d\u2019\u00e9quipements et de machines foresti\u00e8res \u2014 le tout sur une seule plateforme.<\/p>\n\t\t\t\t\t<\/div>\n\t\t\t\t\t\t<\/div>\n\t\t\t\t<\/div>\n\t\t\t\t<\/div>\n\t\t\t\t\t<\/div>\n\t\t\t\t<\/div>\n\t\t<div class=\"wd-negative-gap elementor-element elementor-element-8481c26 e-flex e-con-boxed e-con e-parent\" data-id=\"8481c26\" data-element_type=\"container\" data-e-type=\"container\">\n\t\t\t\t\t<div class=\"e-con-inner\">\n\t\t<div class=\"elementor-element elementor-element-3db1e7a e-con-full e-flex e-con e-child\" data-id=\"3db1e7a\" data-element_type=\"container\" data-e-type=\"container\">\n\t\t\t\t<div class=\"elementor-element elementor-element-d66a211 wd-width-100 elementor-widget elementor-widget-wd_title\" data-id=\"d66a211\" data-element_type=\"widget\" data-e-type=\"widget\" data-widget_type=\"wd_title.default\">\n\t\t\t\t<div class=\"elementor-widget-container\">\n\t\t\t\t\t\t\t<div class=\"title-wrapper wd-set-mb reset-last-child wd-title-color-primary wd-title-style-default wd-title-size-large text-left\">\n\n\t\t\t\n\t\t\t<div class=\"liner-continer\">\n\t\t\t\t<h4 class=\"woodmart-title-container title wd-fontsize-xxl\">Notre marketplace comprend<\/h4> \n\t\t\t\t\t\t\t<\/div>\n\n\t\t\t\t\t\t\t<div class=\"title-after_title reset-last-child wd-fontsize-s\">\n\t\t\t\t\t<ul><li>Machines de r\u00e9colte et de d\u00e9bardage<\/li><li>\u00c9quipements de scierie et de transformation du bois<\/li><li>Outils, pi\u00e8ces d\u00e9tach\u00e9es et composants forestiers<\/li><li>\u00c9quipements de s\u00e9curit\u00e9 et de protection<\/li><li>Syst\u00e8mes GPS, drones et technologies foresti\u00e8res intelligentes<\/li><\/ul>\t\t\t\t<\/div>\n\t\t\t\t\t<\/div>\n\t\t\t\t\t\t<\/div>\n\t\t\t\t<\/div>\n\t\t\t\t<\/div>\n\t\t<div class=\"elementor-element elementor-element-538f3d6 e-con-full e-flex e-con e-child\" data-id=\"538f3d6\" data-element_type=\"container\" data-e-type=\"container\">\n\t\t\t\t<div class=\"elementor-element elementor-element-8adb6fc wd-width-100 elementor-widget elementor-widget-wd_title\" data-id=\"8adb6fc\" data-element_type=\"widget\" data-e-type=\"widget\" data-widget_type=\"wd_title.default\">\n\t\t\t\t<div class=\"elementor-widget-container\">\n\t\t\t\t\t\t\t<div class=\"title-wrapper wd-set-mb reset-last-child wd-title-color-primary wd-title-style-default wd-title-size-large text-left\">\n\n\t\t\t\n\t\t\t<div class=\"liner-continer\">\n\t\t\t\t<h4 class=\"woodmart-title-container title wd-fontsize-xxl\">Notre engagement pour la durabilit\u00e9<\/h4> \n\t\t\t\t\t\t\t<\/div>\n\n\t\t\t\t\t\t\t<div class=\"title-after_title reset-last-child wd-fontsize-s\">\n\t\t\t\t\t<p>Nous croyons que la technologie et la durabilit\u00e9 doivent aller de pair.<\/p><p>C\u2019est pourquoi nous collaborons uniquement avec des fournisseurs qui partagent nos valeurs : approvisionnement responsable, protection de l\u2019environnement et gestion durable des for\u00eats.<\/p><p>Notre plateforme encourage les pratiques commerciales \u00e9coresponsables et soutient l\u2019innovation au service d\u2019une exploitation foresti\u00e8re durable.<\/p>\t\t\t\t<\/div>\n\t\t\t\t\t<\/div>\n\t\t\t\t\t\t<\/div>\n\t\t\t\t<\/div>\n\t\t\t\t<\/div>\n\t\t\t\t\t<\/div>\n\t\t\t\t<\/div>\n\t\t<div class=\"wd-negative-gap elementor-element elementor-element-e4605cd wd-section-stretch e-flex e-con-boxed e-con e-parent\" data-id=\"e4605cd\" data-element_type=\"container\" data-e-type=\"container\" data-settings=\"{&quot;background_background&quot;:&quot;classic&quot;}\">\n\t\t\t\t\t<div class=\"e-con-inner\">\n\t\t\t\t<div class=\"elementor-element elementor-element-4367775 elementor-widget__width-initial elementor-widget-tablet__width-inherit wd-width-100 elementor-widget elementor-widget-wd_title\" data-id=\"4367775\" data-element_type=\"widget\" data-e-type=\"widget\" data-widget_type=\"wd_title.default\">\n\t\t\t\t<div class=\"elementor-widget-container\">\n\t\t\t\t\t\t\t<div class=\"title-wrapper wd-set-mb reset-last-child wd-title-color-primary wd-title-style-default wd-title-size-large text-left\">\n\n\t\t\t\t\t\t\t\t\t\t\t<div class=\"title-subtitle subtitle-color-primary subtitle-style-default wd-fontsize-xs\">\n\t\t\t\t\tFORESTRY PARTS\t\t\t\t<\/div>\n\t\t\t\n\t\t\t<div class=\"liner-continer\">\n\t\t\t\t<h4 class=\"woodmart-title-container title wd-fontsize-xxl\">Connecter la fili\u00e8re foresti\u00e8re. Dynamiser le commerce. Pr\u00e9server l\u2019avenir.<\/h4> \n\t\t\t\t\t\t\t<\/div>\n\n\t\t\t\t\t<\/div>\n\t\t\t\t\t\t<\/div>\n\t\t\t\t<\/div>\n\t\t\t\t<div class=\"elementor-element elementor-element-186e797 elementor-widget__width-initial elementor-widget elementor-widget-wd_infobox\" data-id=\"186e797\" data-element_type=\"widget\" data-e-type=\"widget\" data-widget_type=\"wd_infobox.default\">\n\t\t\t\t<div class=\"elementor-widget-container\">\n\t\t\t\t\t\t\t<div class=\"info-box-wrapper\">\n\t\t\t<div class=\"wd-info-box text-left box-icon-align-top box-style-base color-scheme-\">\n\t\t\t\t\n\t\t\t\t<div class=\"info-box-content\">\n\t\t\t\t\t\n\t\t\t\t\t\t\t\t\t\t\t<h4\t\t\t\t\t\tclass=\"info-box-title title box-title-style-default wd-fontsize-m\" data-elementor-setting-key=\"title\">\n\t\t\t\t\t\t\t\tNotre vision\t\t\t\t\t\t<\/h4>\n\t\t\t\t\t\n\t\t\t\t\t<div class=\"info-box-inner reset-last-child\"data-elementor-setting-key=\"content\"><p>Devenir le <strong>centre mondial du commerce des \u00e9quipements forestiers<\/strong> \u2014 o\u00f9 l\u2019innovation, la transparence et la durabilit\u00e9 favorisent un progr\u00e8s r\u00e9el dans toute l\u2019industrie foresti\u00e8re.<\/p>\n<p>Nous ne sommes pas seulement une marketplace : nous sommes un <strong>partenaire strat\u00e9gique<\/strong> pour construire une \u00e9conomie foresti\u00e8re plus intelligente, plus verte et plus connect\u00e9e.<\/p>\n<\/div>\n\n\t\t\t\t\t\t\t\t\t<\/div>\n\n\t\t\t\t\t\t\t<\/div>\n\t\t<\/div>\n\t\t\t\t\t\t<\/div>\n\t\t\t\t<\/div>\n\t\t\t\t<div class=\"elementor-element elementor-element-a3fa31f elementor-widget__width-initial elementor-widget elementor-widget-wd_infobox\" data-id=\"a3fa31f\" data-element_type=\"widget\" data-e-type=\"widget\" data-widget_type=\"wd_infobox.default\">\n\t\t\t\t<div class=\"elementor-widget-container\">\n\t\t\t\t\t\t\t<div class=\"info-box-wrapper\">\n\t\t\t<div class=\"wd-info-box text-left box-icon-align-top box-style-base color-scheme-\">\n\t\t\t\t\n\t\t\t\t<div class=\"info-box-content\">\n\t\t\t\t\t\n\t\t\t\t\t\n\t\t\t\t\t<div class=\"info-box-inner reset-last-child\"data-elementor-setting-key=\"content\"><\/div>\n\n\t\t\t\t\t\t\t\t\t<\/div>\n\n\t\t\t\t\t\t\t<\/div>\n\t\t<\/div>\n\t\t\t\t\t\t<\/div>\n\t\t\t\t<\/div>\n\t\t\t\t\t<\/div>\n\t\t\t\t<\/div>\n\t\t\t\t<\/div>\n\t\t","protected":false},"excerpt":{"rendered":"<p>QUELQUES MOTS SUR NOUS Accompagner la croissance du secteur mondial des \u00e9quipements forestiers Chez Forestry Parts, nous construisons l\u2019avenir du<\/p>\n","protected":false},"author":1,"featured_media":0,"parent":0,"menu_order":0,"comment_status":"closed","ping_status":"closed","template":"","meta":{"footnotes":""},"class_list":["post-29602","page","type-page","status-publish","hentry"],"_hostinger_reach_plugin_has_subscription_block":false,"_hostinger_reach_plugin_is_elementor":false,"_links":{"self":[{"href":"https:\/\/forestry-parts.eu\/fr\/wp-json\/wp\/v2\/pages\/29602","targetHints":{"allow":["GET"]}}],"collection":[{"href":"https:\/\/forestry-parts.eu\/fr\/wp-json\/wp\/v2\/pages"}],"about":[{"href":"https:\/\/forestry-parts.eu\/fr\/wp-json\/wp\/v2\/types\/page"}],"author":[{"embeddable":true,"href":"https:\/\/forestry-parts.eu\/fr\/wp-json\/wp\/v2\/users\/1"}],"replies":[{"embeddable":true,"href":"https:\/\/forestry-parts.eu\/fr\/wp-json\/wp\/v2\/comments?post=29602"}],"version-history":[{"count":4,"href":"https:\/\/forestry-parts.eu\/fr\/wp-json\/wp\/v2\/pages\/29602\/revisions"}],"predecessor-version":[{"id":29610,"href":"https:\/\/forestry-parts.eu\/fr\/wp-json\/wp\/v2\/pages\/29602\/revisions\/29610"}],"wp:attachment":[{"href":"https:\/\/forestry-parts.eu\/fr\/wp-json\/wp\/v2\/media?parent=29602"}],"curies":[{"name":"wp","href":"https:\/\/api.w.org\/{rel}","templated":true}]}}