{"id":29683,"date":"2025-10-09T06:19:29","date_gmt":"2025-10-09T06:19:29","guid":{"rendered":"https:\/\/forestry-parts.eu\/cookie-policy\/"},"modified":"2025-10-21T17:59:29","modified_gmt":"2025-10-21T17:59:29","slug":"cookie-policy","status":"publish","type":"page","link":"https:\/\/forestry-parts.eu\/fr\/cookie-policy\/","title":{"rendered":"Politique relative aux cookies"},"content":{"rendered":"\t\t<div data-elementor-type=\"wp-page\" data-elementor-id=\"29683\" class=\"elementor elementor-29683 elementor-29256\">\n\t\t\t\t<div class=\"elementor-element elementor-element-ebe2bb2 e-flex e-con-boxed e-con e-parent\" data-id=\"ebe2bb2\" data-element_type=\"container\" data-e-type=\"container\">\n\t\t\t\t\t<div class=\"e-con-inner\">\n\t\t\t\t<div class=\"elementor-element elementor-element-0caaac3 color-scheme-inherit text-left elementor-widget elementor-widget-text-editor\" data-id=\"0caaac3\" data-element_type=\"widget\" data-e-type=\"widget\" data-widget_type=\"text-editor.default\">\n\t\t\t\t\t\t\t\t\t<p data-start=\"39\" data-end=\"76\"><em>Derni\u00e8re mise \u00e0 jour : <strong data-start=\"62\" data-end=\"76\">10.09.2025<\/strong><\/em><\/p><h3 data-start=\"83\" data-end=\"118\">1. <strong data-start=\"90\" data-end=\"116\">Que sont les cookies ?<\/strong><\/h3><p data-start=\"119\" data-end=\"292\">Les cookies sont de petits fichiers stock\u00e9s sur votre appareil afin d\u2019am\u00e9liorer la fonctionnalit\u00e9, les performances et la personnalisation de votre exp\u00e9rience de navigation.<\/p><hr data-start=\"294\" data-end=\"297\" \/><h3 data-start=\"299\" data-end=\"346\">\u00a0<\/h3><h3 data-start=\"299\" data-end=\"346\">2. <strong data-start=\"306\" data-end=\"344\">Comment nous utilisons les cookies<\/strong><\/h3><p data-start=\"347\" data-end=\"382\">Nous utilisons des cookies pour :<\/p><ul data-start=\"383\" data-end=\"580\"><li data-start=\"383\" data-end=\"466\"><p data-start=\"385\" data-end=\"466\">Activer les fonctions essentielles du site (connexion, panier, tableau de bord)<\/p><\/li><li data-start=\"467\" data-end=\"522\"><p data-start=\"469\" data-end=\"522\">Analyser le comportement des visiteurs et le trafic<\/p><\/li><li data-start=\"523\" data-end=\"580\"><p data-start=\"525\" data-end=\"580\">Personnaliser la langue, la devise et les pr\u00e9f\u00e9rences<\/p><\/li><\/ul><hr data-start=\"582\" data-end=\"585\" \/><h3 data-start=\"587\" data-end=\"619\">\u00a0<\/h3><h3 data-start=\"587\" data-end=\"619\">3. <strong data-start=\"594\" data-end=\"617\">Gestion des cookies<\/strong><\/h3><p data-start=\"620\" data-end=\"793\">Vous pouvez d\u00e9sactiver ou g\u00e9rer les cookies dans les param\u00e8tres de votre navigateur.<br data-start=\"704\" data-end=\"707\" \/>Cependant, certaines fonctionnalit\u00e9s peuvent ne pas fonctionner correctement sans eux.<\/p><hr data-start=\"795\" data-end=\"798\" \/><h3 data-start=\"800\" data-end=\"826\">\u00a0<\/h3><h3 data-start=\"800\" data-end=\"826\">4. <strong data-start=\"807\" data-end=\"824\">Cookies tiers<\/strong><\/h3><p data-start=\"827\" data-end=\"1020\">Des outils d\u2019analyse tels que <strong data-start=\"857\" data-end=\"877\">Google Analytics<\/strong> peuvent placer des cookies afin de collecter des donn\u00e9es anonymes.<br data-start=\"944\" data-end=\"947\" \/>Ces tiers fonctionnent selon leurs propres politiques de confidentialit\u00e9.<\/p>\t\t\t\t\t\t\t\t<\/div>\n\t\t\t\t\t<\/div>\n\t\t\t\t<\/div>\n\t\t\t\t<\/div>\n\t\t","protected":false},"excerpt":{"rendered":"<p>Derni\u00e8re mise \u00e0 jour : 10.09.2025 1. Que sont les cookies ? Les cookies sont de petits fichiers stock\u00e9s sur<\/p>\n","protected":false},"author":1,"featured_media":0,"parent":0,"menu_order":0,"comment_status":"closed","ping_status":"closed","template":"","meta":{"footnotes":""},"class_list":["post-29683","page","type-page","status-publish","hentry"],"_hostinger_reach_plugin_has_subscription_block":false,"_hostinger_reach_plugin_is_elementor":false,"_links":{"self":[{"href":"https:\/\/forestry-parts.eu\/fr\/wp-json\/wp\/v2\/pages\/29683","targetHints":{"allow":["GET"]}}],"collection":[{"href":"https:\/\/forestry-parts.eu\/fr\/wp-json\/wp\/v2\/pages"}],"about":[{"href":"https:\/\/forestry-parts.eu\/fr\/wp-json\/wp\/v2\/types\/page"}],"author":[{"embeddable":true,"href":"https:\/\/forestry-parts.eu\/fr\/wp-json\/wp\/v2\/users\/1"}],"replies":[{"embeddable":true,"href":"https:\/\/forestry-parts.eu\/fr\/wp-json\/wp\/v2\/comments?post=29683"}],"version-history":[{"count":4,"href":"https:\/\/forestry-parts.eu\/fr\/wp-json\/wp\/v2\/pages\/29683\/revisions"}],"predecessor-version":[{"id":29690,"href":"https:\/\/forestry-parts.eu\/fr\/wp-json\/wp\/v2\/pages\/29683\/revisions\/29690"}],"wp:attachment":[{"href":"https:\/\/forestry-parts.eu\/fr\/wp-json\/wp\/v2\/media?parent=29683"}],"curies":[{"name":"wp","href":"https:\/\/api.w.org\/{rel}","templated":true}]}}