{"id":29706,"date":"2025-10-09T06:16:41","date_gmt":"2025-10-09T06:16:41","guid":{"rendered":"https:\/\/forestry-parts.eu\/privacy-policy-2\/"},"modified":"2025-10-21T17:59:25","modified_gmt":"2025-10-21T17:59:25","slug":"privacy-policy-2","status":"publish","type":"page","link":"https:\/\/forestry-parts.eu\/fr\/privacy-policy-2\/","title":{"rendered":"Politique de confidentialit\u00e9"},"content":{"rendered":"\t\t<div data-elementor-type=\"wp-page\" data-elementor-id=\"29706\" class=\"elementor elementor-29706 elementor-29251\">\n\t\t\t\t<div class=\"elementor-element elementor-element-daea2ce e-flex e-con-boxed e-con e-parent\" data-id=\"daea2ce\" data-element_type=\"container\" data-e-type=\"container\">\n\t\t\t\t\t<div class=\"e-con-inner\">\n\t\t\t\t<div class=\"elementor-element elementor-element-fe25d89 color-scheme-inherit text-left elementor-widget elementor-widget-text-editor\" data-id=\"fe25d89\" data-element_type=\"widget\" data-e-type=\"widget\" data-widget_type=\"text-editor.default\">\n\t\t\t\t\t\t\t\t\t<p data-start=\"198\" data-end=\"235\"><em><strong data-start=\"198\" data-end=\"235\">Derni\u00e8re mise \u00e0 jour : 10.09.2025<\/strong><\/em><\/p><h2 data-start=\"237\" data-end=\"262\">1. <strong data-start=\"244\" data-end=\"260\">Introduction<\/strong><\/h2><p data-start=\"263\" data-end=\"478\">Votre confidentialit\u00e9 est importante pour nous. Cette politique explique comment <strong data-start=\"344\" data-end=\"365\">forestry-parts.eu<\/strong> collecte, utilise et prot\u00e8ge vos informations personnelles lorsque vous utilisez notre site web et nos services.<\/p><h2 data-start=\"480\" data-end=\"525\">2. <strong data-start=\"487\" data-end=\"523\">Informations que nous collectons<\/strong><\/h2><p data-start=\"526\" data-end=\"552\">Nous pouvons collecter :<\/p><ul data-start=\"553\" data-end=\"785\"><li data-start=\"553\" data-end=\"620\"><p data-start=\"555\" data-end=\"620\"><strong data-start=\"555\" data-end=\"578\">Donn\u00e9es de compte :<\/strong> nom, entreprise, coordonn\u00e9es et adresse<\/p><\/li><li data-start=\"621\" data-end=\"698\"><p data-start=\"623\" data-end=\"698\"><strong data-start=\"623\" data-end=\"651\">Donn\u00e9es de transaction :<\/strong> commandes, paiements et d\u00e9tails d\u2019exp\u00e9dition<\/p><\/li><li data-start=\"699\" data-end=\"785\"><p data-start=\"701\" data-end=\"785\"><strong data-start=\"701\" data-end=\"725\">Donn\u00e9es techniques :<\/strong> adresse IP, type de navigateur et identifiants d\u2019appareil<\/p><\/li><\/ul><h2 data-start=\"787\" data-end=\"839\">3. <strong data-start=\"794\" data-end=\"837\">Comment nous utilisons vos informations<\/strong><\/h2><p data-start=\"840\" data-end=\"886\">Nous utilisons les donn\u00e9es collect\u00e9es pour :<\/p><ul data-start=\"887\" data-end=\"1110\"><li data-start=\"887\" data-end=\"936\"><p data-start=\"889\" data-end=\"936\">Traiter les transactions et g\u00e9rer les comptes<\/p><\/li><li data-start=\"937\" data-end=\"995\"><p data-start=\"939\" data-end=\"995\">Faciliter la communication entre acheteurs et vendeurs<\/p><\/li><li data-start=\"996\" data-end=\"1054\"><p data-start=\"998\" data-end=\"1054\">Am\u00e9liorer notre plateforme et l\u2019exp\u00e9rience utilisateur<\/p><\/li><li data-start=\"1055\" data-end=\"1110\"><p data-start=\"1057\" data-end=\"1110\">Respecter les obligations l\u00e9gales et r\u00e9glementaires<\/p><\/li><\/ul><h2 data-start=\"1112\" data-end=\"1144\">4. <strong data-start=\"1119\" data-end=\"1142\">Partage des donn\u00e9es<\/strong><\/h2><p data-start=\"1145\" data-end=\"1237\">Nous partageons des donn\u00e9es limit\u00e9es avec des prestataires de services de confiance pour :<\/p><ul data-start=\"1238\" data-end=\"1402\"><li data-start=\"1238\" data-end=\"1272\"><p data-start=\"1240\" data-end=\"1272\">Les paiements et la logistique<\/p><\/li><li data-start=\"1273\" data-end=\"1315\"><p data-start=\"1275\" data-end=\"1315\">L\u2019analyse et le suivi des performances<\/p><\/li><li data-start=\"1316\" data-end=\"1402\"><p data-start=\"1318\" data-end=\"1402\">La communication avec les clients<br data-start=\"1351\" data-end=\"1354\" \/>Nous ne vendons jamais vos donn\u00e9es personnelles.<\/p><\/li><\/ul><h2 data-start=\"1404\" data-end=\"1453\">5. <strong data-start=\"1411\" data-end=\"1451\">Conservation et s\u00e9curit\u00e9 des donn\u00e9es<\/strong><\/h2><p data-start=\"1454\" data-end=\"1698\">Vos donn\u00e9es sont stock\u00e9es en toute s\u00e9curit\u00e9 et conserv\u00e9es uniquement pendant la dur\u00e9e n\u00e9cessaire \u00e0 des fins l\u00e9gales ou op\u00e9rationnelles.<br data-start=\"1589\" data-end=\"1592\" \/>Nous utilisons le chiffrement, le contr\u00f4le d\u2019acc\u00e8s et des audits r\u00e9guliers pour prot\u00e9ger vos informations.<\/p><h2 data-start=\"1700\" data-end=\"1723\">6. <strong data-start=\"1707\" data-end=\"1721\">Vos droits<\/strong><\/h2><p data-start=\"1724\" data-end=\"1865\">Vous pouvez demander \u00e0 acc\u00e9der, mettre \u00e0 jour ou supprimer vos informations personnelles en contactant :<br data-start=\"1828\" data-end=\"1831\" \/>\ud83d\udce9 <strong data-start=\"1834\" data-end=\"1865\">[<a class=\"decorated-link cursor-pointer\" rel=\"noopener\">contact@forestry-parts.eu<\/a>]<\/strong><\/p>\t\t\t\t\t\t\t\t<\/div>\n\t\t\t\t\t<\/div>\n\t\t\t\t<\/div>\n\t\t\t\t<\/div>\n\t\t","protected":false},"excerpt":{"rendered":"<p>Derni\u00e8re mise \u00e0 jour : 10.09.2025 1. Introduction Votre confidentialit\u00e9 est importante pour nous. Cette politique explique comment forestry-parts.eu collecte,<\/p>\n","protected":false},"author":1,"featured_media":0,"parent":0,"menu_order":0,"comment_status":"closed","ping_status":"closed","template":"","meta":{"footnotes":""},"class_list":["post-29706","page","type-page","status-publish","hentry"],"_hostinger_reach_plugin_has_subscription_block":false,"_hostinger_reach_plugin_is_elementor":false,"_links":{"self":[{"href":"https:\/\/forestry-parts.eu\/fr\/wp-json\/wp\/v2\/pages\/29706","targetHints":{"allow":["GET"]}}],"collection":[{"href":"https:\/\/forestry-parts.eu\/fr\/wp-json\/wp\/v2\/pages"}],"about":[{"href":"https:\/\/forestry-parts.eu\/fr\/wp-json\/wp\/v2\/types\/page"}],"author":[{"embeddable":true,"href":"https:\/\/forestry-parts.eu\/fr\/wp-json\/wp\/v2\/users\/1"}],"replies":[{"embeddable":true,"href":"https:\/\/forestry-parts.eu\/fr\/wp-json\/wp\/v2\/comments?post=29706"}],"version-history":[{"count":4,"href":"https:\/\/forestry-parts.eu\/fr\/wp-json\/wp\/v2\/pages\/29706\/revisions"}],"predecessor-version":[{"id":29713,"href":"https:\/\/forestry-parts.eu\/fr\/wp-json\/wp\/v2\/pages\/29706\/revisions\/29713"}],"wp:attachment":[{"href":"https:\/\/forestry-parts.eu\/fr\/wp-json\/wp\/v2\/media?parent=29706"}],"curies":[{"name":"wp","href":"https:\/\/api.w.org\/{rel}","templated":true}]}}