{"id":29732,"date":"2025-10-09T06:21:12","date_gmt":"2025-10-09T06:21:12","guid":{"rendered":"https:\/\/forestry-parts.eu\/shipping-delivery-policy\/"},"modified":"2025-10-21T17:59:16","modified_gmt":"2025-10-21T17:59:16","slug":"shipping-delivery-policy","status":"publish","type":"page","link":"https:\/\/forestry-parts.eu\/fr\/shipping-delivery-policy\/","title":{"rendered":"Exp\u00e9dition et livraison"},"content":{"rendered":"\t\t<div data-elementor-type=\"wp-page\" data-elementor-id=\"29732\" class=\"elementor elementor-29732 elementor-29261\">\n\t\t\t\t<div class=\"elementor-element elementor-element-8694c9a e-flex e-con-boxed e-con e-parent\" data-id=\"8694c9a\" data-element_type=\"container\" data-e-type=\"container\">\n\t\t\t\t\t<div class=\"e-con-inner\">\n\t\t\t\t<div class=\"elementor-element elementor-element-0b9f06f color-scheme-inherit text-left elementor-widget elementor-widget-text-editor\" data-id=\"0b9f06f\" data-element_type=\"widget\" data-e-type=\"widget\" data-widget_type=\"text-editor.default\">\n\t\t\t\t\t\t\t\t\t<p data-start=\"163\" data-end=\"200\"><em><strong data-start=\"163\" data-end=\"200\">Derni\u00e8re mise \u00e0 jour : 10.09.2025<\/strong><\/em><\/p><h2 data-start=\"202\" data-end=\"229\">1. <strong data-start=\"209\" data-end=\"227\">Vue d\u2019ensemble<\/strong><\/h2><p data-start=\"230\" data-end=\"467\">L\u2019exp\u00e9dition et la livraison sur <strong data-start=\"263\" data-end=\"284\">forestry-parts.eu<\/strong> sont g\u00e9r\u00e9es directement par chaque vendeur.<br data-start=\"328\" data-end=\"331\" \/>\u00c9tant une place de march\u00e9 multi-vendeurs, les frais d\u2019exp\u00e9dition, les transporteurs et les d\u00e9lais de livraison varient selon le vendeur.<\/p><h2 data-start=\"469\" data-end=\"508\">2. <strong data-start=\"476\" data-end=\"506\">Responsabilit\u00e9s du vendeur<\/strong><\/h2><p data-start=\"509\" data-end=\"546\">Chaque vendeur est responsable de :<\/p><ul data-start=\"547\" data-end=\"744\"><li data-start=\"547\" data-end=\"592\"><p data-start=\"549\" data-end=\"592\">D\u00e9finir les tarifs et d\u00e9lais d\u2019exp\u00e9dition<\/p><\/li><li data-start=\"593\" data-end=\"659\"><p data-start=\"595\" data-end=\"659\">Fournir des informations pr\u00e9cises sur le suivi et la livraison<\/p><\/li><li data-start=\"660\" data-end=\"744\"><p data-start=\"662\" data-end=\"744\">Respecter les r\u00e9glementations locales et internationales en mati\u00e8re d\u2019exp\u00e9dition<\/p><\/li><\/ul><p data-start=\"746\" data-end=\"871\">Les acheteurs sont encourag\u00e9s \u00e0 consulter les d\u00e9tails d\u2019exp\u00e9dition sp\u00e9cifiques \u00e0 chaque vendeur avant de passer une commande.<\/p><h2 data-start=\"873\" data-end=\"913\">3. <strong data-start=\"880\" data-end=\"911\">D\u00e9lais de livraison estim\u00e9s<\/strong><\/h2><p data-start=\"914\" data-end=\"1154\">Les d\u00e9lais de livraison affich\u00e9s sur les pages produits sont uniquement des estimations et peuvent varier selon le type de produit, la destination et les formalit\u00e9s douani\u00e8res.<br data-start=\"1090\" data-end=\"1093\" \/><strong data-start=\"1093\" data-end=\"1114\">forestry-parts.eu<\/strong> ne garantit pas les dates de livraison.<\/p><h2 data-start=\"1156\" data-end=\"1194\">4. <strong data-start=\"1163\" data-end=\"1192\">Exp\u00e9dition internationale<\/strong><\/h2><p data-start=\"1195\" data-end=\"1401\">Pour les commandes internationales, des droits suppl\u00e9mentaires, taxes \u00e0 l\u2019importation ou frais de douane peuvent s\u2019appliquer.<br data-start=\"1320\" data-end=\"1323\" \/>Ces frais sont \u00e0 la charge de l\u2019acheteur sauf indication contraire du vendeur.<\/p><h2 data-start=\"1403\" data-end=\"1434\">5. <strong data-start=\"1410\" data-end=\"1432\">Retards et litiges<\/strong><\/h2><p data-start=\"1435\" data-end=\"1689\">En tant que plateforme interm\u00e9diaire, <strong data-start=\"1473\" data-end=\"1494\">forestry-parts.eu<\/strong> n\u2019est pas directement responsable des retards d\u2019exp\u00e9dition, des dommages ou des colis perdus.<br data-start=\"1588\" data-end=\"1591\" \/>Dans ces cas, les acheteurs doivent contacter le vendeur directement via leur tableau de commande.<\/p><h2 data-start=\"1691\" data-end=\"1719\">6. <strong data-start=\"1698\" data-end=\"1717\">Besoin d\u2019aide ?<\/strong><\/h2><p data-start=\"1720\" data-end=\"1863\">Pour toute assistance concernant les commandes ou les litiges, veuillez contacter notre \u00e9quipe support \u00e0 :<br data-start=\"1826\" data-end=\"1829\" \/>\ud83d\udce9 <strong data-start=\"1832\" data-end=\"1863\">[<a class=\"decorated-link cursor-pointer\" rel=\"noopener\">contact@forestry-parts.eu<\/a>]<\/strong><\/p>\t\t\t\t\t\t\t\t<\/div>\n\t\t\t\t\t<\/div>\n\t\t\t\t<\/div>\n\t\t\t\t<\/div>\n\t\t","protected":false},"excerpt":{"rendered":"<p>Derni\u00e8re mise \u00e0 jour : 10.09.2025 1. Vue d\u2019ensemble L\u2019exp\u00e9dition et la livraison sur forestry-parts.eu sont g\u00e9r\u00e9es directement par chaque<\/p>\n","protected":false},"author":1,"featured_media":0,"parent":0,"menu_order":0,"comment_status":"closed","ping_status":"closed","template":"","meta":{"footnotes":""},"class_list":["post-29732","page","type-page","status-publish","hentry"],"_hostinger_reach_plugin_has_subscription_block":false,"_hostinger_reach_plugin_is_elementor":false,"_links":{"self":[{"href":"https:\/\/forestry-parts.eu\/fr\/wp-json\/wp\/v2\/pages\/29732","targetHints":{"allow":["GET"]}}],"collection":[{"href":"https:\/\/forestry-parts.eu\/fr\/wp-json\/wp\/v2\/pages"}],"about":[{"href":"https:\/\/forestry-parts.eu\/fr\/wp-json\/wp\/v2\/types\/page"}],"author":[{"embeddable":true,"href":"https:\/\/forestry-parts.eu\/fr\/wp-json\/wp\/v2\/users\/1"}],"replies":[{"embeddable":true,"href":"https:\/\/forestry-parts.eu\/fr\/wp-json\/wp\/v2\/comments?post=29732"}],"version-history":[{"count":4,"href":"https:\/\/forestry-parts.eu\/fr\/wp-json\/wp\/v2\/pages\/29732\/revisions"}],"predecessor-version":[{"id":29739,"href":"https:\/\/forestry-parts.eu\/fr\/wp-json\/wp\/v2\/pages\/29732\/revisions\/29739"}],"wp:attachment":[{"href":"https:\/\/forestry-parts.eu\/fr\/wp-json\/wp\/v2\/media?parent=29732"}],"curies":[{"name":"wp","href":"https:\/\/api.w.org\/{rel}","templated":true}]}}