{"id":29752,"date":"2025-10-09T06:12:36","date_gmt":"2025-10-09T06:12:36","guid":{"rendered":"https:\/\/forestry-parts.eu\/terms-conditions\/"},"modified":"2025-10-21T17:59:01","modified_gmt":"2025-10-21T17:59:01","slug":"terms-conditions","status":"publish","type":"page","link":"https:\/\/forestry-parts.eu\/fr\/terms-conditions\/","title":{"rendered":"Conditions G\u00e9n\u00e9rales"},"content":{"rendered":"\t\t<div data-elementor-type=\"wp-page\" data-elementor-id=\"29752\" class=\"elementor elementor-29752 elementor-29246\">\n\t\t\t\t<div class=\"elementor-element elementor-element-d18fb26 e-flex e-con-boxed e-con e-parent\" data-id=\"d18fb26\" data-element_type=\"container\" data-e-type=\"container\">\n\t\t\t\t\t<div class=\"e-con-inner\">\n\t\t\t\t<div class=\"elementor-element elementor-element-f4d89b1 color-scheme-inherit text-left elementor-widget elementor-widget-text-editor\" data-id=\"f4d89b1\" data-element_type=\"widget\" data-e-type=\"widget\" data-widget_type=\"text-editor.default\">\n\t\t\t\t\t\t\t\t\t<h2 data-start=\"183\" data-end=\"208\">1. <strong data-start=\"190\" data-end=\"206\">Introduction<\/strong><\/h2><p data-start=\"209\" data-end=\"491\">Bienvenue sur <strong data-start=\"223\" data-end=\"244\">forestry-parts.eu<\/strong> (\u00ab nous \u00bb, \u00ab notre \u00bb ou \u00ab la Plateforme \u00bb). En acc\u00e9dant \u00e0 notre site web et \u00e0 nos services de marketplace, vous acceptez de respecter et d\u2019\u00eatre li\u00e9 par ces Conditions G\u00e9n\u00e9rales.<br data-start=\"422\" data-end=\"425\" \/>Si vous n\u2019acceptez pas, veuillez ne pas utiliser notre plateforme.<\/p><h2 data-start=\"493\" data-end=\"535\">2. <strong data-start=\"500\" data-end=\"533\">\u00c0 propos de notre marketplace<\/strong><\/h2><p data-start=\"536\" data-end=\"934\"><strong data-start=\"223\" data-end=\"244\">Forestry-parts.eu<\/strong> fonctionne comme une marketplace en ligne mondiale, reliant les fournisseurs, fabricants et vendeurs d\u2019\u00e9quipements forestiers \u00e0 la fois aux entreprises et aux acheteurs particuliers.<br data-start=\"749\" data-end=\"752\" \/>Nous facilitons la mise en ligne, la promotion et le processus de transaction, mais nous ne poss\u00e9dons, ne produisons ni ne vendons directement les produits propos\u00e9s par les vendeurs.<\/p><h2 data-start=\"936\" data-end=\"990\">3. <strong data-start=\"943\" data-end=\"988\">Responsabilit\u00e9s des vendeurs et acheteurs<\/strong><\/h2><p data-start=\"992\" data-end=\"1068\"><strong data-start=\"992\" data-end=\"1004\">Vendeurs<\/strong><br data-start=\"1004\" data-end=\"1007\" \/>Chaque vendeur est une entit\u00e9 ind\u00e9pendante responsable de :<\/p><ul data-start=\"1069\" data-end=\"1339\"><li data-start=\"1069\" data-end=\"1134\"><p data-start=\"1071\" data-end=\"1134\">Fournir des descriptions de produits, tarifs et images exacts<\/p><\/li><li data-start=\"1135\" data-end=\"1181\"><p data-start=\"1137\" data-end=\"1181\">G\u00e9rer les stocks, commandes et exp\u00e9ditions<\/p><\/li><li data-start=\"1182\" data-end=\"1243\"><p data-start=\"1184\" data-end=\"1243\">D\u00e9finir les conditions d\u2019exp\u00e9dition et les d\u00e9lais estim\u00e9s<\/p><\/li><li data-start=\"1244\" data-end=\"1339\"><p data-start=\"1246\" data-end=\"1339\">Respecter toutes les r\u00e9glementations commerciales, de s\u00e9curit\u00e9 et d\u2019exportation applicables<\/p><\/li><\/ul><p data-start=\"1341\" data-end=\"1552\"><strong data-start=\"1341\" data-end=\"1354\">Acheteurs<\/strong><br data-start=\"1354\" data-end=\"1357\" \/>Les acheteurs sont responsables de v\u00e9rifier les sp\u00e9cifications des produits, d\u2019examiner les informations du vendeur et de s\u2019assurer du respect des lois locales sur l\u2019importation avant tout achat.<\/p><h2 data-start=\"1554\" data-end=\"1585\">4. <strong data-start=\"1561\" data-end=\"1583\">Paiements et frais<\/strong><\/h2><p data-start=\"1586\" data-end=\"1954\">Les transactions sont trait\u00e9es en toute s\u00e9curit\u00e9 par nos partenaires de paiement. Les vendeurs acceptent les frais de service et de commission applicables, qui peuvent varier selon le volume des ventes ou les arrangements personnalis\u00e9s.<br data-start=\"1822\" data-end=\"1825\" \/>Les d\u00e9lais de paiement, m\u00e9thodes de versement et options de devises sont d\u00e9finis dans les param\u00e8tres du compte de chaque vendeur.<\/p><h2 data-start=\"1956\" data-end=\"1993\">5. <strong data-start=\"1963\" data-end=\"1991\">Propri\u00e9t\u00e9 intellectuelle<\/strong><\/h2><p data-start=\"1994\" data-end=\"2255\">Tout le contenu du site (logos, design, textes et graphiques) appartient \u00e0 <strong data-start=\"2069\" data-end=\"2090\">forestry-parts.eu<\/strong> ou \u00e0 ses conc\u00e9dants. Les vendeurs conservent la propri\u00e9t\u00e9 de leurs annonces produits mais accordent \u00e0 la plateforme une licence pour les afficher et les promouvoir.<\/p><h2 data-start=\"2257\" data-end=\"2298\">6. <strong data-start=\"2264\" data-end=\"2296\">Limitation de responsabilit\u00e9<\/strong><\/h2><p data-start=\"2299\" data-end=\"2425\">Bien que nous nous efforcions d\u2019assurer une exp\u00e9rience utilisateur fiable, <strong data-start=\"2374\" data-end=\"2395\">forestry-parts.eu<\/strong> n\u2019est pas responsable des :<\/p><ul data-start=\"2426\" data-end=\"2616\"><li data-start=\"2426\" data-end=\"2489\"><p data-start=\"2428\" data-end=\"2489\">Erreurs dans les informations sur les produits des vendeurs<\/p><\/li><li data-start=\"2490\" data-end=\"2544\"><p data-start=\"2492\" data-end=\"2544\">Retards de livraison ou dommages li\u00e9s au transport<\/p><\/li><li data-start=\"2545\" data-end=\"2616\"><p data-start=\"2547\" data-end=\"2616\">Pertes r\u00e9sultant de prestataires de paiement ou de logistique tiers<\/p><\/li><\/ul><p data-start=\"2618\" data-end=\"2732\">Nous ne sommes pas responsables des dommages indirects ou cons\u00e9cutifs d\u00e9coulant de l\u2019utilisation de la plateforme.<\/p>\t\t\t\t\t\t\t\t<\/div>\n\t\t\t\t\t<\/div>\n\t\t\t\t<\/div>\n\t\t\t\t<\/div>\n\t\t","protected":false},"excerpt":{"rendered":"<p>1. Introduction Bienvenue sur forestry-parts.eu (\u00ab nous \u00bb, \u00ab notre \u00bb ou \u00ab la Plateforme \u00bb). En acc\u00e9dant \u00e0 notre<\/p>\n","protected":false},"author":1,"featured_media":0,"parent":0,"menu_order":0,"comment_status":"closed","ping_status":"closed","template":"","meta":{"footnotes":""},"class_list":["post-29752","page","type-page","status-publish","hentry"],"_hostinger_reach_plugin_has_subscription_block":false,"_hostinger_reach_plugin_is_elementor":false,"_links":{"self":[{"href":"https:\/\/forestry-parts.eu\/fr\/wp-json\/wp\/v2\/pages\/29752","targetHints":{"allow":["GET"]}}],"collection":[{"href":"https:\/\/forestry-parts.eu\/fr\/wp-json\/wp\/v2\/pages"}],"about":[{"href":"https:\/\/forestry-parts.eu\/fr\/wp-json\/wp\/v2\/types\/page"}],"author":[{"embeddable":true,"href":"https:\/\/forestry-parts.eu\/fr\/wp-json\/wp\/v2\/users\/1"}],"replies":[{"embeddable":true,"href":"https:\/\/forestry-parts.eu\/fr\/wp-json\/wp\/v2\/comments?post=29752"}],"version-history":[{"count":4,"href":"https:\/\/forestry-parts.eu\/fr\/wp-json\/wp\/v2\/pages\/29752\/revisions"}],"predecessor-version":[{"id":29759,"href":"https:\/\/forestry-parts.eu\/fr\/wp-json\/wp\/v2\/pages\/29752\/revisions\/29759"}],"wp:attachment":[{"href":"https:\/\/forestry-parts.eu\/fr\/wp-json\/wp\/v2\/media?parent=29752"}],"curies":[{"name":"wp","href":"https:\/\/api.w.org\/{rel}","templated":true}]}}