{"id":29578,"date":"2025-10-09T06:44:08","date_gmt":"2025-10-09T06:44:08","guid":{"rendered":"https:\/\/forestry-parts.eu\/sell-on-forestry-parts\/"},"modified":"2025-10-21T18:16:31","modified_gmt":"2025-10-21T18:16:31","slug":"sell-on-forestry-parts","status":"publish","type":"page","link":"https:\/\/forestry-parts.eu\/pt-pt\/sell-on-forestry-parts\/","title":{"rendered":"Torne-se um Vendedor"},"content":{"rendered":"\t\t<div data-elementor-type=\"wp-page\" data-elementor-id=\"29578\" class=\"elementor elementor-29578 elementor-29283\">\n\t\t\t\t<div class=\"wd-negative-gap elementor-element elementor-element-d1ff594 e-flex e-con-boxed e-con e-parent\" data-id=\"d1ff594\" data-element_type=\"container\" data-e-type=\"container\">\n\t\t\t\t\t<div class=\"e-con-inner\">\n\t\t<div class=\"elementor-element elementor-element-a5aa24c e-con-full e-flex e-con e-child\" data-id=\"a5aa24c\" data-element_type=\"container\" data-e-type=\"container\">\n\t\t\t\t<div class=\"elementor-element elementor-element-cc340b1 elementor-widget__width-initial elementor-widget-tablet__width-inherit wd-width-100 elementor-widget elementor-widget-wd_title\" data-id=\"cc340b1\" data-element_type=\"widget\" data-e-type=\"widget\" data-widget_type=\"wd_title.default\">\n\t\t\t\t<div class=\"elementor-widget-container\">\n\t\t\t\t\t\t\t<div class=\"title-wrapper wd-set-mb reset-last-child wd-title-color-primary wd-title-style-default wd-title-size-large text-left\">\n\n\t\t\t\t\t\t\t\t\t\t\t<div class=\"title-subtitle subtitle-color-primary subtitle-style-default wd-fontsize-xs\">\n\t\t\t\t\tTorne-se um Vendedor\t\t\t\t<\/div>\n\t\t\t\n\t\t\t<div class=\"liner-continer\">\n\t\t\t\t<h4 class=\"woodmart-title-container title wd-fontsize-xxl\">Venda equipamentos florestais em toda a Europa com a forestry-parts.eu<\/h4> \n\t\t\t\t\t\t\t<\/div>\n\n\t\t\t\t\t<\/div>\n\t\t\t\t\t\t<\/div>\n\t\t\t\t<\/div>\n\t\t\t\t<\/div>\n\t\t<div class=\"elementor-element elementor-element-b4a22b8 e-con-full e-flex e-con e-child\" data-id=\"b4a22b8\" data-element_type=\"container\" data-e-type=\"container\">\n\t\t\t\t<div class=\"elementor-element elementor-element-8122e43 color-scheme-inherit text-left elementor-widget elementor-widget-text-editor\" data-id=\"8122e43\" data-element_type=\"widget\" data-e-type=\"widget\" data-widget_type=\"text-editor.default\">\n\t\t\t\t\t\t\t\t\t<p>Junte-se \u00e0 forestry-parts.eu, o principal mercado europeu de equipamentos florestais, que conecta fornecedores, fabricantes e distribuidores verificados a compradores profissionais em toda a Europa.<\/p><p>A nossa plataforma ajuda a expandir a sua presen\u00e7a no mercado europeu, a simplificar as vendas transfronteiri\u00e7as e a maximizar os lucros atrav\u00e9s de comiss\u00f5es personalizadas e apoio dedicado aos vendedores.<\/p><p>Seja um fabricante local ou um distribuidor europeu, a forestry-parts.eu oferece-lhe a infraestrutura digital ideal para desenvolver o seu neg\u00f3cio e aumentar a visibilidade no setor florestal.<\/p>\t\t\t\t\t\t\t\t<\/div>\n\t\t\t\t<\/div>\n\t\t\t\t\t<\/div>\n\t\t\t\t<\/div>\n\t\t<div class=\"wd-negative-gap elementor-element elementor-element-7e0a34f e-flex e-con-boxed e-con e-parent\" data-id=\"7e0a34f\" data-element_type=\"container\" data-e-type=\"container\" data-settings=\"{&quot;background_background&quot;:&quot;classic&quot;}\">\n\t\t\t\t\t<div class=\"e-con-inner\">\n\t\t\t\t<div class=\"elementor-element elementor-element-5431356 elementor-widget__width-initial elementor-widget-tablet__width-inherit wd-width-100 elementor-widget elementor-widget-wd_title\" data-id=\"5431356\" data-element_type=\"widget\" data-e-type=\"widget\" data-widget_type=\"wd_title.default\">\n\t\t\t\t<div class=\"elementor-widget-container\">\n\t\t\t\t\t\t\t<div class=\"title-wrapper wd-set-mb reset-last-child wd-title-color-primary wd-title-style-default wd-title-size-large text-center\">\n\n\t\t\t\t\t\t\t\t\t\t\t<div class=\"title-subtitle subtitle-color-primary subtitle-style-default wd-fontsize-xs\">\n\t\t\t\t\tBECOME A VENDOR\t\t\t\t<\/div>\n\t\t\t\n\t\t\t<div class=\"liner-continer\">\n\t\t\t\t<h4 class=\"woodmart-title-container title wd-fontsize-xxl\">Fa\u00e7a crescer o seu neg\u00f3cio no mercado europeu de equipamentos florestais<\/h4> \n\t\t\t\t\t\t\t<\/div>\n\n\t\t\t\t\t\t\t<div class=\"title-after_title reset-last-child wd-fontsize-s\">\n\t\t\t\t\t<p>Na forestry-parts.eu, acreditamos em parcerias de longo prazo e num crescimento sustent\u00e1vel.<br \/>Ajudamos a fortalecer a sua presen\u00e7a na Europa, a otimizar os processos de venda e a aumentar a rentabilidade no setor de maquinaria florestal.<\/p>\t\t\t\t<\/div>\n\t\t\t\t\t<\/div>\n\t\t\t\t\t\t<\/div>\n\t\t\t\t<\/div>\n\t\t\t\t<div class=\"elementor-element elementor-element-f6528a5 elementor-widget elementor-widget-wd_button\" data-id=\"f6528a5\" data-element_type=\"widget\" data-e-type=\"widget\" data-widget_type=\"wd_button.default\">\n\t\t\t\t<div class=\"elementor-widget-container\">\n\t\t\t\t\t\t\t<div class=\"wd-button-wrapper text-center\" >\n\t\t\t<a class=\"btn btn-style-default btn-shape-rectangle btn-size-default btn-icon-pos-right\"  href=\"tel:\u202a+40%20(750)%20145%20333\">\n\t\t\t\t<span class=\"wd-btn-text\" data-elementor-setting-key=\"text\">\n\t\t\t\t\tCandidate-se para se tornar vendedor\t\t\t\t<\/span>\n\n\t\t\t\t\t\t\t<\/a>\n\t\t<\/div>\n\t\t\t\t\t\t<\/div>\n\t\t\t\t<\/div>\n\t\t\t\t\t<\/div>\n\t\t\t\t<\/div>\n\t\t<div class=\"elementor-element elementor-element-f3aedf3 e-flex e-con-boxed e-con e-parent\" data-id=\"f3aedf3\" data-element_type=\"container\" data-e-type=\"container\">\n\t\t\t\t\t<div class=\"e-con-inner\">\n\t\t\t\t<div class=\"elementor-element elementor-element-f48025e wd-cf7 elementor-widget elementor-widget-wd_contact_form_7\" data-id=\"f48025e\" data-element_type=\"widget\" data-e-type=\"widget\" data-widget_type=\"wd_contact_form_7.default\">\n\t\t\t\t<div class=\"elementor-widget-container\">\n\t\t\t\t\t\n<div class=\"wpcf7 no-js\" id=\"wpcf7-f29314-o1\" lang=\"en-US\" dir=\"ltr\" data-wpcf7-id=\"29314\">\n<div class=\"screen-reader-response\"><p role=\"status\" aria-live=\"polite\" aria-atomic=\"true\"><\/p> <ul><\/ul><\/div>\n<form action=\"\/pt-pt\/wp-json\/wp\/v2\/pages\/29578#wpcf7-f29314-o1\" method=\"post\" class=\"wpcf7-form init\" aria-label=\"Contact form\" novalidate=\"novalidate\" data-status=\"init\">\n<fieldset class=\"hidden-fields-container\"><input type=\"hidden\" name=\"_wpcf7\" value=\"29314\" \/><input type=\"hidden\" name=\"_wpcf7_version\" value=\"6.1.2\" \/><input type=\"hidden\" name=\"_wpcf7_locale\" value=\"en_US\" \/><input type=\"hidden\" name=\"_wpcf7_unit_tag\" value=\"wpcf7-f29314-o1\" \/><input type=\"hidden\" name=\"_wpcf7_container_post\" value=\"0\" \/><input type=\"hidden\" name=\"_wpcf7_posted_data_hash\" value=\"\" \/>\n<\/fieldset>\n<div class=\"wd-grid-g\">\n\t<div class=\"wd-grid-f-stretch\">\n\t\t<div class=\"wd-col\">\n\t\t\t<p><label>Your Name<\/label><span class=\"wpcf7-form-control-wrap\" data-name=\"your-name\"><input size=\"40\" maxlength=\"400\" class=\"wpcf7-form-control wpcf7-text wpcf7-validates-as-required\" aria-required=\"true\" aria-invalid=\"false\" value=\"\" type=\"text\" name=\"your-name\" \/><\/span>\n\t\t\t<\/p>\n\t\t<\/div>\n\t\t<div class=\"wd-col\">\n\t\t\t<p><label>Your Email<\/label><span class=\"wpcf7-form-control-wrap\" data-name=\"your-email\"><input size=\"40\" maxlength=\"400\" class=\"wpcf7-form-control wpcf7-email wpcf7-validates-as-required wpcf7-text wpcf7-validates-as-email\" aria-required=\"true\" aria-invalid=\"false\" value=\"\" type=\"email\" name=\"your-email\" \/><\/span>\n\t\t\t<\/p>\n\t\t<\/div>\n\t<\/div>\n\t<div class=\"wd-grid-f-stretch\">\n\t\t<div class=\"wd-col\">\n\t\t\t<p><label>Phone Number<\/label><span class=\"wpcf7-form-control-wrap\" data-name=\"tel-767\"><input size=\"40\" maxlength=\"400\" class=\"wpcf7-form-control wpcf7-tel wpcf7-text wpcf7-validates-as-tel\" aria-invalid=\"false\" value=\"\" type=\"tel\" name=\"tel-767\" \/><\/span>\n\t\t\t<\/p>\n\t\t<\/div>\n\t\t<div class=\"wd-col\">\n\t\t\t<p><label>Company<\/label><span class=\"wpcf7-form-control-wrap\" data-name=\"text-1\"><input size=\"40\" maxlength=\"400\" class=\"wpcf7-form-control wpcf7-text\" aria-invalid=\"false\" value=\"\" type=\"text\" name=\"text-1\" \/><\/span>\n\t\t\t<\/p>\n\t\t<\/div>\n\t<\/div>\n\t<div>\n\t\t<p><label>Your Message<\/label><span class=\"wpcf7-form-control-wrap\" data-name=\"your-message\"><textarea cols=\"40\" rows=\"10\" maxlength=\"2000\" class=\"wpcf7-form-control wpcf7-textarea\" aria-invalid=\"false\" name=\"your-message\"><\/textarea><\/span>\n\t\t<\/p>\n\t<\/div>\n\t<div>\n\t\t<p><input class=\"wpcf7-form-control wpcf7-submit has-spinner btn-color-black\" type=\"submit\" value=\"APPLY NOW\" \/>\n\t\t<\/p>\n\t<\/div>\n<\/div><div class=\"wpcf7-response-output\" aria-hidden=\"true\"><\/div>\n<\/form>\n<\/div>\n\t\t\t\t<\/div>\n\t\t\t\t<\/div>\n\t\t\t\t\t<\/div>\n\t\t\t\t<\/div>\n\t\t<div class=\"wd-negative-gap elementor-element elementor-element-740fc43 e-flex e-con-boxed e-con e-parent\" data-id=\"740fc43\" data-element_type=\"container\" data-e-type=\"container\">\n\t\t\t\t\t<div class=\"e-con-inner\">\n\t\t<div class=\"elementor-element elementor-element-aaf8fd9 e-con-full e-flex e-con e-child\" data-id=\"aaf8fd9\" data-element_type=\"container\" data-e-type=\"container\" data-settings=\"{&quot;background_background&quot;:&quot;classic&quot;}\">\n\t\t\t\t<div class=\"elementor-element elementor-element-60818f8 elementor-widget elementor-widget-spacer\" data-id=\"60818f8\" data-element_type=\"widget\" data-e-type=\"widget\" data-widget_type=\"spacer.default\">\n\t\t\t\t\t\t\t<div class=\"elementor-spacer\">\n\t\t\t<div class=\"elementor-spacer-inner\"><\/div>\n\t\t<\/div>\n\t\t\t\t\t\t<\/div>\n\t\t\t\t<\/div>\n\t\t<div class=\"elementor-element elementor-element-232c9df e-con-full e-flex e-con e-child\" data-id=\"232c9df\" data-element_type=\"container\" data-e-type=\"container\">\n\t\t\t\t<div class=\"elementor-element elementor-element-7f28a61 elementor-widget__width-initial elementor-widget-tablet__width-inherit wd-width-100 elementor-widget elementor-widget-wd_title\" data-id=\"7f28a61\" data-element_type=\"widget\" data-e-type=\"widget\" data-widget_type=\"wd_title.default\">\n\t\t\t\t<div class=\"elementor-widget-container\">\n\t\t\t\t\t\t\t<div class=\"title-wrapper wd-set-mb reset-last-child wd-title-color-primary wd-title-style-default wd-title-size-large text-left\">\n\n\t\t\t\n\t\t\t<div class=\"liner-continer\">\n\t\t\t\t<h2 class=\"woodmart-title-container title wd-fontsize-xxl\">Por que ser parceiro da forestry-parts.eu<\/h2> \n\t\t\t\t\t\t\t<\/div>\n\n\t\t\t\t\t<\/div>\n\t\t\t\t\t\t<\/div>\n\t\t\t\t<\/div>\n\t\t\t\t<div class=\"elementor-element elementor-element-d7068f2 color-scheme-inherit text-left elementor-widget elementor-widget-text-editor\" data-id=\"d7068f2\" data-element_type=\"widget\" data-e-type=\"widget\" data-widget_type=\"text-editor.default\">\n\t\t\t\t\t\t\t\t\t<ul><li><strong>Acesso a compradores em toda a Europa:<\/strong> Conecte-se a empresas florestais, serrarias e distribuidores que procuram fornecedores de confian\u00e7a.<\/li><li><strong>Envios europeus simplificados:<\/strong> Beneficie de solu\u00e7\u00f5es log\u00edsticas integradas, entregas r\u00e1pidas dentro da UE e documenta\u00e7\u00e3o completa para com\u00e9rcio intracomunit\u00e1rio.<\/li><li><strong>Transa\u00e7\u00f5es B2B seguras:<\/strong> Realize vendas para compradores verificados na Europa, com pagamentos seguros e transparentes em v\u00e1rias moedas europeias.<\/li><li><strong>Comiss\u00f5es personalizadas:<\/strong> Oferecemos planos flex\u00edveis adaptados ao seu volume de vendas \u2014 maximizando a sua margem de lucro.<\/li><li><strong>Maior visibilidade profissional:<\/strong> Apresente os seus produtos e experi\u00eancia a um p\u00fablico europeu especializado em maquinaria florestal, equipamentos de explora\u00e7\u00e3o e pe\u00e7as sobressalentes.<\/li><li><strong>Apoio dedicado ao vendedor:<\/strong> A nossa equipa acompanha-o em todas as etapas \u2014 desde a integra\u00e7\u00e3o e publica\u00e7\u00e3o at\u00e9 \u00e0 promo\u00e7\u00e3o e otimiza\u00e7\u00e3o de vendas.<\/li><li><strong>Com\u00e9rcio sustent\u00e1vel:<\/strong> Fa\u00e7a parte de uma plataforma europeia que promove pr\u00e1ticas florestais respons\u00e1veis e sustent\u00e1veis.<\/li><\/ul>\t\t\t\t\t\t\t\t<\/div>\n\t\t\t\t<\/div>\n\t\t\t\t\t<\/div>\n\t\t\t\t<\/div>\n\t\t<div class=\"wd-negative-gap elementor-element elementor-element-e82a79f e-flex e-con-boxed e-con e-parent\" data-id=\"e82a79f\" data-element_type=\"container\" data-e-type=\"container\">\n\t\t\t\t\t<div class=\"e-con-inner\">\n\t\t<div class=\"elementor-element elementor-element-09d4d8c e-con-full e-flex e-con e-child\" data-id=\"09d4d8c\" data-element_type=\"container\" data-e-type=\"container\" data-settings=\"{&quot;background_background&quot;:&quot;classic&quot;}\">\n\t\t\t\t<div class=\"elementor-element elementor-element-f29d485 elementor-widget__width-initial elementor-widget-tablet__width-inherit wd-width-100 elementor-widget elementor-widget-wd_title\" data-id=\"f29d485\" data-element_type=\"widget\" data-e-type=\"widget\" data-widget_type=\"wd_title.default\">\n\t\t\t\t<div class=\"elementor-widget-container\">\n\t\t\t\t\t\t\t<div class=\"title-wrapper wd-set-mb reset-last-child wd-title-color-primary wd-title-style-default wd-title-size-large text-left\">\n\n\t\t\t\n\t\t\t<div class=\"liner-continer\">\n\t\t\t\t<h2 class=\"woodmart-title-container title wd-fontsize-xxl\">O que pode vender?<\/h2> \n\t\t\t\t\t\t\t<\/div>\n\n\t\t\t\t\t<\/div>\n\t\t\t\t\t\t<\/div>\n\t\t\t\t<\/div>\n\t\t\t\t<div class=\"elementor-element elementor-element-167852c color-scheme-inherit text-left elementor-widget elementor-widget-text-editor\" data-id=\"167852c\" data-element_type=\"widget\" data-e-type=\"widget\" data-widget_type=\"text-editor.default\">\n\t\t\t\t\t\t\t\t\t<p>Aceitamos fornecedores e distribuidores que ofere\u00e7am:<\/p><ul><li>M\u00e1quinas para explora\u00e7\u00e3o e corte florestal<\/li><li>Equipamentos para serrarias e processamento de madeira<\/li><li>Ferramentas florestais, pe\u00e7as e acess\u00f3rios<\/li><li>Sistemas de transporte e movimenta\u00e7\u00e3o de madeira<\/li><li>Equipamentos de seguran\u00e7a e manuten\u00e7\u00e3o<\/li><li>Tecnologias florestais modernas: drones, GPS e software de monitoriza\u00e7\u00e3o<\/li><\/ul>\t\t\t\t\t\t\t\t<\/div>\n\t\t\t\t<\/div>\n\t\t<div class=\"elementor-element elementor-element-2c46b19 e-con-full e-flex e-con e-child\" data-id=\"2c46b19\" data-element_type=\"container\" data-e-type=\"container\" data-settings=\"{&quot;background_background&quot;:&quot;classic&quot;}\">\n\t\t\t\t<div class=\"elementor-element elementor-element-868ce71 elementor-widget__width-initial elementor-widget-tablet__width-inherit wd-width-100 elementor-widget elementor-widget-wd_title\" data-id=\"868ce71\" data-element_type=\"widget\" data-e-type=\"widget\" data-widget_type=\"wd_title.default\">\n\t\t\t\t<div class=\"elementor-widget-container\">\n\t\t\t\t\t\t\t<div class=\"title-wrapper wd-set-mb reset-last-child wd-title-color-primary wd-title-style-default wd-title-size-large text-left\">\n\n\t\t\t\n\t\t\t<div class=\"liner-continer\">\n\t\t\t\t<h2 class=\"woodmart-title-container title wd-fontsize-xxl\">Como come\u00e7ar?<\/h2> \n\t\t\t\t\t\t\t<\/div>\n\n\t\t\t\t\t<\/div>\n\t\t\t\t\t\t<\/div>\n\t\t\t\t<\/div>\n\t\t\t\t<div class=\"elementor-element elementor-element-e7b8762 color-scheme-inherit text-left elementor-widget elementor-widget-text-editor\" data-id=\"e7b8762\" data-element_type=\"widget\" data-e-type=\"widget\" data-widget_type=\"text-editor.default\">\n\t\t\t\t\t\t\t\t\t<ol><li><strong>Registe-se como vendedor:<\/strong> Preencha o nosso formul\u00e1rio online com as informa\u00e7\u00f5es da sua empresa e as categorias de produtos.<\/li><li><strong>Aprova\u00e7\u00e3o da conta:<\/strong> A nossa equipa analisar\u00e1 o seu pedido e definir\u00e1 um plano de comiss\u00e3o personalizado de acordo com os seus objetivos comerciais.<\/li><li><strong>Publique os seus produtos:<\/strong> Carregue os produtos, defina pre\u00e7os e op\u00e7\u00f5es de envio dentro da Europa e comece a vender diretamente para compradores verificados.<\/li><\/ol>\t\t\t\t\t\t\t\t<\/div>\n\t\t\t\t<\/div>\n\t\t\t\t\t<\/div>\n\t\t\t\t<\/div>\n\t\t\t\t<\/div>\n\t\t","protected":false},"excerpt":{"rendered":"<p>Torne-se um Vendedor Venda equipamentos florestais em toda a Europa com a forestry-parts.eu Junte-se \u00e0 forestry-parts.eu, o principal mercado europeu<\/p>\n","protected":false},"author":1,"featured_media":0,"parent":0,"menu_order":0,"comment_status":"closed","ping_status":"closed","template":"","meta":{"footnotes":""},"class_list":["post-29578","page","type-page","status-publish","hentry"],"_hostinger_reach_plugin_has_subscription_block":false,"_hostinger_reach_plugin_is_elementor":false,"_links":{"self":[{"href":"https:\/\/forestry-parts.eu\/pt-pt\/wp-json\/wp\/v2\/pages\/29578","targetHints":{"allow":["GET"]}}],"collection":[{"href":"https:\/\/forestry-parts.eu\/pt-pt\/wp-json\/wp\/v2\/pages"}],"about":[{"href":"https:\/\/forestry-parts.eu\/pt-pt\/wp-json\/wp\/v2\/types\/page"}],"author":[{"embeddable":true,"href":"https:\/\/forestry-parts.eu\/pt-pt\/wp-json\/wp\/v2\/users\/1"}],"replies":[{"embeddable":true,"href":"https:\/\/forestry-parts.eu\/pt-pt\/wp-json\/wp\/v2\/comments?post=29578"}],"version-history":[{"count":4,"href":"https:\/\/forestry-parts.eu\/pt-pt\/wp-json\/wp\/v2\/pages\/29578\/revisions"}],"predecessor-version":[{"id":29601,"href":"https:\/\/forestry-parts.eu\/pt-pt\/wp-json\/wp\/v2\/pages\/29578\/revisions\/29601"}],"wp:attachment":[{"href":"https:\/\/forestry-parts.eu\/pt-pt\/wp-json\/wp\/v2\/media?parent=29578"}],"curies":[{"name":"wp","href":"https:\/\/api.w.org\/{rel}","templated":true}]}}