{"id":29684,"date":"2025-10-09T06:19:29","date_gmt":"2025-10-09T06:19:29","guid":{"rendered":"https:\/\/forestry-parts.eu\/cookie-policy\/"},"modified":"2025-10-21T18:16:14","modified_gmt":"2025-10-21T18:16:14","slug":"cookie-policy","status":"publish","type":"page","link":"https:\/\/forestry-parts.eu\/pt-pt\/cookie-policy\/","title":{"rendered":"Pol\u00edtica de Cookies"},"content":{"rendered":"\t\t<div data-elementor-type=\"wp-page\" data-elementor-id=\"29684\" class=\"elementor elementor-29684 elementor-29256\">\n\t\t\t\t<div class=\"elementor-element elementor-element-ebe2bb2 e-flex e-con-boxed e-con e-parent\" data-id=\"ebe2bb2\" data-element_type=\"container\" data-e-type=\"container\">\n\t\t\t\t\t<div class=\"e-con-inner\">\n\t\t\t\t<div class=\"elementor-element elementor-element-0caaac3 color-scheme-inherit text-left elementor-widget elementor-widget-text-editor\" data-id=\"0caaac3\" data-element_type=\"widget\" data-e-type=\"widget\" data-widget_type=\"text-editor.default\">\n\t\t\t\t\t\t\t\t\t<p data-start=\"4239\" data-end=\"4268\">\u00daltima atualiza\u00e7\u00e3o: <strong data-start=\"48\" data-end=\"62\">10.09.2025<\/strong><\/p><h2 data-start=\"69\" data-end=\"100\">1. <strong data-start=\"76\" data-end=\"98\">O que s\u00e3o cookies?<\/strong><\/h2><p data-start=\"101\" data-end=\"261\">Os cookies s\u00e3o pequenos arquivos armazenados no seu dispositivo para melhorar a funcionalidade, o desempenho e a personaliza\u00e7\u00e3o da sua experi\u00eancia de navega\u00e7\u00e3o.<\/p><hr data-start=\"263\" data-end=\"266\" \/><h2 data-start=\"268\" data-end=\"307\">\u00a0<\/h2><h2 data-start=\"268\" data-end=\"307\">2. <strong data-start=\"275\" data-end=\"305\">Como utilizamos os cookies<\/strong><\/h2><p data-start=\"308\" data-end=\"334\">Utilizamos cookies para:<\/p><ul data-start=\"335\" data-end=\"519\"><li data-start=\"335\" data-end=\"410\"><p data-start=\"337\" data-end=\"410\">Ativar fun\u00e7\u00f5es essenciais do site (login, carrinho, painel de controle)<\/p><\/li><li data-start=\"411\" data-end=\"466\"><p data-start=\"413\" data-end=\"466\">Analisar o comportamento dos visitantes e o tr\u00e1fego<\/p><\/li><li data-start=\"467\" data-end=\"519\"><p data-start=\"469\" data-end=\"519\">Personalizar o idioma, a moeda e as prefer\u00eancias<\/p><\/li><\/ul><hr data-start=\"521\" data-end=\"524\" \/><h3 data-start=\"526\" data-end=\"556\">\u00a0<\/h3><h2 data-start=\"526\" data-end=\"556\">3. <strong data-start=\"533\" data-end=\"554\">Gest\u00e3o de cookies<\/strong><\/h2><p data-start=\"557\" data-end=\"709\">Voc\u00ea pode desativar ou gerenciar os cookies nas configura\u00e7\u00f5es do seu navegador.<br data-start=\"636\" data-end=\"639\" \/>No entanto, alguns recursos podem n\u00e3o funcionar corretamente sem eles.<\/p><hr data-start=\"711\" data-end=\"714\" \/><h3 data-start=\"716\" data-end=\"749\">\u00a0<\/h3><h2 data-start=\"716\" data-end=\"749\">4. <strong data-start=\"723\" data-end=\"747\">Cookies de terceiros<\/strong><\/h2><p data-start=\"750\" data-end=\"930\" data-is-last-node=\"\" data-is-only-node=\"\">Ferramentas de an\u00e1lise como o <strong data-start=\"780\" data-end=\"800\">Google Analytics<\/strong> podem definir cookies para coletar dados an\u00f4nimos.<br data-start=\"851\" data-end=\"854\" \/>Esses terceiros operam de acordo com suas pr\u00f3prias pol\u00edticas de privacidade.<\/p>\t\t\t\t\t\t\t\t<\/div>\n\t\t\t\t\t<\/div>\n\t\t\t\t<\/div>\n\t\t\t\t<\/div>\n\t\t","protected":false},"excerpt":{"rendered":"<p>\u00daltima atualiza\u00e7\u00e3o: 10.09.2025 1. O que s\u00e3o cookies? Os cookies s\u00e3o pequenos arquivos armazenados no seu dispositivo para melhorar a<\/p>\n","protected":false},"author":1,"featured_media":0,"parent":0,"menu_order":0,"comment_status":"closed","ping_status":"closed","template":"","meta":{"footnotes":""},"class_list":["post-29684","page","type-page","status-publish","hentry"],"_hostinger_reach_plugin_has_subscription_block":false,"_hostinger_reach_plugin_is_elementor":false,"_links":{"self":[{"href":"https:\/\/forestry-parts.eu\/pt-pt\/wp-json\/wp\/v2\/pages\/29684","targetHints":{"allow":["GET"]}}],"collection":[{"href":"https:\/\/forestry-parts.eu\/pt-pt\/wp-json\/wp\/v2\/pages"}],"about":[{"href":"https:\/\/forestry-parts.eu\/pt-pt\/wp-json\/wp\/v2\/types\/page"}],"author":[{"embeddable":true,"href":"https:\/\/forestry-parts.eu\/pt-pt\/wp-json\/wp\/v2\/users\/1"}],"replies":[{"embeddable":true,"href":"https:\/\/forestry-parts.eu\/pt-pt\/wp-json\/wp\/v2\/comments?post=29684"}],"version-history":[{"count":4,"href":"https:\/\/forestry-parts.eu\/pt-pt\/wp-json\/wp\/v2\/pages\/29684\/revisions"}],"predecessor-version":[{"id":29702,"href":"https:\/\/forestry-parts.eu\/pt-pt\/wp-json\/wp\/v2\/pages\/29684\/revisions\/29702"}],"wp:attachment":[{"href":"https:\/\/forestry-parts.eu\/pt-pt\/wp-json\/wp\/v2\/media?parent=29684"}],"curies":[{"name":"wp","href":"https:\/\/api.w.org\/{rel}","templated":true}]}}