{"id":29733,"date":"2025-10-09T06:21:12","date_gmt":"2025-10-09T06:21:12","guid":{"rendered":"https:\/\/forestry-parts.eu\/shipping-delivery-policy\/"},"modified":"2025-10-21T18:16:06","modified_gmt":"2025-10-21T18:16:06","slug":"shipping-delivery-policy","status":"publish","type":"page","link":"https:\/\/forestry-parts.eu\/pt-pt\/shipping-delivery-policy\/","title":{"rendered":"Envio e entrega"},"content":{"rendered":"\t\t<div data-elementor-type=\"wp-page\" data-elementor-id=\"29733\" class=\"elementor elementor-29733 elementor-29261\">\n\t\t\t\t<div class=\"elementor-element elementor-element-8694c9a e-flex e-con-boxed e-con e-parent\" data-id=\"8694c9a\" data-element_type=\"container\" data-e-type=\"container\">\n\t\t\t\t\t<div class=\"e-con-inner\">\n\t\t\t\t<div class=\"elementor-element elementor-element-0b9f06f color-scheme-inherit text-left elementor-widget elementor-widget-text-editor\" data-id=\"0b9f06f\" data-element_type=\"widget\" data-e-type=\"widget\" data-widget_type=\"text-editor.default\">\n\t\t\t\t\t\t\t\t\t<p data-start=\"5184\" data-end=\"5218\"><em><strong data-start=\"5184\" data-end=\"5218\">\u00daltima atualiza\u00e7\u00e3o: 10.09.2025<\/strong><\/em><\/p><h2 data-start=\"5220\" data-end=\"5244\">1. <strong data-start=\"5227\" data-end=\"5242\">Vis\u00e3o geral<\/strong><\/h2><p data-start=\"5245\" data-end=\"5466\">O envio e a entrega em <strong data-start=\"5268\" data-end=\"5289\">forestry-parts.eu<\/strong> s\u00e3o geridos diretamente por cada vendedor.<br data-start=\"5332\" data-end=\"5335\" \/>Como somos um marketplace multi-vendedor, os custos de envio, transportadoras e prazos de entrega variam de vendedor para vendedor.<\/p><h2 data-start=\"5468\" data-end=\"5510\">2. <strong data-start=\"5475\" data-end=\"5508\">Responsabilidades do vendedor<\/strong><\/h2><p data-start=\"5511\" data-end=\"5545\">Cada vendedor \u00e9 respons\u00e1vel por:<\/p><ul data-start=\"5546\" data-end=\"5703\"><li data-start=\"5546\" data-end=\"5583\"><p data-start=\"5548\" data-end=\"5583\">Definir tarifas e prazos de envio<\/p><\/li><li data-start=\"5584\" data-end=\"5639\"><p data-start=\"5586\" data-end=\"5639\">Fornecer informa\u00e7\u00f5es precisas de rastreio e entrega<\/p><\/li><li data-start=\"5640\" data-end=\"5703\"><p data-start=\"5642\" data-end=\"5703\">Cumprir as regulamenta\u00e7\u00f5es de envio locais e internacionais<\/p><\/li><\/ul><p data-start=\"5705\" data-end=\"5822\">Os compradores s\u00e3o incentivados a revisar os detalhes de envio espec\u00edficos de cada vendedor antes de fazer um pedido.<\/p><h2 data-start=\"5824\" data-end=\"5864\">3. <strong data-start=\"5831\" data-end=\"5862\">Prazos estimados de entrega<\/strong><\/h2><p data-start=\"5865\" data-end=\"6077\">Os prazos de entrega exibidos nas p\u00e1ginas dos produtos s\u00e3o apenas estimativas e podem variar dependendo do tipo de produto, destino e processamento aduaneiro.<br data-start=\"6023\" data-end=\"6026\" \/><strong data-start=\"6026\" data-end=\"6047\">forestry-parts.eu<\/strong> n\u00e3o garante datas de entrega.<\/p><h2 data-start=\"6079\" data-end=\"6111\">4. <strong data-start=\"6086\" data-end=\"6109\">Envio internacional<\/strong><\/h2><p data-start=\"6112\" data-end=\"6319\">Para pedidos internacionais, podem aplicar-se direitos adicionais, impostos de importa\u00e7\u00e3o ou taxas aduaneiras.<br data-start=\"6222\" data-end=\"6225\" \/>Estes s\u00e3o da responsabilidade do comprador, a menos que indicado de outra forma pelo vendedor.<\/p><h2 data-start=\"6321\" data-end=\"6352\">5. <strong data-start=\"6328\" data-end=\"6350\">Atrasos e disputas<\/strong><\/h2><p data-start=\"6353\" data-end=\"6584\">Como plataforma intermedi\u00e1ria, <strong data-start=\"6384\" data-end=\"6405\">forestry-parts.eu<\/strong> n\u00e3o \u00e9 diretamente respons\u00e1vel por atrasos de envio, danos ou pacotes perdidos.<br data-start=\"6484\" data-end=\"6487\" \/>Nesses casos, os compradores devem contactar diretamente o vendedor atrav\u00e9s do painel de pedidos.<\/p><h2 data-start=\"6586\" data-end=\"6616\">6. <strong data-start=\"6593\" data-end=\"6614\">Precisa de ajuda?<\/strong><\/h2><p data-start=\"6617\" data-end=\"6734\">Para assist\u00eancia com pedidos ou disputas, contacte a nossa equipa de suporte em:<br data-start=\"6697\" data-end=\"6700\" \/>\ud83d\udce9 <strong data-start=\"6703\" data-end=\"6734\">[<a class=\"decorated-link cursor-pointer\" rel=\"noopener\">contact@forestry-parts.eu<\/a>]<\/strong><\/p>\t\t\t\t\t\t\t\t<\/div>\n\t\t\t\t\t<\/div>\n\t\t\t\t<\/div>\n\t\t\t\t<\/div>\n\t\t","protected":false},"excerpt":{"rendered":"<p>\u00daltima atualiza\u00e7\u00e3o: 10.09.2025 1. Vis\u00e3o geral O envio e a entrega em forestry-parts.eu s\u00e3o geridos diretamente por cada vendedor.Como somos<\/p>\n","protected":false},"author":1,"featured_media":0,"parent":0,"menu_order":0,"comment_status":"closed","ping_status":"closed","template":"","meta":{"footnotes":""},"class_list":["post-29733","page","type-page","status-publish","hentry"],"_hostinger_reach_plugin_has_subscription_block":false,"_hostinger_reach_plugin_is_elementor":false,"_links":{"self":[{"href":"https:\/\/forestry-parts.eu\/pt-pt\/wp-json\/wp\/v2\/pages\/29733","targetHints":{"allow":["GET"]}}],"collection":[{"href":"https:\/\/forestry-parts.eu\/pt-pt\/wp-json\/wp\/v2\/pages"}],"about":[{"href":"https:\/\/forestry-parts.eu\/pt-pt\/wp-json\/wp\/v2\/types\/page"}],"author":[{"embeddable":true,"href":"https:\/\/forestry-parts.eu\/pt-pt\/wp-json\/wp\/v2\/users\/1"}],"replies":[{"embeddable":true,"href":"https:\/\/forestry-parts.eu\/pt-pt\/wp-json\/wp\/v2\/comments?post=29733"}],"version-history":[{"count":4,"href":"https:\/\/forestry-parts.eu\/pt-pt\/wp-json\/wp\/v2\/pages\/29733\/revisions"}],"predecessor-version":[{"id":29751,"href":"https:\/\/forestry-parts.eu\/pt-pt\/wp-json\/wp\/v2\/pages\/29733\/revisions\/29751"}],"wp:attachment":[{"href":"https:\/\/forestry-parts.eu\/pt-pt\/wp-json\/wp\/v2\/media?parent=29733"}],"curies":[{"name":"wp","href":"https:\/\/api.w.org\/{rel}","templated":true}]}}