{"id":29580,"date":"2025-10-09T06:44:08","date_gmt":"2025-10-09T06:44:08","guid":{"rendered":"https:\/\/forestry-parts.eu\/sell-on-forestry-parts\/"},"modified":"2025-10-21T18:03:40","modified_gmt":"2025-10-21T18:03:40","slug":"sell-on-forestry-parts","status":"publish","type":"page","link":"https:\/\/forestry-parts.eu\/ro\/sell-on-forestry-parts\/","title":{"rendered":"Devino v\u00e2nz\u0103tor"},"content":{"rendered":"\t\t<div data-elementor-type=\"wp-page\" data-elementor-id=\"29580\" class=\"elementor elementor-29580 elementor-29283\">\n\t\t\t\t<div class=\"wd-negative-gap elementor-element elementor-element-d1ff594 e-flex e-con-boxed e-con e-parent\" data-id=\"d1ff594\" data-element_type=\"container\" data-e-type=\"container\">\n\t\t\t\t\t<div class=\"e-con-inner\">\n\t\t<div class=\"elementor-element elementor-element-a5aa24c e-con-full e-flex e-con e-child\" data-id=\"a5aa24c\" data-element_type=\"container\" data-e-type=\"container\">\n\t\t\t\t<div class=\"elementor-element elementor-element-cc340b1 elementor-widget__width-initial elementor-widget-tablet__width-inherit wd-width-100 elementor-widget elementor-widget-wd_title\" data-id=\"cc340b1\" data-element_type=\"widget\" data-e-type=\"widget\" data-widget_type=\"wd_title.default\">\n\t\t\t\t<div class=\"elementor-widget-container\">\n\t\t\t\t\t\t\t<div class=\"title-wrapper wd-set-mb reset-last-child wd-title-color-primary wd-title-style-default wd-title-size-large text-left\">\n\n\t\t\t\t\t\t\t\t\t\t\t<div class=\"title-subtitle subtitle-color-primary subtitle-style-default wd-fontsize-xs\">\n\t\t\t\t\tDEVINO V\u00c2NZ\u0102TOR\t\t\t\t<\/div>\n\t\t\t\n\t\t\t<div class=\"liner-continer\">\n\t\t\t\t<h4 class=\"woodmart-title-container title wd-fontsize-xxl\">Vinde echipamente forestiere pe tot teritoriul Europei pe forestry-parts.eu<\/h4> \n\t\t\t\t\t\t\t<\/div>\n\n\t\t\t\t\t<\/div>\n\t\t\t\t\t\t<\/div>\n\t\t\t\t<\/div>\n\t\t\t\t<\/div>\n\t\t<div class=\"elementor-element elementor-element-b4a22b8 e-con-full e-flex e-con e-child\" data-id=\"b4a22b8\" data-element_type=\"container\" data-e-type=\"container\">\n\t\t\t\t<div class=\"elementor-element elementor-element-8122e43 color-scheme-inherit text-left elementor-widget elementor-widget-text-editor\" data-id=\"8122e43\" data-element_type=\"widget\" data-e-type=\"widget\" data-widget_type=\"text-editor.default\">\n\t\t\t\t\t\t\t\t\t<p>Al\u0103tur\u0103-te platformei forestry-parts.eu, <strong>principala marketplace pentru echipamente forestiere din Europa<\/strong>, care conecteaz\u0103 furnizori, produc\u0103tori \u0219i distribuitori cu cump\u0103r\u0103tori profesioni\u0219ti din toate \u021b\u0103rile europene.<\/p><p><strong>Platforma noastr\u0103 te ajut\u0103 s\u0103 \u00ee\u021bi extinzi prezen\u021ba pe pia\u021ba european\u0103<\/strong>, s\u0103 gestionezi v\u00e2nz\u0103rile transfrontaliere mai u\u0219or \u0219i s\u0103 maximizezi profitul prin comisioane personalizate \u0219i suport dedicat v\u00e2nz\u0103torilor.<\/p><p>Indiferent dac\u0103 reprezin\u021bi un produc\u0103tor local sau un distribuitor european, forestry-parts.eu \u00ee\u021bi ofer\u0103 infrastructura digital\u0103 ideal\u0103 pentru cre\u0219tere \u0219i vizibilitate \u00een industria forestier\u0103.<\/p>\t\t\t\t\t\t\t\t<\/div>\n\t\t\t\t<\/div>\n\t\t\t\t\t<\/div>\n\t\t\t\t<\/div>\n\t\t<div class=\"wd-negative-gap elementor-element elementor-element-7e0a34f e-flex e-con-boxed e-con e-parent\" data-id=\"7e0a34f\" data-element_type=\"container\" data-e-type=\"container\" data-settings=\"{&quot;background_background&quot;:&quot;classic&quot;}\">\n\t\t\t\t\t<div class=\"e-con-inner\">\n\t\t\t\t<div class=\"elementor-element elementor-element-5431356 elementor-widget__width-initial elementor-widget-tablet__width-inherit wd-width-100 elementor-widget elementor-widget-wd_title\" data-id=\"5431356\" data-element_type=\"widget\" data-e-type=\"widget\" data-widget_type=\"wd_title.default\">\n\t\t\t\t<div class=\"elementor-widget-container\">\n\t\t\t\t\t\t\t<div class=\"title-wrapper wd-set-mb reset-last-child wd-title-color-primary wd-title-style-default wd-title-size-large text-center\">\n\n\t\t\t\t\t\t\t\t\t\t\t<div class=\"title-subtitle subtitle-color-primary subtitle-style-default wd-fontsize-xs\">\n\t\t\t\t\tBECOME A VENDOR\t\t\t\t<\/div>\n\t\t\t\n\t\t\t<div class=\"liner-continer\">\n\t\t\t\t<h4 class=\"woodmart-title-container title wd-fontsize-xxl\">Cre\u0219te-\u021bi afacerea \u00een pia\u021ba european\u0103 a echipamentelor forestiere<\/h4> \n\t\t\t\t\t\t\t<\/div>\n\n\t\t\t\t\t\t\t<div class=\"title-after_title reset-last-child wd-fontsize-s\">\n\t\t\t\t\tLa forestry-parts.eu, credem \u00een parteneriate pe termen lung \u0219i \u00een dezvoltare sustenabil\u0103.<br \/>\nTe ajut\u0103m s\u0103 \u00ee\u021bi consolidezi prezen\u021ba \u00een Europa, s\u0103 simplifici procesele de v\u00e2nzare \u0219i s\u0103 \u00ee\u021bi cre\u0219ti profitabilitatea \u00een industria echipamentelor forestiere.\t\t\t\t<\/div>\n\t\t\t\t\t<\/div>\n\t\t\t\t\t\t<\/div>\n\t\t\t\t<\/div>\n\t\t\t\t<div class=\"elementor-element elementor-element-f6528a5 elementor-widget elementor-widget-wd_button\" data-id=\"f6528a5\" data-element_type=\"widget\" data-e-type=\"widget\" data-widget_type=\"wd_button.default\">\n\t\t\t\t<div class=\"elementor-widget-container\">\n\t\t\t\t\t\t\t<div class=\"wd-button-wrapper text-center\" >\n\t\t\t<a class=\"btn btn-style-default btn-shape-rectangle btn-size-default btn-icon-pos-right\"  href=\"tel:\u202a+40%20(750)%20145%20333\">\n\t\t\t\t<span class=\"wd-btn-text\" data-elementor-setting-key=\"text\">\n\t\t\t\t\tSun\u0103 acum pentru a deveni v\u00e2nz\u0103tor\t\t\t\t<\/span>\n\n\t\t\t\t\t\t\t<\/a>\n\t\t<\/div>\n\t\t\t\t\t\t<\/div>\n\t\t\t\t<\/div>\n\t\t\t\t\t<\/div>\n\t\t\t\t<\/div>\n\t\t<div class=\"elementor-element elementor-element-f3aedf3 e-flex e-con-boxed e-con e-parent\" data-id=\"f3aedf3\" data-element_type=\"container\" data-e-type=\"container\">\n\t\t\t\t\t<div class=\"e-con-inner\">\n\t\t\t\t<div class=\"elementor-element elementor-element-f48025e wd-cf7 elementor-widget elementor-widget-wd_contact_form_7\" data-id=\"f48025e\" data-element_type=\"widget\" data-e-type=\"widget\" data-widget_type=\"wd_contact_form_7.default\">\n\t\t\t\t<div class=\"elementor-widget-container\">\n\t\t\t\t\t\n<div class=\"wpcf7 no-js\" id=\"wpcf7-f29314-o1\" lang=\"en-US\" dir=\"ltr\" data-wpcf7-id=\"29314\">\n<div class=\"screen-reader-response\"><p role=\"status\" aria-live=\"polite\" aria-atomic=\"true\"><\/p> <ul><\/ul><\/div>\n<form action=\"\/ro\/wp-json\/wp\/v2\/pages\/29580#wpcf7-f29314-o1\" method=\"post\" class=\"wpcf7-form init\" aria-label=\"Contact form\" novalidate=\"novalidate\" data-status=\"init\">\n<fieldset class=\"hidden-fields-container\"><input type=\"hidden\" name=\"_wpcf7\" value=\"29314\" \/><input type=\"hidden\" name=\"_wpcf7_version\" value=\"6.1.2\" \/><input type=\"hidden\" name=\"_wpcf7_locale\" value=\"en_US\" \/><input type=\"hidden\" name=\"_wpcf7_unit_tag\" value=\"wpcf7-f29314-o1\" \/><input type=\"hidden\" name=\"_wpcf7_container_post\" value=\"0\" \/><input type=\"hidden\" name=\"_wpcf7_posted_data_hash\" value=\"\" \/>\n<\/fieldset>\n<div class=\"wd-grid-g\">\n\t<div class=\"wd-grid-f-stretch\">\n\t\t<div class=\"wd-col\">\n\t\t\t<p><label>Your Name<\/label><span class=\"wpcf7-form-control-wrap\" data-name=\"your-name\"><input size=\"40\" maxlength=\"400\" class=\"wpcf7-form-control wpcf7-text wpcf7-validates-as-required\" aria-required=\"true\" aria-invalid=\"false\" value=\"\" type=\"text\" name=\"your-name\" \/><\/span>\n\t\t\t<\/p>\n\t\t<\/div>\n\t\t<div class=\"wd-col\">\n\t\t\t<p><label>Your Email<\/label><span class=\"wpcf7-form-control-wrap\" data-name=\"your-email\"><input size=\"40\" maxlength=\"400\" class=\"wpcf7-form-control wpcf7-email wpcf7-validates-as-required wpcf7-text wpcf7-validates-as-email\" aria-required=\"true\" aria-invalid=\"false\" value=\"\" type=\"email\" name=\"your-email\" \/><\/span>\n\t\t\t<\/p>\n\t\t<\/div>\n\t<\/div>\n\t<div class=\"wd-grid-f-stretch\">\n\t\t<div class=\"wd-col\">\n\t\t\t<p><label>Phone Number<\/label><span class=\"wpcf7-form-control-wrap\" data-name=\"tel-767\"><input size=\"40\" maxlength=\"400\" class=\"wpcf7-form-control wpcf7-tel wpcf7-text wpcf7-validates-as-tel\" aria-invalid=\"false\" value=\"\" type=\"tel\" name=\"tel-767\" \/><\/span>\n\t\t\t<\/p>\n\t\t<\/div>\n\t\t<div class=\"wd-col\">\n\t\t\t<p><label>Company<\/label><span class=\"wpcf7-form-control-wrap\" data-name=\"text-1\"><input size=\"40\" maxlength=\"400\" class=\"wpcf7-form-control wpcf7-text\" aria-invalid=\"false\" value=\"\" type=\"text\" name=\"text-1\" \/><\/span>\n\t\t\t<\/p>\n\t\t<\/div>\n\t<\/div>\n\t<div>\n\t\t<p><label>Your Message<\/label><span class=\"wpcf7-form-control-wrap\" data-name=\"your-message\"><textarea cols=\"40\" rows=\"10\" maxlength=\"2000\" class=\"wpcf7-form-control wpcf7-textarea\" aria-invalid=\"false\" name=\"your-message\"><\/textarea><\/span>\n\t\t<\/p>\n\t<\/div>\n\t<div>\n\t\t<p><input class=\"wpcf7-form-control wpcf7-submit has-spinner btn-color-black\" type=\"submit\" value=\"APPLY NOW\" \/>\n\t\t<\/p>\n\t<\/div>\n<\/div><div class=\"wpcf7-response-output\" aria-hidden=\"true\"><\/div>\n<\/form>\n<\/div>\n\t\t\t\t<\/div>\n\t\t\t\t<\/div>\n\t\t\t\t\t<\/div>\n\t\t\t\t<\/div>\n\t\t<div class=\"wd-negative-gap elementor-element elementor-element-740fc43 e-flex e-con-boxed e-con e-parent\" data-id=\"740fc43\" data-element_type=\"container\" data-e-type=\"container\">\n\t\t\t\t\t<div class=\"e-con-inner\">\n\t\t<div class=\"elementor-element elementor-element-aaf8fd9 e-con-full e-flex e-con e-child\" data-id=\"aaf8fd9\" data-element_type=\"container\" data-e-type=\"container\" data-settings=\"{&quot;background_background&quot;:&quot;classic&quot;}\">\n\t\t\t\t<div class=\"elementor-element elementor-element-60818f8 elementor-widget elementor-widget-spacer\" data-id=\"60818f8\" data-element_type=\"widget\" data-e-type=\"widget\" data-widget_type=\"spacer.default\">\n\t\t\t\t\t\t\t<div class=\"elementor-spacer\">\n\t\t\t<div class=\"elementor-spacer-inner\"><\/div>\n\t\t<\/div>\n\t\t\t\t\t\t<\/div>\n\t\t\t\t<\/div>\n\t\t<div class=\"elementor-element elementor-element-232c9df e-con-full e-flex e-con e-child\" data-id=\"232c9df\" data-element_type=\"container\" data-e-type=\"container\">\n\t\t\t\t<div class=\"elementor-element elementor-element-7f28a61 elementor-widget__width-initial elementor-widget-tablet__width-inherit wd-width-100 elementor-widget elementor-widget-wd_title\" data-id=\"7f28a61\" data-element_type=\"widget\" data-e-type=\"widget\" data-widget_type=\"wd_title.default\">\n\t\t\t\t<div class=\"elementor-widget-container\">\n\t\t\t\t\t\t\t<div class=\"title-wrapper wd-set-mb reset-last-child wd-title-color-primary wd-title-style-default wd-title-size-large text-left\">\n\n\t\t\t\n\t\t\t<div class=\"liner-continer\">\n\t\t\t\t<h2 class=\"woodmart-title-container title wd-fontsize-xxl\">De ce s\u0103 colaborezi cu noi<\/h2> \n\t\t\t\t\t\t\t<\/div>\n\n\t\t\t\t\t<\/div>\n\t\t\t\t\t\t<\/div>\n\t\t\t\t<\/div>\n\t\t\t\t<div class=\"elementor-element elementor-element-d7068f2 color-scheme-inherit text-left elementor-widget elementor-widget-text-editor\" data-id=\"d7068f2\" data-element_type=\"widget\" data-e-type=\"widget\" data-widget_type=\"text-editor.default\">\n\t\t\t\t\t\t\t\t\t<ul><li><strong>Acces la cump\u0103r\u0103tori din \u00eentreaga Europ\u0103:<\/strong> Conecteaz\u0103-te cu operatori forestieri, companii de prelucrare a lemnului \u0219i distribuitori care caut\u0103 echipamente de \u00eencredere.<\/li><li><strong>Transport european simplificat:<\/strong> Beneficiaz\u0103 de solu\u021bii logistice integrate, livr\u0103ri rapide \u00een UE \u0219i op\u021biuni clare pentru taxe \u0219i documente vamale intra-comunitare.<\/li><li><strong>Tranzac\u021bii B2B sigure:<\/strong> Lucreaz\u0103 cu clien\u021bi verifica\u021bi din Uniunea European\u0103, cu pl\u0103\u021bi sigure \u0219i transparente \u00een multiple valute europene.<\/li><li><strong>Comisioane personalizate:<\/strong> Oferim planuri flexibile, adaptate volumului t\u0103u de v\u00e2nz\u0103ri, pentru a maximiza marja de profit.<\/li><li><strong>Vizibilitate profesional\u0103:<\/strong> Prezint\u0103-\u021bi produsele \u0219i expertiza unui public european specializat \u00een echipamente forestiere, utilaje de exploatare \u0219i piese de schimb.<\/li><li><strong>Suport dedicat v\u00e2nz\u0103torilor:<\/strong> Echipa noastr\u0103 te sprijin\u0103 la fiecare pas \u2014 de la integrare \u0219i listare p\u00e2n\u0103 la promovare \u0219i v\u00e2nzare.<\/li><li><strong>Parteneriat sustenabil:<\/strong> F\u0103 parte dintr-o platform\u0103 european\u0103 care \u00eencurajeaz\u0103 comer\u021bul responsabil \u0219i practicile forestiere durabile.<\/li><\/ul>\t\t\t\t\t\t\t\t<\/div>\n\t\t\t\t<\/div>\n\t\t\t\t\t<\/div>\n\t\t\t\t<\/div>\n\t\t<div class=\"wd-negative-gap elementor-element elementor-element-e82a79f e-flex e-con-boxed e-con e-parent\" data-id=\"e82a79f\" data-element_type=\"container\" data-e-type=\"container\">\n\t\t\t\t\t<div class=\"e-con-inner\">\n\t\t<div class=\"elementor-element elementor-element-09d4d8c e-con-full e-flex e-con e-child\" data-id=\"09d4d8c\" data-element_type=\"container\" data-e-type=\"container\" data-settings=\"{&quot;background_background&quot;:&quot;classic&quot;}\">\n\t\t\t\t<div class=\"elementor-element elementor-element-f29d485 elementor-widget__width-initial elementor-widget-tablet__width-inherit wd-width-100 elementor-widget elementor-widget-wd_title\" data-id=\"f29d485\" data-element_type=\"widget\" data-e-type=\"widget\" data-widget_type=\"wd_title.default\">\n\t\t\t\t<div class=\"elementor-widget-container\">\n\t\t\t\t\t\t\t<div class=\"title-wrapper wd-set-mb reset-last-child wd-title-color-primary wd-title-style-default wd-title-size-large text-left\">\n\n\t\t\t\n\t\t\t<div class=\"liner-continer\">\n\t\t\t\t<h2 class=\"woodmart-title-container title wd-fontsize-xxl\">Ce po\u021bi vinde?<\/h2> \n\t\t\t\t\t\t\t<\/div>\n\n\t\t\t\t\t<\/div>\n\t\t\t\t\t\t<\/div>\n\t\t\t\t<\/div>\n\t\t\t\t<div class=\"elementor-element elementor-element-167852c color-scheme-inherit text-left elementor-widget elementor-widget-text-editor\" data-id=\"167852c\" data-element_type=\"widget\" data-e-type=\"widget\" data-widget_type=\"text-editor.default\">\n\t\t\t\t\t\t\t\t\t<p>Accept\u0103m furnizori \u0219i distribuitori care ofer\u0103:<\/p><ul><li>Utilaje pentru exploatare \u0219i recoltare forestier\u0103<\/li><li>Echipamente pentru gater \u0219i prelucrarea lemnului<\/li><li>Scule forestiere, piese de schimb \u0219i accesorii<\/li><li>Sisteme de transport \u0219i manipulare a lemnului<\/li><li>Echipamente de protec\u021bie \u0219i \u00eentre\u021binere<\/li><li>Tehnologii forestiere moderne: drone, GPS, software de monitorizare<\/li><\/ul>\t\t\t\t\t\t\t\t<\/div>\n\t\t\t\t<\/div>\n\t\t<div class=\"elementor-element elementor-element-2c46b19 e-con-full e-flex e-con e-child\" data-id=\"2c46b19\" data-element_type=\"container\" data-e-type=\"container\" data-settings=\"{&quot;background_background&quot;:&quot;classic&quot;}\">\n\t\t\t\t<div class=\"elementor-element elementor-element-868ce71 elementor-widget__width-initial elementor-widget-tablet__width-inherit wd-width-100 elementor-widget elementor-widget-wd_title\" data-id=\"868ce71\" data-element_type=\"widget\" data-e-type=\"widget\" data-widget_type=\"wd_title.default\">\n\t\t\t\t<div class=\"elementor-widget-container\">\n\t\t\t\t\t\t\t<div class=\"title-wrapper wd-set-mb reset-last-child wd-title-color-primary wd-title-style-default wd-title-size-large text-left\">\n\n\t\t\t\n\t\t\t<div class=\"liner-continer\">\n\t\t\t\t<h2 class=\"woodmart-title-container title wd-fontsize-xxl\">Cum s\u0103 \u00eencepi?<\/h2> \n\t\t\t\t\t\t\t<\/div>\n\n\t\t\t\t\t<\/div>\n\t\t\t\t\t\t<\/div>\n\t\t\t\t<\/div>\n\t\t\t\t<div class=\"elementor-element elementor-element-e7b8762 color-scheme-inherit text-left elementor-widget elementor-widget-text-editor\" data-id=\"e7b8762\" data-element_type=\"widget\" data-e-type=\"widget\" data-widget_type=\"text-editor.default\">\n\t\t\t\t\t\t\t\t\t<ol><li><strong>\u00cenregistreaz\u0103-te ca v\u00e2nz\u0103tor:<\/strong> Completeaz\u0103 formularul online cu datele companiei \u0219i gama de produse.<\/li><li><strong>Aprobarea contului:<\/strong> Echipa noastr\u0103 va analiza aplica\u021bia \u0219i va stabili un plan de comision personalizat \u00een func\u021bie de obiectivele tale comerciale.<\/li><li><strong>Public\u0103 produsele:<\/strong> \u00cencarc\u0103 produsele, configureaz\u0103 pre\u021burile \u0219i op\u021biunile de transport \u00een Europa \u0219i \u00eencepe s\u0103 vinzi direct c\u0103tre clien\u021bi verifica\u021bi.<\/li><\/ol>\t\t\t\t\t\t\t\t<\/div>\n\t\t\t\t<\/div>\n\t\t\t\t\t<\/div>\n\t\t\t\t<\/div>\n\t\t\t\t<\/div>\n\t\t","protected":false},"excerpt":{"rendered":"<p>DEVINO V\u00c2NZ\u0102TOR Vinde echipamente forestiere pe tot teritoriul Europei pe forestry-parts.eu Al\u0103tur\u0103-te platformei forestry-parts.eu, principala marketplace pentru echipamente forestiere din<\/p>\n","protected":false},"author":1,"featured_media":0,"parent":0,"menu_order":0,"comment_status":"closed","ping_status":"closed","template":"","meta":{"footnotes":""},"class_list":["post-29580","page","type-page","status-publish","hentry"],"_hostinger_reach_plugin_has_subscription_block":false,"_hostinger_reach_plugin_is_elementor":false,"_links":{"self":[{"href":"https:\/\/forestry-parts.eu\/ro\/wp-json\/wp\/v2\/pages\/29580","targetHints":{"allow":["GET"]}}],"collection":[{"href":"https:\/\/forestry-parts.eu\/ro\/wp-json\/wp\/v2\/pages"}],"about":[{"href":"https:\/\/forestry-parts.eu\/ro\/wp-json\/wp\/v2\/types\/page"}],"author":[{"embeddable":true,"href":"https:\/\/forestry-parts.eu\/ro\/wp-json\/wp\/v2\/users\/1"}],"replies":[{"embeddable":true,"href":"https:\/\/forestry-parts.eu\/ro\/wp-json\/wp\/v2\/comments?post=29580"}],"version-history":[{"count":4,"href":"https:\/\/forestry-parts.eu\/ro\/wp-json\/wp\/v2\/pages\/29580\/revisions"}],"predecessor-version":[{"id":29591,"href":"https:\/\/forestry-parts.eu\/ro\/wp-json\/wp\/v2\/pages\/29580\/revisions\/29591"}],"wp:attachment":[{"href":"https:\/\/forestry-parts.eu\/ro\/wp-json\/wp\/v2\/media?parent=29580"}],"curies":[{"name":"wp","href":"https:\/\/api.w.org\/{rel}","templated":true}]}}