{"id":29649,"date":"2025-10-18T16:44:07","date_gmt":"2025-10-18T16:44:07","guid":{"rendered":"https:\/\/forestry-parts.eu\/vendor-login\/"},"modified":"2025-10-21T18:03:28","modified_gmt":"2025-10-21T18:03:28","slug":"vendor-login","status":"publish","type":"page","link":"https:\/\/forestry-parts.eu\/ro\/vendor-login\/","title":{"rendered":"Autentificare marketplace"},"content":{"rendered":"\t\t<div data-elementor-type=\"wp-page\" data-elementor-id=\"29649\" class=\"elementor elementor-29649 elementor-29424\">\n\t\t\t\t<div class=\"wd-negative-gap elementor-element elementor-element-aa045e8 e-flex e-con-boxed e-con e-parent\" data-id=\"aa045e8\" data-element_type=\"container\" data-e-type=\"container\">\n\t\t\t\t\t<div class=\"e-con-inner\">\n\t\t<div class=\"elementor-element elementor-element-c0e14de e-con-full e-flex e-con e-child\" data-id=\"c0e14de\" data-element_type=\"container\" data-e-type=\"container\" data-settings=\"{&quot;background_background&quot;:&quot;classic&quot;}\">\n\t\t\t\t<div class=\"elementor-element elementor-element-20ed931 wd-width-100 elementor-widget elementor-widget-wd_title\" data-id=\"20ed931\" data-element_type=\"widget\" data-e-type=\"widget\" data-widget_type=\"wd_title.default\">\n\t\t\t\t<div class=\"elementor-widget-container\">\n\t\t\t\t\t\t\t<div class=\"title-wrapper wd-set-mb reset-last-child wd-title-color-white wd-title-style-default wd-title-size-default text-left\">\n\n\t\t\t\t\t\t\t\t\t\t\t<div class=\"title-subtitle subtitle-color-white subtitle-style-default wd-fontsize-xs\">\n\t\t\t\t\t\ud83d\udcb3\t\t\t\t<\/div>\n\t\t\t\n\t\t\t<div class=\"liner-continer\">\n\t\t\t\t<h4 class=\"woodmart-title-container title wd-fontsize-l wd-underline-colored\">Vrei s\u0103 vinzi pe Forestry Parts?<\/h4> \n\t\t\t\t\t\t\t<\/div>\n\n\t\t\t\t\t<\/div>\n\t\t\t\t\t\t<\/div>\n\t\t\t\t<\/div>\n\t\t\t\t<div class=\"elementor-element elementor-element-5701a36 elementor-widget elementor-widget-wd_text_block\" data-id=\"5701a36\" data-element_type=\"widget\" data-e-type=\"widget\" data-widget_type=\"wd_text_block.default\">\n\t\t\t\t<div class=\"elementor-widget-container\">\n\t\t\t\t\t\t\t<div class=\"wd-text-block reset-last-child text-left color-scheme-light\">\n\t\t\t\n\t\t\t<p>Al\u0103tur\u0103-te Forestry Parts, marketplace-ul lider de echipamente forestiere care conecteaz\u0103 furnizori, produc\u0103tori \u0219i distribuitori verifica\u021bi cu cump\u0103r\u0103tori profesioni\u0219ti din \u00eentreaga lume.<\/p>\n\t\t\t\t\t<\/div>\n\t\t\t\t\t\t<\/div>\n\t\t\t\t<\/div>\n\t\t\t\t<div class=\"elementor-element elementor-element-ad68c9b elementor-widget__width-auto elementor-widget elementor-widget-wd_button\" data-id=\"ad68c9b\" data-element_type=\"widget\" data-e-type=\"widget\" data-widget_type=\"wd_button.default\">\n\t\t\t\t<div class=\"elementor-widget-container\">\n\t\t\t\t\t\t\t<div class=\"wd-button-wrapper text-left\" >\n\t\t\t<a class=\"btn btn-style-default btn-shape-rectangle btn-size-default btn-color-white btn-icon-pos-right\"  href=\"\/become-a-vendor\/\">\n\t\t\t\t<span class=\"wd-btn-text\" data-elementor-setting-key=\"text\">\n\t\t\t\t\t\u00ceNREGISTRA\u021aI-V\u0102 ACUM\t\t\t\t<\/span>\n\n\t\t\t\t\t\t\t<\/a>\n\t\t<\/div>\n\t\t\t\t\t\t<\/div>\n\t\t\t\t<\/div>\n\t\t\t\t<\/div>\n\t\t<div class=\"elementor-element elementor-element-cb2da37 e-con-full e-flex e-con e-child\" data-id=\"cb2da37\" data-element_type=\"container\" data-e-type=\"container\" data-settings=\"{&quot;background_background&quot;:&quot;classic&quot;}\">\n\t\t\t\t<div class=\"elementor-element elementor-element-38fe48b wd-width-100 elementor-widget elementor-widget-wd_title\" data-id=\"38fe48b\" data-element_type=\"widget\" data-e-type=\"widget\" data-widget_type=\"wd_title.default\">\n\t\t\t\t<div class=\"elementor-widget-container\">\n\t\t\t\t\t\t\t<div class=\"title-wrapper wd-set-mb reset-last-child wd-title-color-default wd-title-style-default wd-title-size-default text-left\">\n\n\t\t\t\t\t\t\t\t\t\t\t<div class=\"title-subtitle subtitle-color-default subtitle-style-default wd-fontsize-xs\">\n\t\t\t\t\t\ud83d\uddc2\ufe0f\t\t\t\t<\/div>\n\t\t\t\n\t\t\t<div class=\"liner-continer\">\n\t\t\t\t<h4 class=\"woodmart-title-container title wd-fontsize-l wd-underline-colored\">Conecteaz\u0103-te la contul t\u0103u de furnizor!<\/h4> \n\t\t\t\t\t\t\t<\/div>\n\n\t\t\t\t\t<\/div>\n\t\t\t\t\t\t<\/div>\n\t\t\t\t<\/div>\n\t\t\t\t<div class=\"elementor-element elementor-element-77049fb elementor-widget__width-auto elementor-widget elementor-widget-wd_button\" data-id=\"77049fb\" data-element_type=\"widget\" data-e-type=\"widget\" data-widget_type=\"wd_button.default\">\n\t\t\t\t<div class=\"elementor-widget-container\">\n\t\t\t\t\t\t\t<div class=\"wd-button-wrapper text-left\" >\n\t\t\t<a class=\"btn btn-style-default btn-shape-rectangle btn-size-default btn-color-primary btn-icon-pos-right\"  href=\"\/vendor-dashboard\/\">\n\t\t\t\t<span class=\"wd-btn-text\" data-elementor-setting-key=\"text\">\n\t\t\t\t\tDASHBOARDUL MARKETPLACE\t\t\t\t<\/span>\n\n\t\t\t\t\t\t\t<\/a>\n\t\t<\/div>\n\t\t\t\t\t\t<\/div>\n\t\t\t\t<\/div>\n\t\t\t\t<\/div>\n\t\t\t\t\t<\/div>\n\t\t\t\t<\/div>\n\t\t\t\t<\/div>\n\t\t","protected":false},"excerpt":{"rendered":"<p>\ud83d\udcb3 Vrei s\u0103 vinzi pe Forestry Parts? Al\u0103tur\u0103-te Forestry Parts, marketplace-ul lider de echipamente forestiere care conecteaz\u0103 furnizori, produc\u0103tori \u0219i<\/p>\n","protected":false},"author":1,"featured_media":0,"parent":0,"menu_order":0,"comment_status":"closed","ping_status":"closed","template":"","meta":{"footnotes":""},"class_list":["post-29649","page","type-page","status-publish","hentry"],"_hostinger_reach_plugin_has_subscription_block":false,"_hostinger_reach_plugin_is_elementor":false,"_links":{"self":[{"href":"https:\/\/forestry-parts.eu\/ro\/wp-json\/wp\/v2\/pages\/29649","targetHints":{"allow":["GET"]}}],"collection":[{"href":"https:\/\/forestry-parts.eu\/ro\/wp-json\/wp\/v2\/pages"}],"about":[{"href":"https:\/\/forestry-parts.eu\/ro\/wp-json\/wp\/v2\/types\/page"}],"author":[{"embeddable":true,"href":"https:\/\/forestry-parts.eu\/ro\/wp-json\/wp\/v2\/users\/1"}],"replies":[{"embeddable":true,"href":"https:\/\/forestry-parts.eu\/ro\/wp-json\/wp\/v2\/comments?post=29649"}],"version-history":[{"count":5,"href":"https:\/\/forestry-parts.eu\/ro\/wp-json\/wp\/v2\/pages\/29649\/revisions"}],"predecessor-version":[{"id":29777,"href":"https:\/\/forestry-parts.eu\/ro\/wp-json\/wp\/v2\/pages\/29649\/revisions\/29777"}],"wp:attachment":[{"href":"https:\/\/forestry-parts.eu\/ro\/wp-json\/wp\/v2\/media?parent=29649"}],"curies":[{"name":"wp","href":"https:\/\/api.w.org\/{rel}","templated":true}]}}