{"id":29685,"date":"2025-10-09T06:19:29","date_gmt":"2025-10-09T06:19:29","guid":{"rendered":"https:\/\/forestry-parts.eu\/cookie-policy\/"},"modified":"2025-10-21T18:03:58","modified_gmt":"2025-10-21T18:03:58","slug":"cookie-policy","status":"publish","type":"page","link":"https:\/\/forestry-parts.eu\/ro\/cookie-policy\/","title":{"rendered":"Politica privind cookie-urile"},"content":{"rendered":"\t\t<div data-elementor-type=\"wp-page\" data-elementor-id=\"29685\" class=\"elementor elementor-29685 elementor-29256\">\n\t\t\t\t<div class=\"elementor-element elementor-element-ebe2bb2 e-flex e-con-boxed e-con e-parent\" data-id=\"ebe2bb2\" data-element_type=\"container\" data-e-type=\"container\">\n\t\t\t\t\t<div class=\"e-con-inner\">\n\t\t\t\t<div class=\"elementor-element elementor-element-0caaac3 color-scheme-inherit text-left elementor-widget elementor-widget-text-editor\" data-id=\"0caaac3\" data-element_type=\"widget\" data-e-type=\"widget\" data-widget_type=\"text-editor.default\">\n\t\t\t\t\t\t\t\t\t<p><em>Ultima actualizare: <strong data-start=\"58\" data-end=\"72\">10.09.2025<\/strong><\/em><\/p><h2 data-start=\"79\" data-end=\"113\">1. <strong data-start=\"86\" data-end=\"111\">Ce sunt cookie-urile?<\/strong><\/h2><p data-start=\"114\" data-end=\"270\">Cookie-urile sunt fi\u0219iere mici stocate pe dispozitivul t\u0103u pentru a \u00eembun\u0103t\u0103\u021bi func\u021bionalitatea, performan\u021ba \u0219i personalizarea experien\u021bei tale de navigare.<\/p><hr data-start=\"272\" data-end=\"275\" \/><h2 data-start=\"277\" data-end=\"314\">\u00a0<\/h2><h2 data-start=\"277\" data-end=\"314\">2. <strong data-start=\"284\" data-end=\"312\">Cum folosim cookie-urile<\/strong><\/h2><p data-start=\"315\" data-end=\"345\">Folosim cookie-uri pentru a:<\/p><ul data-start=\"346\" data-end=\"543\"><li data-start=\"346\" data-end=\"444\"><p data-start=\"348\" data-end=\"444\">Activa func\u021biile esen\u021biale ale site-ului (autentificare, co\u0219 de cump\u0103r\u0103turi, panou de control)<\/p><\/li><li data-start=\"445\" data-end=\"497\"><p data-start=\"447\" data-end=\"497\">Analiza comportamentul vizitatorilor \u0219i traficul<\/p><\/li><li data-start=\"498\" data-end=\"543\"><p data-start=\"500\" data-end=\"543\">Personaliza limba, moneda \u0219i preferin\u021bele<\/p><\/li><\/ul><hr data-start=\"545\" data-end=\"548\" \/><h2 data-start=\"550\" data-end=\"588\">\u00a0<\/h2><h2 data-start=\"550\" data-end=\"588\">3. <strong data-start=\"557\" data-end=\"586\">Gestionarea cookie-urilor<\/strong><\/h2><p data-start=\"589\" data-end=\"734\">Po\u021bi dezactiva sau gestiona cookie-urile din set\u0103rile browserului t\u0103u.<br data-start=\"659\" data-end=\"662\" \/>Totu\u0219i, unele func\u021bionalit\u0103\u021bi pot s\u0103 nu func\u021bioneze corect f\u0103r\u0103 acestea.<\/p><hr data-start=\"736\" data-end=\"739\" \/><h2 data-start=\"741\" data-end=\"777\">\u00a0<\/h2><h2 data-start=\"741\" data-end=\"777\">4. <strong data-start=\"748\" data-end=\"775\">Cookie-uri ale ter\u021bilor<\/strong><\/h2><p data-start=\"778\" data-end=\"967\" data-is-last-node=\"\" data-is-only-node=\"\">Instrumente de analiz\u0103 precum <strong data-start=\"808\" data-end=\"828\">Google Analytics<\/strong> pot seta cookie-uri pentru a colecta date anonime.<br data-start=\"879\" data-end=\"882\" \/>Ace\u0219ti ter\u021bi opereaz\u0103 \u00een conformitate cu propriile lor politici de confiden\u021bialitate.<\/p>\t\t\t\t\t\t\t\t<\/div>\n\t\t\t\t\t<\/div>\n\t\t\t\t<\/div>\n\t\t\t\t<\/div>\n\t\t","protected":false},"excerpt":{"rendered":"<p>Ultima actualizare: 10.09.2025 1. Ce sunt cookie-urile? Cookie-urile sunt fi\u0219iere mici stocate pe dispozitivul t\u0103u pentru a \u00eembun\u0103t\u0103\u021bi func\u021bionalitatea, performan\u021ba<\/p>\n","protected":false},"author":1,"featured_media":0,"parent":0,"menu_order":0,"comment_status":"closed","ping_status":"closed","template":"","meta":{"footnotes":""},"class_list":["post-29685","page","type-page","status-publish","hentry"],"_hostinger_reach_plugin_has_subscription_block":false,"_hostinger_reach_plugin_is_elementor":false,"_links":{"self":[{"href":"https:\/\/forestry-parts.eu\/ro\/wp-json\/wp\/v2\/pages\/29685","targetHints":{"allow":["GET"]}}],"collection":[{"href":"https:\/\/forestry-parts.eu\/ro\/wp-json\/wp\/v2\/pages"}],"about":[{"href":"https:\/\/forestry-parts.eu\/ro\/wp-json\/wp\/v2\/types\/page"}],"author":[{"embeddable":true,"href":"https:\/\/forestry-parts.eu\/ro\/wp-json\/wp\/v2\/users\/1"}],"replies":[{"embeddable":true,"href":"https:\/\/forestry-parts.eu\/ro\/wp-json\/wp\/v2\/comments?post=29685"}],"version-history":[{"count":4,"href":"https:\/\/forestry-parts.eu\/ro\/wp-json\/wp\/v2\/pages\/29685\/revisions"}],"predecessor-version":[{"id":29694,"href":"https:\/\/forestry-parts.eu\/ro\/wp-json\/wp\/v2\/pages\/29685\/revisions\/29694"}],"wp:attachment":[{"href":"https:\/\/forestry-parts.eu\/ro\/wp-json\/wp\/v2\/media?parent=29685"}],"curies":[{"name":"wp","href":"https:\/\/api.w.org\/{rel}","templated":true}]}}