{"id":29708,"date":"2025-10-09T06:16:41","date_gmt":"2025-10-09T06:16:41","guid":{"rendered":"https:\/\/forestry-parts.eu\/privacy-policy-2\/"},"modified":"2025-10-21T18:03:49","modified_gmt":"2025-10-21T18:03:49","slug":"privacy-policy-2","status":"publish","type":"page","link":"https:\/\/forestry-parts.eu\/ro\/privacy-policy-2\/","title":{"rendered":"Politica de confiden\u021bialitate"},"content":{"rendered":"\t\t<div data-elementor-type=\"wp-page\" data-elementor-id=\"29708\" class=\"elementor elementor-29708 elementor-29251\">\n\t\t\t\t<div class=\"elementor-element elementor-element-daea2ce e-flex e-con-boxed e-con e-parent\" data-id=\"daea2ce\" data-element_type=\"container\" data-e-type=\"container\">\n\t\t\t\t\t<div class=\"e-con-inner\">\n\t\t\t\t<div class=\"elementor-element elementor-element-fe25d89 color-scheme-inherit text-left elementor-widget elementor-widget-text-editor\" data-id=\"fe25d89\" data-element_type=\"widget\" data-e-type=\"widget\" data-widget_type=\"text-editor.default\">\n\t\t\t\t\t\t\t\t\t<p data-start=\"1915\" data-end=\"1949\"><em><strong data-start=\"1915\" data-end=\"1949\">Ultima actualizare: 10.09.2025<\/strong><\/em><\/p><h2 data-start=\"1951\" data-end=\"1975\">1. <strong data-start=\"1958\" data-end=\"1973\">Introducere<\/strong><\/h2><p data-start=\"1976\" data-end=\"2204\">Confiden\u021bialitatea ta este important\u0103 pentru noi. Aceast\u0103 politic\u0103 explic\u0103 modul \u00een care <strong data-start=\"2065\" data-end=\"2086\">forestry-parts.eu<\/strong> colecteaz\u0103, utilizeaz\u0103 \u0219i protejeaz\u0103 informa\u021biile tale personale atunci c\u00e2nd folose\u0219ti site-ul \u0219i serviciile noastre.<\/p><h2 data-start=\"2206\" data-end=\"2251\">2. <strong data-start=\"2213\" data-end=\"2249\">Informa\u021biile pe care le colect\u0103m<\/strong><\/h2><p data-start=\"2252\" data-end=\"2268\">Putem colecta:<\/p><ul data-start=\"2269\" data-end=\"2484\"><li data-start=\"2269\" data-end=\"2332\"><p data-start=\"2271\" data-end=\"2332\"><strong data-start=\"2271\" data-end=\"2288\">Date de cont:<\/strong> nume, companie, date de contact \u0219i adres\u0103<\/p><\/li><li data-start=\"2333\" data-end=\"2397\"><p data-start=\"2335\" data-end=\"2397\"><strong data-start=\"2335\" data-end=\"2358\">Date de tranzac\u021bie:<\/strong> comenzi, pl\u0103\u021bi \u0219i detalii de livrare<\/p><\/li><li data-start=\"2398\" data-end=\"2484\"><p data-start=\"2400\" data-end=\"2484\"><strong data-start=\"2400\" data-end=\"2417\">Date tehnice:<\/strong> adres\u0103 IP, tipul browserului \u0219i identificatori ai dispozitivului<\/p><\/li><\/ul><h2 data-start=\"2486\" data-end=\"2528\">3. <strong data-start=\"2493\" data-end=\"2526\">Cum folosim informa\u021biile tale<\/strong><\/h2><p data-start=\"2529\" data-end=\"2565\">Folosim datele colectate pentru a:<\/p><ul data-start=\"2566\" data-end=\"2775\"><li data-start=\"2566\" data-end=\"2614\"><p data-start=\"2568\" data-end=\"2614\">Procesa tranzac\u021biile \u0219i a gestiona conturile<\/p><\/li><li data-start=\"2615\" data-end=\"2670\"><p data-start=\"2617\" data-end=\"2670\">Facilita comunicarea \u00eentre cump\u0103r\u0103tori \u0219i v\u00e2nz\u0103tori<\/p><\/li><li data-start=\"2671\" data-end=\"2724\"><p data-start=\"2673\" data-end=\"2724\">\u00cembun\u0103t\u0103\u021bi platforma \u0219i experien\u021ba utilizatorului<\/p><\/li><li data-start=\"2725\" data-end=\"2775\"><p data-start=\"2727\" data-end=\"2775\">Respecta obliga\u021biile legale \u0219i de reglementare<\/p><\/li><\/ul><h2 data-start=\"2777\" data-end=\"2808\">4. <strong data-start=\"2784\" data-end=\"2806\">Partajarea datelor<\/strong><\/h2><p data-start=\"2809\" data-end=\"2879\">Partaj\u0103m date limitate cu furnizori de servicii de \u00eencredere pentru:<\/p><ul data-start=\"2880\" data-end=\"3014\"><li data-start=\"2880\" data-end=\"2902\"><p data-start=\"2882\" data-end=\"2902\">Pl\u0103\u021bi \u0219i logistic\u0103<\/p><\/li><li data-start=\"2903\" data-end=\"2944\"><p data-start=\"2905\" data-end=\"2944\">Analiz\u0103 \u0219i monitorizarea performan\u021bei<\/p><\/li><li data-start=\"2945\" data-end=\"3014\"><p data-start=\"2947\" data-end=\"3014\">Comunicare cu clien\u021bii<br data-start=\"2969\" data-end=\"2972\" \/>Nu vindem niciodat\u0103 datele tale personale.<\/p><\/li><\/ul><h2 data-start=\"3016\" data-end=\"3061\">5. <strong data-start=\"3023\" data-end=\"3059\">P\u0103strarea \u0219i securitatea datelor<\/strong><\/h2><p data-start=\"3062\" data-end=\"3263\">Datele tale sunt stocate \u00een siguran\u021b\u0103 \u0219i p\u0103strate doar c\u00e2t este necesar \u00een scopuri legale sau opera\u021bionale.<br data-start=\"3169\" data-end=\"3172\" \/>Folosim criptare, controale de acces \u0219i audituri regulate pentru a-\u021bi proteja informa\u021biile.<\/p><h2 data-start=\"3265\" data-end=\"3293\">6. <strong data-start=\"3272\" data-end=\"3291\">Drepturile tale<\/strong><\/h2><p data-start=\"3294\" data-end=\"3421\">Po\u021bi solicita accesul, actualizarea sau \u0219tergerea informa\u021biilor tale personale contact\u00e2nd:<br data-start=\"3384\" data-end=\"3387\" \/>\ud83d\udce9 <strong data-start=\"3390\" data-end=\"3421\">[<a class=\"decorated-link cursor-pointer\" rel=\"noopener\">contact@forestry-parts.eu<\/a>]<\/strong><\/p>\t\t\t\t\t\t\t\t<\/div>\n\t\t\t\t\t<\/div>\n\t\t\t\t<\/div>\n\t\t\t\t<\/div>\n\t\t","protected":false},"excerpt":{"rendered":"<p>Ultima actualizare: 10.09.2025 1. Introducere Confiden\u021bialitatea ta este important\u0103 pentru noi. Aceast\u0103 politic\u0103 explic\u0103 modul \u00een care forestry-parts.eu colecteaz\u0103, utilizeaz\u0103<\/p>\n","protected":false},"author":1,"featured_media":0,"parent":0,"menu_order":0,"comment_status":"closed","ping_status":"closed","template":"","meta":{"footnotes":""},"class_list":["post-29708","page","type-page","status-publish","hentry"],"_hostinger_reach_plugin_has_subscription_block":false,"_hostinger_reach_plugin_is_elementor":false,"_links":{"self":[{"href":"https:\/\/forestry-parts.eu\/ro\/wp-json\/wp\/v2\/pages\/29708","targetHints":{"allow":["GET"]}}],"collection":[{"href":"https:\/\/forestry-parts.eu\/ro\/wp-json\/wp\/v2\/pages"}],"about":[{"href":"https:\/\/forestry-parts.eu\/ro\/wp-json\/wp\/v2\/types\/page"}],"author":[{"embeddable":true,"href":"https:\/\/forestry-parts.eu\/ro\/wp-json\/wp\/v2\/users\/1"}],"replies":[{"embeddable":true,"href":"https:\/\/forestry-parts.eu\/ro\/wp-json\/wp\/v2\/comments?post=29708"}],"version-history":[{"count":4,"href":"https:\/\/forestry-parts.eu\/ro\/wp-json\/wp\/v2\/pages\/29708\/revisions"}],"predecessor-version":[{"id":29717,"href":"https:\/\/forestry-parts.eu\/ro\/wp-json\/wp\/v2\/pages\/29708\/revisions\/29717"}],"wp:attachment":[{"href":"https:\/\/forestry-parts.eu\/ro\/wp-json\/wp\/v2\/media?parent=29708"}],"curies":[{"name":"wp","href":"https:\/\/api.w.org\/{rel}","templated":true}]}}