{"id":29754,"date":"2025-10-09T06:12:36","date_gmt":"2025-10-09T06:12:36","guid":{"rendered":"https:\/\/forestry-parts.eu\/terms-conditions\/"},"modified":"2025-10-21T18:10:56","modified_gmt":"2025-10-21T18:10:56","slug":"terms-conditions","status":"publish","type":"page","link":"https:\/\/forestry-parts.eu\/ro\/terms-conditions\/","title":{"rendered":"Termeni \u0219i Condi\u021bii"},"content":{"rendered":"\t\t<div data-elementor-type=\"wp-page\" data-elementor-id=\"29754\" class=\"elementor elementor-29754 elementor-29246\">\n\t\t\t\t<div class=\"elementor-element elementor-element-d18fb26 e-flex e-con-boxed e-con e-parent\" data-id=\"d18fb26\" data-element_type=\"container\" data-e-type=\"container\">\n\t\t\t\t\t<div class=\"e-con-inner\">\n\t\t\t\t<div class=\"elementor-element elementor-element-f4d89b1 color-scheme-inherit text-left elementor-widget elementor-widget-text-editor\" data-id=\"f4d89b1\" data-element_type=\"widget\" data-e-type=\"widget\" data-widget_type=\"text-editor.default\">\n\t\t\t\t\t\t\t\t\t<h2 data-start=\"2772\" data-end=\"2796\">1. <strong data-start=\"2779\" data-end=\"2794\">Introducere<\/strong><\/h2><p data-start=\"2797\" data-end=\"3085\">Bine a\u021bi venit pe <strong data-start=\"2815\" data-end=\"2836\">forestry-parts.eu<\/strong> (\u201enoi\u201d, \u201eal nostru\u201d sau \u201ePlatforma\u201d). Acces\u00e2nd site-ul nostru \u0219i folosind serviciile marketplace, sunte\u021bi de acord s\u0103 respecta\u021bi \u0219i s\u0103 fi\u021bi legat de ace\u0219ti Termeni \u0219i Condi\u021bii.<br data-start=\"3013\" data-end=\"3016\" \/>Dac\u0103 nu sunte\u021bi de acord, v\u0103 rug\u0103m s\u0103 nu utiliza\u021bi platforma noastr\u0103.<\/p><h2 data-start=\"3087\" data-end=\"3128\">2. <strong data-start=\"3094\" data-end=\"3126\">Despre marketplace-ul nostru<\/strong><\/h2><p data-start=\"3129\" data-end=\"3472\"><strong data-start=\"2815\" data-end=\"2836\">Forestry-parts.eu<\/strong> func\u021bioneaz\u0103 ca un marketplace online global, conect\u00e2nd furnizorii, produc\u0103torii \u0219i v\u00e2nz\u0103torii de echipamente forestiere at\u00e2t cu companii, c\u00e2t \u0219i cu cump\u0103r\u0103tori individuali.<br data-start=\"3337\" data-end=\"3340\" \/>Facilit\u0103m listarea, promovarea \u0219i procesul de tranzac\u021bie, dar nu de\u021binem, producem sau vindem direct produsele oferite de v\u00e2nz\u0103tori.<\/p><h2 data-start=\"3474\" data-end=\"3536\">3. <strong data-start=\"3481\" data-end=\"3534\">Responsabilit\u0103\u021bile v\u00e2nz\u0103torilor \u0219i cump\u0103r\u0103torilor<\/strong><\/h2><p data-start=\"3538\" data-end=\"3622\"><strong data-start=\"3538\" data-end=\"3551\">V\u00e2nz\u0103tori<\/strong><br data-start=\"3551\" data-end=\"3554\" \/>Fiecare v\u00e2nz\u0103tor este o entitate independent\u0103 responsabil\u0103 pentru:<\/p><ul data-start=\"3623\" data-end=\"3895\"><li data-start=\"3623\" data-end=\"3693\"><p data-start=\"3625\" data-end=\"3693\">Furnizarea de descrieri, pre\u021buri \u0219i imagini corecte ale produselor<\/p><\/li><li data-start=\"3694\" data-end=\"3746\"><p data-start=\"3696\" data-end=\"3746\">Gestionarea stocurilor, comenzilor \u0219i livr\u0103rilor<\/p><\/li><li data-start=\"3747\" data-end=\"3806\"><p data-start=\"3749\" data-end=\"3806\">Stabilirea termenilor de livrare \u0219i estim\u0103rilor de timp<\/p><\/li><li data-start=\"3807\" data-end=\"3895\"><p data-start=\"3809\" data-end=\"3895\">Respectarea tuturor reglement\u0103rilor comerciale, de siguran\u021b\u0103 \u0219i de export aplicabile<\/p><\/li><\/ul><p data-start=\"3897\" data-end=\"4104\"><strong data-start=\"3897\" data-end=\"3912\">Cump\u0103r\u0103tori<\/strong><br data-start=\"3912\" data-end=\"3915\" \/>Cump\u0103r\u0103torii sunt responsabili s\u0103 verifice specifica\u021biile produselor, s\u0103 revizuiasc\u0103 informa\u021biile v\u00e2nz\u0103torului \u0219i s\u0103 se asigure c\u0103 respect\u0103 legisla\u021bia local\u0103 de import \u00eenainte de a cump\u0103ra.<\/p><h2 data-start=\"4106\" data-end=\"4132\">4. <strong data-start=\"4113\" data-end=\"4130\">Pl\u0103\u021bi \u0219i taxe<\/strong><\/h2><p data-start=\"4133\" data-end=\"4475\">Tranzac\u021biile sunt procesate \u00een siguran\u021b\u0103 prin partenerii no\u0219tri de plat\u0103. V\u00e2nz\u0103torii sunt de acord cu taxele de serviciu \u0219i comision aplicabile, care pot varia \u00een func\u021bie de volumul v\u00e2nz\u0103rilor sau aranjamentele personalizate.<br data-start=\"4358\" data-end=\"4361\" \/>Termenele de plat\u0103, metodele de plat\u0103 \u0219i op\u021biunile de valut\u0103 sunt definite \u00een set\u0103rile contului fiec\u0103rui v\u00e2nz\u0103tor.<\/p><h2 data-start=\"4477\" data-end=\"4514\">5. <strong data-start=\"4484\" data-end=\"4512\">Proprietate intelectual\u0103<\/strong><\/h2><p data-start=\"4515\" data-end=\"4761\">Tot con\u021binutul site-ului (logo-uri, design, texte \u0219i grafice) apar\u021bine <strong data-start=\"4586\" data-end=\"4607\">forestry-parts.eu<\/strong> sau licen\u021biatorilor s\u0103i. V\u00e2nz\u0103torii p\u0103streaz\u0103 proprietatea list\u0103rilor lor de produse, dar acord\u0103 platformei o licen\u021b\u0103 de afi\u0219are \u0219i promovare a acestora.<\/p><h2 data-start=\"4763\" data-end=\"4797\">6. <strong data-start=\"4770\" data-end=\"4795\">Limitarea r\u0103spunderii<\/strong><\/h2><p data-start=\"4798\" data-end=\"4913\">De\u0219i ne str\u0103duim s\u0103 asigur\u0103m o experien\u021b\u0103 de utilizare fiabil\u0103, <strong data-start=\"4862\" data-end=\"4883\">forestry-parts.eu<\/strong> nu este responsabil pentru:<\/p><ul data-start=\"4914\" data-end=\"5099\"><li data-start=\"4914\" data-end=\"4971\"><p data-start=\"4916\" data-end=\"4971\">Erori \u00een informa\u021biile despre produse ale v\u00e2nz\u0103torilor<\/p><\/li><li data-start=\"4972\" data-end=\"5020\"><p data-start=\"4974\" data-end=\"5020\">\u00cent\u00e2rzieri \u00een livrare sau daune la transport<\/p><\/li><li data-start=\"5021\" data-end=\"5099\"><p data-start=\"5023\" data-end=\"5099\">Pierderi rezultate din prestatori de servicii de plat\u0103 sau logistic\u0103 ter\u021bi<\/p><\/li><\/ul><p data-start=\"5101\" data-end=\"5199\">Nu suntem r\u0103spunz\u0103tori pentru daune indirecte sau consecutive rezultate din utilizarea platformei.<\/p>\t\t\t\t\t\t\t\t<\/div>\n\t\t\t\t\t<\/div>\n\t\t\t\t<\/div>\n\t\t\t\t<\/div>\n\t\t","protected":false},"excerpt":{"rendered":"<p>1. Introducere Bine a\u021bi venit pe forestry-parts.eu (\u201enoi\u201d, \u201eal nostru\u201d sau \u201ePlatforma\u201d). Acces\u00e2nd site-ul nostru \u0219i folosind serviciile marketplace, sunte\u021bi<\/p>\n","protected":false},"author":1,"featured_media":0,"parent":0,"menu_order":0,"comment_status":"closed","ping_status":"closed","template":"","meta":{"footnotes":""},"class_list":["post-29754","page","type-page","status-publish","hentry"],"_hostinger_reach_plugin_has_subscription_block":false,"_hostinger_reach_plugin_is_elementor":false,"_links":{"self":[{"href":"https:\/\/forestry-parts.eu\/ro\/wp-json\/wp\/v2\/pages\/29754","targetHints":{"allow":["GET"]}}],"collection":[{"href":"https:\/\/forestry-parts.eu\/ro\/wp-json\/wp\/v2\/pages"}],"about":[{"href":"https:\/\/forestry-parts.eu\/ro\/wp-json\/wp\/v2\/types\/page"}],"author":[{"embeddable":true,"href":"https:\/\/forestry-parts.eu\/ro\/wp-json\/wp\/v2\/users\/1"}],"replies":[{"embeddable":true,"href":"https:\/\/forestry-parts.eu\/ro\/wp-json\/wp\/v2\/comments?post=29754"}],"version-history":[{"count":4,"href":"https:\/\/forestry-parts.eu\/ro\/wp-json\/wp\/v2\/pages\/29754\/revisions"}],"predecessor-version":[{"id":29763,"href":"https:\/\/forestry-parts.eu\/ro\/wp-json\/wp\/v2\/pages\/29754\/revisions\/29763"}],"wp:attachment":[{"href":"https:\/\/forestry-parts.eu\/ro\/wp-json\/wp\/v2\/media?parent=29754"}],"curies":[{"name":"wp","href":"https:\/\/api.w.org\/{rel}","templated":true}]}}